{"id":1186,"date":"2023-07-31T09:51:43","date_gmt":"2023-07-31T09:51:43","guid":{"rendered":"https:\/\/www.safereporting.eu\/safe-utrecht\/"},"modified":"2024-02-13T10:09:56","modified_gmt":"2024-02-13T10:09:56","slug":"safe-utrecht","status":"publish","type":"page","link":"https:\/\/www.safereporting.eu\/it\/safe-utrecht\/","title":{"rendered":"Utrecht"},"content":{"rendered":"\t\t<div data-elementor-type=\"wp-page\" data-elementor-id=\"1186\" class=\"elementor elementor-1186 elementor-428\">\n\t\t\t\t<div class=\"elementor-element elementor-element-35cfbbe e-flex e-con-boxed e-con e-parent\" data-id=\"35cfbbe\" data-element_type=\"container\" data-settings=\"{&quot;background_background&quot;:&quot;classic&quot;,&quot;content_width&quot;:&quot;boxed&quot;}\" data-core-v316-plus=\"true\">\n\t\t\t\t\t<div class=\"e-con-inner\">\n\t\t<div class=\"elementor-element elementor-element-4182fca e-con-full e-flex e-con e-child\" data-id=\"4182fca\" data-element_type=\"container\" data-settings=\"{&quot;content_width&quot;:&quot;full&quot;}\">\n\t\t\t\t<div class=\"elementor-element elementor-element-7b51e61 elementor-widget elementor-widget-heading\" data-id=\"7b51e61\" data-element_type=\"widget\" data-widget_type=\"heading.default\">\n\t\t\t\t<div class=\"elementor-widget-container\">\n\t\t\t<style>\/*! elementor - v3.19.0 - 07-02-2024 *\/\n.elementor-heading-title{padding:0;margin:0;line-height:1}.elementor-widget-heading .elementor-heading-title[class*=elementor-size-]>a{color:inherit;font-size:inherit;line-height:inherit}.elementor-widget-heading .elementor-heading-title.elementor-size-small{font-size:15px}.elementor-widget-heading .elementor-heading-title.elementor-size-medium{font-size:19px}.elementor-widget-heading .elementor-heading-title.elementor-size-large{font-size:29px}.elementor-widget-heading .elementor-heading-title.elementor-size-xl{font-size:39px}.elementor-widget-heading .elementor-heading-title.elementor-size-xxl{font-size:59px}<\/style><h1 class=\"elementor-heading-title elementor-size-default\">Progetto di segnalazione sicura in<\/h1>\t\t<\/div>\n\t\t\t\t<\/div>\n\t\t\t\t<div class=\"elementor-element elementor-element-839beb7 elementor-widget elementor-widget-heading\" data-id=\"839beb7\" data-element_type=\"widget\" data-widget_type=\"heading.default\">\n\t\t\t\t<div class=\"elementor-widget-container\">\n\t\t\t<h1 class=\"elementor-heading-title elementor-size-default\">Utrecht<\/h1>\t\t<\/div>\n\t\t\t\t<\/div>\n\t\t\t\t<\/div>\n\t\t\t\t\t<\/div>\n\t\t\t\t<\/div>\n\t\t<div class=\"elementor-element elementor-element-02e740b e-flex e-con-boxed e-con e-parent\" data-id=\"02e740b\" data-element_type=\"container\" data-settings=\"{&quot;content_width&quot;:&quot;boxed&quot;}\" data-core-v316-plus=\"true\">\n\t\t\t\t\t<div class=\"e-con-inner\">\n\t\t<div class=\"elementor-element elementor-element-06acc0c safe-content-page e-flex e-con-boxed e-con e-child\" data-id=\"06acc0c\" data-element_type=\"container\" data-settings=\"{&quot;content_width&quot;:&quot;boxed&quot;}\">\n\t\t\t\t\t<div class=\"e-con-inner\">\n\t\t<div class=\"elementor-element elementor-element-797c326 e-flex e-con-boxed e-con e-child\" data-id=\"797c326\" data-element_type=\"container\" data-settings=\"{&quot;content_width&quot;:&quot;boxed&quot;}\">\n\t\t\t\t\t<div class=\"e-con-inner\">\n\t\t\t\t<div class=\"elementor-element elementor-element-efcbd40 elementor-widget elementor-widget-heading\" data-id=\"efcbd40\" data-element_type=\"widget\" data-widget_type=\"heading.default\">\n\t\t\t\t<div class=\"elementor-widget-container\">\n\t\t\t<h2 class=\"elementor-heading-title elementor-size-default\">Contesto<\/h2>\t\t<\/div>\n\t\t\t\t<\/div>\n\t\t\t\t<div class=\"elementor-element elementor-element-c4dd2cf elementor-widget elementor-widget-text-editor\" data-id=\"c4dd2cf\" data-element_type=\"widget\" data-widget_type=\"text-editor.default\">\n\t\t\t\t<div class=\"elementor-widget-container\">\n\t\t\t<style>\/*! elementor - v3.19.0 - 07-02-2024 *\/\n.elementor-widget-text-editor.elementor-drop-cap-view-stacked .elementor-drop-cap{background-color:#69727d;color:#fff}.elementor-widget-text-editor.elementor-drop-cap-view-framed .elementor-drop-cap{color:#69727d;border:3px solid;background-color:transparent}.elementor-widget-text-editor:not(.elementor-drop-cap-view-default) .elementor-drop-cap{margin-top:8px}.elementor-widget-text-editor:not(.elementor-drop-cap-view-default) .elementor-drop-cap-letter{width:1em;height:1em}.elementor-widget-text-editor .elementor-drop-cap{float:left;text-align:center;line-height:1;font-size:50px}.elementor-widget-text-editor .elementor-drop-cap-letter{display:inline-block}<\/style>\t\t\t\t<p>La politica di denuncia sicura era inizialmente rivolta alle vittime della tratta di esseri umani, ma ora \u00e8 disponibile anche per denunciare reati come rapine, reati legati al lavoro, abusi o sfruttamento del lavoro, ecc. Tuttavia, l&#8217;esistenza di questa politica non \u00e8 molto conosciuta nei Paesi Bassi, nemmeno in citt\u00e0 come Utrecht e Amsterdam, dove \u00e8 stata effettivamente implementata. Da un lato, i migranti irregolari non conoscono le procedure o hanno semplicemente troppa paura di contattare la polizia. Dall&#8217;altro lato, gli agenti di polizia non la rispettano, o perch\u00e9 non ne sono a conoscenza o perch\u00e9 vedono le vittime come veri e propri criminali, il che rafforza la paura delle vittime di denunciare i reati subiti.<\/p>\n<p>Il progetto pilota &#8220;free in, free out&#8221; \u00e8 una pratica locale di successo. Garantisce ai migranti in condizione di migrazione irregolare la libert\u00e0 di recarsi alle stazioni di polizia per denunciare un reato e di lasciare la stazione senza essere arrestati o accusati. <\/p>\n\t\t\t\t\t\t<\/div>\n\t\t\t\t<\/div>\n\t\t\t\t<div class=\"elementor-element elementor-element-d0f3e3d elementor-widget elementor-widget-heading\" data-id=\"d0f3e3d\" data-element_type=\"widget\" data-widget_type=\"heading.default\">\n\t\t\t\t<div class=\"elementor-widget-container\">\n\t\t\t<h2 class=\"elementor-heading-title elementor-size-default\">Obiettivi<\/h2>\t\t<\/div>\n\t\t\t\t<\/div>\n\t\t\t\t<div class=\"elementor-element elementor-element-88c22ba elementor-widget elementor-widget-text-editor\" data-id=\"88c22ba\" data-element_type=\"widget\" data-widget_type=\"text-editor.default\">\n\t\t\t\t<div class=\"elementor-widget-container\">\n\t\t\t\t\t\t\t<p>Partecipando al progetto Safe Reporting, ci proponiamo di comprendere meglio l&#8217;attuazione delle politiche di denuncia sicura e i meccanismi sottostanti nei Paesi Bassi, con particolare attenzione a Utrecht. La ricerca sulle politiche di denuncia sicura in diverse citt\u00e0 del nostro paese, insieme alle conoscenze scientifiche disponibili su questo argomento nei Paesi Bassi, ci aiuter\u00e0 ad acquisire competenze e a costruire strumenti per migliorare la denuncia sicura dei reati per una comunit\u00e0 vulnerabile che fa parte della nostra citt\u00e0.<\/p>\n\t\t\t\t\t\t<\/div>\n\t\t\t\t<\/div>\n\t\t\t\t<div class=\"elementor-element elementor-element-452e0d1 elementor-widget elementor-widget-heading\" data-id=\"452e0d1\" data-element_type=\"widget\" data-widget_type=\"heading.default\">\n\t\t\t\t<div class=\"elementor-widget-container\">\n\t\t\t<h2 class=\"elementor-heading-title elementor-size-default\">Partner<\/h2>\t\t<\/div>\n\t\t\t\t<\/div>\n\t\t\t\t<div class=\"elementor-element elementor-element-130858c elementor-widget elementor-widget-text-editor\" data-id=\"130858c\" data-element_type=\"widget\" data-widget_type=\"text-editor.default\">\n\t\t\t\t<div class=\"elementor-widget-container\">\n\t\t\t\t\t\t\t<p>Polizia<br \/>Organizzazioni non governative<br \/>Istituzioni accademiche <br \/>Servizi sociali <br \/>Altri comuni come quello di Amsterdam<\/p>\n\t\t\t\t\t\t<\/div>\n\t\t\t\t<\/div>\n\t\t\t\t<div class=\"elementor-element elementor-element-6f48ddc elementor-widget elementor-widget-heading\" data-id=\"6f48ddc\" data-element_type=\"widget\" data-widget_type=\"heading.default\">\n\t\t\t\t<div class=\"elementor-widget-container\">\n\t\t\t<h2 class=\"elementor-heading-title elementor-size-default\">Tools<\/h2>\t\t<\/div>\n\t\t\t\t<\/div>\n\t\t\t\t<div class=\"elementor-element elementor-element-d162d59 resources elementor-widget elementor-widget-text-editor\" data-id=\"d162d59\" data-element_type=\"widget\" data-widget_type=\"text-editor.default\">\n\t\t\t\t<div class=\"elementor-widget-container\">\n\t\t\t\t\t\t\t<p>REPORT Country report about pioneering strategies on safe reporting of crime [<a href=\"https:\/\/www.safereporting.eu\/wp-content\/uploads\/2023\/11\/SR_Report_UTRECHT_EN.pdf\">English<\/a>] [<a href=\"https:\/\/www.safereporting.eu\/wp-content\/uploads\/2023\/11\/SR_Report_UTRECHT_NL.pdf\">Nederlands<\/a>]<\/p>\n\t\t\t\t\t\t<\/div>\n\t\t\t\t<\/div>\n\t\t\t\t<div class=\"elementor-element elementor-element-95059fd elementor-widget elementor-widget-heading\" data-id=\"95059fd\" data-element_type=\"widget\" data-widget_type=\"heading.default\">\n\t\t\t\t<div class=\"elementor-widget-container\">\n\t\t\t<h2 class=\"elementor-heading-title elementor-size-default\">Contatto<\/h2>\t\t<\/div>\n\t\t\t\t<\/div>\n\t\t\t\t<div class=\"elementor-element elementor-element-448e4ff elementor-widget elementor-widget-text-editor\" data-id=\"448e4ff\" data-element_type=\"widget\" data-widget_type=\"text-editor.default\">\n\t\t\t\t<div class=\"elementor-widget-container\">\n\t\t\t\t\t\t\t<p>kelly.bezema@utrecht.nl<\/p>\n\t\t\t\t\t\t<\/div>\n\t\t\t\t<\/div>\n\t\t\t\t\t<\/div>\n\t\t\t\t<\/div>\n\t\t\t\t\t<\/div>\n\t\t\t\t<\/div>\n\t\t\t\t\t<\/div>\n\t\t\t\t<\/div>\n\t\t\t\t<\/div>\n\t\t","protected":false},"excerpt":{"rendered":"<p>Progetto di segnalazione sicura in Utrecht Contesto La politica di denuncia sicura era inizialmente rivolta alle vittime della tratta di esseri umani, ma ora \u00e8 disponibile anche per denunciare reati come rapine, reati legati al lavoro, abusi o sfruttamento del lavoro, ecc. Tuttavia, l&#8217;esistenza di questa politica non \u00e8 molto conosciuta nei Paesi Bassi, nemmeno in citt\u00e0 come Utrecht e Amsterdam, dove \u00e8 stata effettivamente implementata. Da un lato, i migranti irregolari non conoscono le procedure o hanno semplicemente troppa paura di contattare la polizia. Dall&#8217;altro lato, gli agenti di polizia non la rispettano, o perch\u00e9 non ne sono a conoscenza o perch\u00e9 vedono le vittime come veri e propri criminali, il che rafforza la paura delle vittime di denunciare i reati subiti. Il progetto pilota &#8220;free in, free out&#8221; \u00e8 una pratica locale di successo. Garantisce ai migranti in condizione di migrazione irregolare la libert\u00e0 di recarsi alle stazioni di polizia per denunciare un reato e di lasciare la stazione senza essere arrestati o accusati. Obiettivi Partecipando al progetto Safe Reporting, ci proponiamo di comprendere meglio l&#8217;attuazione delle politiche di denuncia sicura e i meccanismi sottostanti nei Paesi Bassi, con particolare attenzione a Utrecht. La ricerca sulle politiche di denuncia sicura in diverse citt\u00e0 del nostro paese, insieme alle conoscenze scientifiche disponibili su questo argomento nei Paesi Bassi, ci aiuter\u00e0 ad acquisire competenze e a costruire strumenti per migliorare la denuncia sicura dei reati per una comunit\u00e0 vulnerabile che fa parte della nostra citt\u00e0. Partner PoliziaOrganizzazioni non governativeIstituzioni accademiche Servizi sociali Altri comuni come quello di Amsterdam Tools REPORT Country report about pioneering strategies on safe reporting of crime [English] [Nederlands] Contatto kelly.bezema@utrecht.nl<\/p>\n","protected":false},"author":5,"featured_media":0,"parent":0,"menu_order":0,"comment_status":"closed","ping_status":"closed","template":"","meta":{"footnotes":""},"class_list":["post-1186","page","type-page","status-publish","hentry"],"_links":{"self":[{"href":"https:\/\/www.safereporting.eu\/it\/wp-json\/wp\/v2\/pages\/1186","targetHints":{"allow":["GET"]}}],"collection":[{"href":"https:\/\/www.safereporting.eu\/it\/wp-json\/wp\/v2\/pages"}],"about":[{"href":"https:\/\/www.safereporting.eu\/it\/wp-json\/wp\/v2\/types\/page"}],"author":[{"embeddable":true,"href":"https:\/\/www.safereporting.eu\/it\/wp-json\/wp\/v2\/users\/5"}],"replies":[{"embeddable":true,"href":"https:\/\/www.safereporting.eu\/it\/wp-json\/wp\/v2\/comments?post=1186"}],"version-history":[{"count":6,"href":"https:\/\/www.safereporting.eu\/it\/wp-json\/wp\/v2\/pages\/1186\/revisions"}],"predecessor-version":[{"id":2013,"href":"https:\/\/www.safereporting.eu\/it\/wp-json\/wp\/v2\/pages\/1186\/revisions\/2013"}],"wp:attachment":[{"href":"https:\/\/www.safereporting.eu\/it\/wp-json\/wp\/v2\/media?parent=1186"}],"curies":[{"name":"wp","href":"https:\/\/api.w.org\/{rel}","templated":true}]}}