{"id":1163,"date":"2023-07-30T16:56:43","date_gmt":"2023-07-30T16:56:43","guid":{"rendered":"https:\/\/www.safereporting.eu\/barcellona-sicura\/"},"modified":"2024-04-03T12:17:25","modified_gmt":"2024-04-03T12:17:25","slug":"barcellona-sicura","status":"publish","type":"page","link":"https:\/\/www.safereporting.eu\/it\/barcellona-sicura\/","title":{"rendered":"Barcellona sicura"},"content":{"rendered":"\t\t<div data-elementor-type=\"wp-page\" data-elementor-id=\"1163\" class=\"elementor elementor-1163 elementor-378\">\n\t\t\t\t<div class=\"elementor-element elementor-element-35cfbbe e-flex e-con-boxed e-con e-parent\" data-id=\"35cfbbe\" data-element_type=\"container\" data-settings=\"{&quot;background_background&quot;:&quot;classic&quot;,&quot;content_width&quot;:&quot;boxed&quot;}\" data-core-v316-plus=\"true\">\n\t\t\t\t\t<div class=\"e-con-inner\">\n\t\t<div class=\"elementor-element elementor-element-4182fca e-con-full e-flex e-con e-child\" data-id=\"4182fca\" data-element_type=\"container\" data-settings=\"{&quot;content_width&quot;:&quot;full&quot;}\">\n\t\t\t\t<div class=\"elementor-element elementor-element-7b51e61 elementor-widget elementor-widget-heading\" data-id=\"7b51e61\" data-element_type=\"widget\" data-widget_type=\"heading.default\">\n\t\t\t\t<div class=\"elementor-widget-container\">\n\t\t\t<style>\/*! elementor - v3.19.0 - 07-02-2024 *\/\n.elementor-heading-title{padding:0;margin:0;line-height:1}.elementor-widget-heading .elementor-heading-title[class*=elementor-size-]>a{color:inherit;font-size:inherit;line-height:inherit}.elementor-widget-heading .elementor-heading-title.elementor-size-small{font-size:15px}.elementor-widget-heading .elementor-heading-title.elementor-size-medium{font-size:19px}.elementor-widget-heading .elementor-heading-title.elementor-size-large{font-size:29px}.elementor-widget-heading .elementor-heading-title.elementor-size-xl{font-size:39px}.elementor-widget-heading .elementor-heading-title.elementor-size-xxl{font-size:59px}<\/style><h1 class=\"elementor-heading-title elementor-size-default\">Progetto di segnalazione sicura in<\/h1>\t\t<\/div>\n\t\t\t\t<\/div>\n\t\t\t\t<div class=\"elementor-element elementor-element-839beb7 elementor-widget elementor-widget-heading\" data-id=\"839beb7\" data-element_type=\"widget\" data-widget_type=\"heading.default\">\n\t\t\t\t<div class=\"elementor-widget-container\">\n\t\t\t<h1 class=\"elementor-heading-title elementor-size-default\">Barcellona<\/h1>\t\t<\/div>\n\t\t\t\t<\/div>\n\t\t\t\t<\/div>\n\t\t\t\t\t<\/div>\n\t\t\t\t<\/div>\n\t\t<div class=\"elementor-element elementor-element-02e740b e-flex e-con-boxed e-con e-parent\" data-id=\"02e740b\" data-element_type=\"container\" data-settings=\"{&quot;content_width&quot;:&quot;boxed&quot;}\" data-core-v316-plus=\"true\">\n\t\t\t\t\t<div class=\"e-con-inner\">\n\t\t<div class=\"elementor-element elementor-element-06acc0c safe-content-page e-flex e-con-boxed e-con e-child\" data-id=\"06acc0c\" data-element_type=\"container\" data-settings=\"{&quot;content_width&quot;:&quot;boxed&quot;}\">\n\t\t\t\t\t<div class=\"e-con-inner\">\n\t\t<div class=\"elementor-element elementor-element-797c326 e-flex e-con-boxed e-con e-child\" data-id=\"797c326\" data-element_type=\"container\" data-settings=\"{&quot;content_width&quot;:&quot;boxed&quot;}\">\n\t\t\t\t\t<div class=\"e-con-inner\">\n\t\t\t\t<div class=\"elementor-element elementor-element-efcbd40 elementor-widget elementor-widget-heading\" data-id=\"efcbd40\" data-element_type=\"widget\" data-widget_type=\"heading.default\">\n\t\t\t\t<div class=\"elementor-widget-container\">\n\t\t\t<h2 class=\"elementor-heading-title elementor-size-default\">Contesto<\/h2>\t\t<\/div>\n\t\t\t\t<\/div>\n\t\t\t\t<div class=\"elementor-element elementor-element-c4dd2cf elementor-widget elementor-widget-text-editor\" data-id=\"c4dd2cf\" data-element_type=\"widget\" data-widget_type=\"text-editor.default\">\n\t\t\t\t<div class=\"elementor-widget-container\">\n\t\t\t<style>\/*! elementor - v3.19.0 - 07-02-2024 *\/\n.elementor-widget-text-editor.elementor-drop-cap-view-stacked .elementor-drop-cap{background-color:#69727d;color:#fff}.elementor-widget-text-editor.elementor-drop-cap-view-framed .elementor-drop-cap{color:#69727d;border:3px solid;background-color:transparent}.elementor-widget-text-editor:not(.elementor-drop-cap-view-default) .elementor-drop-cap{margin-top:8px}.elementor-widget-text-editor:not(.elementor-drop-cap-view-default) .elementor-drop-cap-letter{width:1em;height:1em}.elementor-widget-text-editor .elementor-drop-cap{float:left;text-align:center;line-height:1;font-size:50px}.elementor-widget-text-editor .elementor-drop-cap-letter{display:inline-block}<\/style>\t\t\t\t<p>Nella citt\u00e0 di Barcellona non esistono norme che garantiscano la sicurezza delle denunce di persone in situazione di irregolarit\u00e0. Non esiste una normativa che protegga le persone che decidono di denunciare, dai possibili rischi di sanzioni per irregolarit\u00e0. Tuttavia, ci sono pratiche condotte da diversi attori che facilitano uno spazio sicuro per segnalare. Nella citt\u00e0 di Barcellona, le diverse unit\u00e0 del comune e le ONG hanno creato meccanismi o strumenti che consentono ai migranti di denunciare i reati con la garanzia che non verr\u00e0 aperto un fascicolo di rimpatrio. Alcuni crimini particolarmente gravi come la tratta di esseri umani, la violenza di genere o i crimini d&#8217;odio hanno unit\u00e0 del Consiglio Comunale mirate a facilitare la denuncia, l&#8217;accompagnamento e il supporto alle vittime di questi crimini, includendo anche le vittime in una situazione amministrativa irregolare. Un&#8217;altra buona pratica esistente \u00e8 il consiglio e l&#8217;accompagnamento di ONG specializzate per le persone in una situazione irregolare per presentare un reclamo in tribunale. Il diritto all&#8217;assistenza legale gratuita per tutte le vittime, indipendentemente dalla situazione amministrativa, \u00e8 fondamentale per percorrere questa via.<\/p>\n\t\t\t\t\t\t<\/div>\n\t\t\t\t<\/div>\n\t\t\t\t<div class=\"elementor-element elementor-element-d0f3e3d elementor-widget elementor-widget-heading\" data-id=\"d0f3e3d\" data-element_type=\"widget\" data-widget_type=\"heading.default\">\n\t\t\t\t<div class=\"elementor-widget-container\">\n\t\t\t<h2 class=\"elementor-heading-title elementor-size-default\">Obiettivi<\/h2>\t\t<\/div>\n\t\t\t\t<\/div>\n\t\t\t\t<div class=\"elementor-element elementor-element-88c22ba elementor-widget elementor-widget-text-editor\" data-id=\"88c22ba\" data-element_type=\"widget\" data-widget_type=\"text-editor.default\">\n\t\t\t\t<div class=\"elementor-widget-container\">\n\t\t\t\t\t\t\t<p>Gli obiettivi del progetto all\u2019interno della citt\u00e0 di Barcellona sono la sensibilizzazione delle vittime con uno status di migrazione irregolare sui loro diritti a denunciare il reato, il miglioramento delle condizioni per farlo e il rafforzamento della cooperazione tra autorit\u00e0 locali e professionisti, oltre alla formazione in materia.<\/p>\n\t\t\t\t\t\t<\/div>\n\t\t\t\t<\/div>\n\t\t\t\t<div class=\"elementor-element elementor-element-452e0d1 elementor-widget elementor-widget-heading\" data-id=\"452e0d1\" data-element_type=\"widget\" data-widget_type=\"heading.default\">\n\t\t\t\t<div class=\"elementor-widget-container\">\n\t\t\t<h2 class=\"elementor-heading-title elementor-size-default\">Partner<\/h2>\t\t<\/div>\n\t\t\t\t<\/div>\n\t\t\t\t<div class=\"elementor-element elementor-element-130858c elementor-widget elementor-widget-text-editor\" data-id=\"130858c\" data-element_type=\"widget\" data-widget_type=\"text-editor.default\">\n\t\t\t\t<div class=\"elementor-widget-container\">\n\t\t\t\t\t\t\t<p class=\"p1\"><a href=\"https:\/\/web.ub.edu\/web\/ub\/\">Universit\u00e0 di Barcellona<\/a><br \/><a href=\"https:\/\/ispc.gencat.cat\/ca\/inici\/index.html\">Institut de Seguretat P\u00fablica de Catalunya (ISCP)<\/a><br \/><a href=\"https:\/\/www.migrastudium.org\/\">MigraStudium<\/a><\/p>\n\t\t\t\t\t\t<\/div>\n\t\t\t\t<\/div>\n\t\t\t\t<div class=\"elementor-element elementor-element-0baba58 elementor-widget elementor-widget-heading\" data-id=\"0baba58\" data-element_type=\"widget\" data-widget_type=\"heading.default\">\n\t\t\t\t<div class=\"elementor-widget-container\">\n\t\t\t<h2 class=\"elementor-heading-title elementor-size-default\">Partner associati<\/h2>\t\t<\/div>\n\t\t\t\t<\/div>\n\t\t\t\t<div class=\"elementor-element elementor-element-086e51d elementor-widget elementor-widget-text-editor\" data-id=\"086e51d\" data-element_type=\"widget\" data-widget_type=\"text-editor.default\">\n\t\t\t\t<div class=\"elementor-widget-container\">\n\t\t\t\t\t\t\t<p><a href=\"https:\/\/www.cepaim.org\/\">CEPAIM<\/a><br \/><a href=\"https:\/\/redacoge.org\/\">Red Acoge<\/a><br \/><a href=\"https:\/\/acoge.org\/\">Andaluc\u00eda Acoge<\/a><\/p>\n\t\t\t\t\t\t<\/div>\n\t\t\t\t<\/div>\n\t\t\t\t<div class=\"elementor-element elementor-element-6f48ddc elementor-widget elementor-widget-heading\" data-id=\"6f48ddc\" data-element_type=\"widget\" data-widget_type=\"heading.default\">\n\t\t\t\t<div class=\"elementor-widget-container\">\n\t\t\t<h2 class=\"elementor-heading-title elementor-size-default\">Tools<\/h2>\t\t<\/div>\n\t\t\t\t<\/div>\n\t\t\t\t<div class=\"elementor-element elementor-element-4e6375f elementor-widget elementor-widget-text-editor\" data-id=\"4e6375f\" data-element_type=\"widget\" data-widget_type=\"text-editor.default\">\n\t\t\t\t<div class=\"elementor-widget-container\">\n\t\t\t\t\t\t\t<p><span style=\"text-align: var(--text-align); background-color: var(--bs-body-bg);\">REPORT: Innovative strategies for safe reporting in the city of Barcelona [<a href=\"https:\/\/www.safereporting.eu\/wp-content\/uploads\/2023\/10\/SR_Report_BCN.pdf\">Spanish<\/a>][<a href=\"https:\/\/www.safereporting.eu\/wp-content\/uploads\/2024\/02\/SR_Report_BCN_004.pdf\">English<\/a>]<\/span><\/p>\n<p><span style=\"text-align: var(--text-align); background-color: var(--bs-body-bg);\">REPORT: Trafficking in human beings and safe reporting strategies in the city of Barcelona [<a href=\"https:\/\/www.safereporting.eu\/wp-content\/uploads\/2024\/02\/SR_Report_BCN_WP3_CAS_CON_ANEXO.pdf\">Spanish<\/a>] [<a href=\"https:\/\/www.safereporting.eu\/wp-content\/uploads\/2024\/02\/SR_Report_BCN_WP3_EN_WITH_ANNEX.pdf\">English<\/a>]<\/span><\/p>\n<p><span style=\"text-align: var(--text-align); background-color: var(--bs-body-bg);\">List of contacts: [<a href=\"https:\/\/www.safereporting.eu\/wp-content\/uploads\/2024\/02\/Safe_Reporting_Listado_recursos_ENG.pdf\">English<\/a>][<a href=\"https:\/\/www.safereporting.eu\/wp-content\/uploads\/2024\/02\/Safe_Reporting_Listado_recursos_CAS.pdf\">Spanish<\/a>] [<a href=\"https:\/\/www.safereporting.eu\/wp-content\/uploads\/2024\/02\/Safe_Reporting_Listado_recursos_AR.pdf\">Arabian<\/a>] [<a href=\"https:\/\/www.safereporting.eu\/wp-content\/uploads\/2024\/02\/Safe_Reporting_Listado_recursos_FR.pdf\">French<\/a>]<\/span><\/p>\n\t\t\t\t\t\t<\/div>\n\t\t\t\t<\/div>\n\t\t\t\t<div class=\"elementor-element elementor-element-95059fd elementor-widget elementor-widget-heading\" data-id=\"95059fd\" data-element_type=\"widget\" data-widget_type=\"heading.default\">\n\t\t\t\t<div class=\"elementor-widget-container\">\n\t\t\t<h2 class=\"elementor-heading-title elementor-size-default\">Contatto<\/h2>\t\t<\/div>\n\t\t\t\t<\/div>\n\t\t\t\t<div class=\"elementor-element elementor-element-448e4ff elementor-widget elementor-widget-text-editor\" data-id=\"448e4ff\" data-element_type=\"widget\" data-widget_type=\"text-editor.default\">\n\t\t\t\t<div class=\"elementor-widget-container\">\n\t\t\t\t\t\t\t<p><span style=\"white-space-collapse: preserve;\">Progetto coordinato dall\u2019Universit\u00e0 di Barcellona safe.reporting.project@ub.edu <\/span><\/p>\n\t\t\t\t\t\t<\/div>\n\t\t\t\t<\/div>\n\t\t\t\t\t<\/div>\n\t\t\t\t<\/div>\n\t\t\t\t\t<\/div>\n\t\t\t\t<\/div>\n\t\t\t\t\t<\/div>\n\t\t\t\t<\/div>\n\t\t\t\t<\/div>\n\t\t","protected":false},"excerpt":{"rendered":"<p>Progetto di segnalazione sicura in Barcellona Contesto Nella citt\u00e0 di Barcellona non esistono norme che garantiscano la sicurezza delle denunce di persone in situazione di irregolarit\u00e0. Non esiste una normativa che protegga le persone che decidono di denunciare, dai possibili rischi di sanzioni per irregolarit\u00e0. Tuttavia, ci sono pratiche condotte da diversi attori che facilitano uno spazio sicuro per segnalare. Nella citt\u00e0 di Barcellona, le diverse unit\u00e0 del comune e le ONG hanno creato meccanismi o strumenti che consentono ai migranti di denunciare i reati con la garanzia che non verr\u00e0 aperto un fascicolo di rimpatrio. Alcuni crimini particolarmente gravi come la tratta di esseri umani, la violenza di genere o i crimini d&#8217;odio hanno unit\u00e0 del Consiglio Comunale mirate a facilitare la denuncia, l&#8217;accompagnamento e il supporto alle vittime di questi crimini, includendo anche le vittime in una situazione amministrativa irregolare. Un&#8217;altra buona pratica esistente \u00e8 il consiglio e l&#8217;accompagnamento di ONG specializzate per le persone in una situazione irregolare per presentare un reclamo in tribunale. Il diritto all&#8217;assistenza legale gratuita per tutte le vittime, indipendentemente dalla situazione amministrativa, \u00e8 fondamentale per percorrere questa via. Obiettivi Gli obiettivi del progetto all\u2019interno della citt\u00e0 di Barcellona sono la sensibilizzazione delle vittime con uno status di migrazione irregolare sui loro diritti a denunciare il reato, il miglioramento delle condizioni per farlo e il rafforzamento della cooperazione tra autorit\u00e0 locali e professionisti, oltre alla formazione in materia. Partner Universit\u00e0 di BarcellonaInstitut de Seguretat P\u00fablica de Catalunya (ISCP)MigraStudium Partner associati CEPAIMRed AcogeAndaluc\u00eda Acoge Tools REPORT: Innovative strategies for safe reporting in the city of Barcelona [Spanish][English] REPORT: Trafficking in human beings and safe reporting strategies in the city of Barcelona [Spanish] [English] List of contacts: [English][Spanish] [Arabian] [French] Contatto Progetto coordinato dall\u2019Universit\u00e0 di Barcellona safe.reporting.project@ub.edu<\/p>\n","protected":false},"author":3,"featured_media":0,"parent":0,"menu_order":0,"comment_status":"closed","ping_status":"closed","template":"","meta":{"footnotes":""},"class_list":["post-1163","page","type-page","status-publish","hentry"],"_links":{"self":[{"href":"https:\/\/www.safereporting.eu\/it\/wp-json\/wp\/v2\/pages\/1163","targetHints":{"allow":["GET"]}}],"collection":[{"href":"https:\/\/www.safereporting.eu\/it\/wp-json\/wp\/v2\/pages"}],"about":[{"href":"https:\/\/www.safereporting.eu\/it\/wp-json\/wp\/v2\/types\/page"}],"author":[{"embeddable":true,"href":"https:\/\/www.safereporting.eu\/it\/wp-json\/wp\/v2\/users\/3"}],"replies":[{"embeddable":true,"href":"https:\/\/www.safereporting.eu\/it\/wp-json\/wp\/v2\/comments?post=1163"}],"version-history":[{"count":7,"href":"https:\/\/www.safereporting.eu\/it\/wp-json\/wp\/v2\/pages\/1163\/revisions"}],"predecessor-version":[{"id":2341,"href":"https:\/\/www.safereporting.eu\/it\/wp-json\/wp\/v2\/pages\/1163\/revisions\/2341"}],"wp:attachment":[{"href":"https:\/\/www.safereporting.eu\/it\/wp-json\/wp\/v2\/media?parent=1163"}],"curies":[{"name":"wp","href":"https:\/\/api.w.org\/{rel}","templated":true}]}}