{"id":839,"date":"2023-07-30T16:17:08","date_gmt":"2023-07-30T16:17:08","guid":{"rendered":"https:\/\/www.safereporting.eu\/context\/"},"modified":"2024-04-18T10:57:41","modified_gmt":"2024-04-18T10:57:41","slug":"context","status":"publish","type":"page","link":"https:\/\/www.safereporting.eu\/fr\/context\/","title":{"rendered":"Contexte"},"content":{"rendered":"\t\t<div data-elementor-type=\"wp-page\" data-elementor-id=\"839\" class=\"elementor elementor-839 elementor-315\">\n\t\t\t\t<div class=\"elementor-element elementor-element-35cfbbe e-flex e-con-boxed e-con e-parent\" data-id=\"35cfbbe\" data-element_type=\"container\" data-settings=\"{&quot;background_background&quot;:&quot;classic&quot;,&quot;content_width&quot;:&quot;boxed&quot;}\" data-core-v316-plus=\"true\">\n\t\t\t\t\t<div class=\"e-con-inner\">\n\t\t<div class=\"elementor-element elementor-element-4182fca e-con-full e-flex e-con e-child\" data-id=\"4182fca\" data-element_type=\"container\" data-settings=\"{&quot;content_width&quot;:&quot;full&quot;}\">\n\t\t\t\t<div class=\"elementor-element elementor-element-7b51e61 elementor-widget elementor-widget-heading\" data-id=\"7b51e61\" data-element_type=\"widget\" data-widget_type=\"heading.default\">\n\t\t\t\t<div class=\"elementor-widget-container\">\n\t\t\t<style>\/*! elementor - v3.19.0 - 07-02-2024 *\/\n.elementor-heading-title{padding:0;margin:0;line-height:1}.elementor-widget-heading .elementor-heading-title[class*=elementor-size-]>a{color:inherit;font-size:inherit;line-height:inherit}.elementor-widget-heading .elementor-heading-title.elementor-size-small{font-size:15px}.elementor-widget-heading .elementor-heading-title.elementor-size-medium{font-size:19px}.elementor-widget-heading .elementor-heading-title.elementor-size-large{font-size:29px}.elementor-widget-heading .elementor-heading-title.elementor-size-xl{font-size:39px}.elementor-widget-heading .elementor-heading-title.elementor-size-xxl{font-size:59px}<\/style><h1 class=\"elementor-heading-title elementor-size-default\">Des d\u00e9nonciations s\u00fbres et le droit \u00e0 la justice<\/h1>\t\t<\/div>\n\t\t\t\t<\/div>\n\t\t\t\t<\/div>\n\t\t\t\t\t<\/div>\n\t\t\t\t<\/div>\n\t\t<div class=\"elementor-element elementor-element-02e740b e-flex e-con-boxed e-con e-parent\" data-id=\"02e740b\" data-element_type=\"container\" data-settings=\"{&quot;content_width&quot;:&quot;boxed&quot;}\" data-core-v316-plus=\"true\">\n\t\t\t\t\t<div class=\"e-con-inner\">\n\t\t\t\t<div class=\"elementor-element elementor-element-efcbd40 elementor-widget elementor-widget-heading\" data-id=\"efcbd40\" data-element_type=\"widget\" data-widget_type=\"heading.default\">\n\t\t\t\t<div class=\"elementor-widget-container\">\n\t\t\t<h2 class=\"elementor-heading-title elementor-size-default\">La directive europ\u00e9enne relative aux droits des victimes de 2012 \u00e9tablit un ensemble commun de droits pour toutes les victimes et pr\u00e9voit explicitement leur protection sans discrimination fond\u00e9e sur le lieu de r\u00e9sidence. La strat\u00e9gie de l\u2019UE relative au droit des victimes (2020-2025) vise \u00e0 garantir que toutes les victimes de toutes les infractions, quels que soit l\u2019endroit o\u00f9 elles ont lieu dans l\u2019UE et les circonstances dans lesquelles elles sont commises, peuvent pleinement se pr\u00e9valoir de leurs droits. Elle reconna\u00eet \u00e9galement que les personnes migrantes en situation irr\u00e9guli\u00e8re qui sont victimes d\u2019infractions se trouvent souvent dans une situation de vuln\u00e9rabilit\u00e9 et qu\u2019elles peuvent se heurter \u00e0 des difficult\u00e9s pour acc\u00e9der \u00e0 la justice. Si elles d\u00e9noncent une infraction \u00e0 la police, elles courent le risque de recevoir l\u2019ordre de quitter le territoire. <\/h2>\t\t<\/div>\n\t\t\t\t<\/div>\n\t\t<div class=\"elementor-element elementor-element-06acc0c safe-content-page e-flex e-con-boxed e-con e-child\" data-id=\"06acc0c\" data-element_type=\"container\" data-settings=\"{&quot;content_width&quot;:&quot;boxed&quot;}\">\n\t\t\t\t\t<div class=\"e-con-inner\">\n\t\t<div class=\"elementor-element elementor-element-797c326 e-flex e-con-boxed e-con e-child\" data-id=\"797c326\" data-element_type=\"container\" data-settings=\"{&quot;content_width&quot;:&quot;boxed&quot;}\">\n\t\t\t\t\t<div class=\"e-con-inner\">\n\t\t\t\t<div class=\"elementor-element elementor-element-c4dd2cf elementor-widget elementor-widget-text-editor\" data-id=\"c4dd2cf\" data-element_type=\"widget\" data-widget_type=\"text-editor.default\">\n\t\t\t\t<div class=\"elementor-widget-container\">\n\t\t\t<style>\/*! elementor - v3.19.0 - 07-02-2024 *\/\n.elementor-widget-text-editor.elementor-drop-cap-view-stacked .elementor-drop-cap{background-color:#69727d;color:#fff}.elementor-widget-text-editor.elementor-drop-cap-view-framed .elementor-drop-cap{color:#69727d;border:3px solid;background-color:transparent}.elementor-widget-text-editor:not(.elementor-drop-cap-view-default) .elementor-drop-cap{margin-top:8px}.elementor-widget-text-editor:not(.elementor-drop-cap-view-default) .elementor-drop-cap-letter{width:1em;height:1em}.elementor-widget-text-editor .elementor-drop-cap{float:left;text-align:center;line-height:1;font-size:50px}.elementor-widget-text-editor .elementor-drop-cap-letter{display:inline-block}<\/style>\t\t\t\t<p>Dans ce contexte, il n&rsquo;est pas surprenant que de nombreuses personnes en situation migratoire irr\u00e9guli\u00e8re en Europe ne signalent pas les crimes dont elles sont victimes, qu&rsquo;il s&rsquo;agisse d&rsquo;escroqueries, d&rsquo;exploitation au travail, d&rsquo;agressions racistes, entre autres.<\/p>\n<p>Le projet Safe Reporting veut mettre en lumi\u00e8re cette situation de violation des droits humains et promouvoir des m\u00e9canismes qui garantissent l\u2019\u00e9galit\u00e9 d\u2019acc\u00e8s \u00e0 la justice dans les pays de l\u2019Union europ\u00e9enne. Le projet donne la priorit\u00e9 aux droits des victimes et accorde une attention particuli\u00e8re aux actes criminels et d\u00e9lictuels fond\u00e9s sur le genre, tels que la violence de genre et la traite des \u00eatres humains \u00e0 des fins d\u2019exploitation sexuelle.<\/p>\n\t\t\t\t\t\t<\/div>\n\t\t\t\t<\/div>\n\t\t\t\t\t<\/div>\n\t\t\t\t<\/div>\n\t\t\t\t\t<\/div>\n\t\t\t\t<\/div>\n\t\t\t\t\t<\/div>\n\t\t\t\t<\/div>\n\t\t\t\t<\/div>\n\t\t","protected":false},"excerpt":{"rendered":"<p>Des d\u00e9nonciations s\u00fbres et le droit \u00e0 la justice La directive europ\u00e9enne relative aux droits des victimes de 2012 \u00e9tablit un ensemble commun de droits pour toutes les victimes et pr\u00e9voit explicitement leur protection sans discrimination fond\u00e9e sur le lieu de r\u00e9sidence. La strat\u00e9gie de l\u2019UE relative au droit des victimes (2020-2025) vise \u00e0 garantir que toutes les victimes de toutes les infractions, quels que soit l\u2019endroit o\u00f9 elles ont lieu dans l\u2019UE et les circonstances dans lesquelles elles sont commises, peuvent pleinement se pr\u00e9valoir de leurs droits. Elle reconna\u00eet \u00e9galement que les personnes migrantes en situation irr\u00e9guli\u00e8re qui sont victimes d\u2019infractions se trouvent souvent dans une situation de vuln\u00e9rabilit\u00e9 et qu\u2019elles peuvent se heurter \u00e0 des difficult\u00e9s pour acc\u00e9der \u00e0 la justice. Si elles d\u00e9noncent une infraction \u00e0 la police, elles courent le risque de recevoir l\u2019ordre de quitter le territoire. Dans ce contexte, il n&rsquo;est pas surprenant que de nombreuses personnes en situation migratoire irr\u00e9guli\u00e8re en Europe ne signalent pas les crimes dont elles sont victimes, qu&rsquo;il s&rsquo;agisse d&rsquo;escroqueries, d&rsquo;exploitation au travail, d&rsquo;agressions racistes, entre autres. Le projet Safe Reporting veut mettre en lumi\u00e8re cette situation de violation des droits humains et promouvoir des m\u00e9canismes qui garantissent l\u2019\u00e9galit\u00e9 d\u2019acc\u00e8s \u00e0 la justice dans les pays de l\u2019Union europ\u00e9enne. Le projet donne la priorit\u00e9 aux droits des victimes et accorde une attention particuli\u00e8re aux actes criminels et d\u00e9lictuels fond\u00e9s sur le genre, tels que la violence de genre et la traite des \u00eatres humains \u00e0 des fins d\u2019exploitation sexuelle.<\/p>\n","protected":false},"author":1,"featured_media":0,"parent":0,"menu_order":0,"comment_status":"closed","ping_status":"closed","template":"","meta":{"footnotes":""},"class_list":["post-839","page","type-page","status-publish","hentry"],"_links":{"self":[{"href":"https:\/\/www.safereporting.eu\/fr\/wp-json\/wp\/v2\/pages\/839","targetHints":{"allow":["GET"]}}],"collection":[{"href":"https:\/\/www.safereporting.eu\/fr\/wp-json\/wp\/v2\/pages"}],"about":[{"href":"https:\/\/www.safereporting.eu\/fr\/wp-json\/wp\/v2\/types\/page"}],"author":[{"embeddable":true,"href":"https:\/\/www.safereporting.eu\/fr\/wp-json\/wp\/v2\/users\/1"}],"replies":[{"embeddable":true,"href":"https:\/\/www.safereporting.eu\/fr\/wp-json\/wp\/v2\/comments?post=839"}],"version-history":[{"count":9,"href":"https:\/\/www.safereporting.eu\/fr\/wp-json\/wp\/v2\/pages\/839\/revisions"}],"predecessor-version":[{"id":2363,"href":"https:\/\/www.safereporting.eu\/fr\/wp-json\/wp\/v2\/pages\/839\/revisions\/2363"}],"wp:attachment":[{"href":"https:\/\/www.safereporting.eu\/fr\/wp-json\/wp\/v2\/media?parent=839"}],"curies":[{"name":"wp","href":"https:\/\/api.w.org\/{rel}","templated":true}]}}