{"id":1188,"date":"2023-07-31T09:52:29","date_gmt":"2023-07-31T09:52:29","guid":{"rendered":"https:\/\/www.safereporting.eu\/safe-gand\/"},"modified":"2024-03-05T09:11:28","modified_gmt":"2024-03-05T09:11:28","slug":"safe-gand","status":"publish","type":"page","link":"https:\/\/www.safereporting.eu\/fr\/safe-gand\/","title":{"rendered":"Safe Gand"},"content":{"rendered":"\t\t<div data-elementor-type=\"wp-page\" data-elementor-id=\"1188\" class=\"elementor elementor-1188 elementor-433\">\n\t\t\t\t<div class=\"elementor-element elementor-element-35cfbbe e-flex e-con-boxed e-con e-parent\" data-id=\"35cfbbe\" data-element_type=\"container\" data-settings=\"{&quot;background_background&quot;:&quot;classic&quot;,&quot;content_width&quot;:&quot;boxed&quot;}\" data-core-v316-plus=\"true\">\n\t\t\t\t\t<div class=\"e-con-inner\">\n\t\t<div class=\"elementor-element elementor-element-4182fca e-con-full e-flex e-con e-child\" data-id=\"4182fca\" data-element_type=\"container\" data-settings=\"{&quot;content_width&quot;:&quot;full&quot;}\">\n\t\t\t\t<div class=\"elementor-element elementor-element-7b51e61 elementor-widget elementor-widget-heading\" data-id=\"7b51e61\" data-element_type=\"widget\" data-widget_type=\"heading.default\">\n\t\t\t\t<div class=\"elementor-widget-container\">\n\t\t\t<style>\/*! elementor - v3.19.0 - 07-02-2024 *\/\n.elementor-heading-title{padding:0;margin:0;line-height:1}.elementor-widget-heading .elementor-heading-title[class*=elementor-size-]>a{color:inherit;font-size:inherit;line-height:inherit}.elementor-widget-heading .elementor-heading-title.elementor-size-small{font-size:15px}.elementor-widget-heading .elementor-heading-title.elementor-size-medium{font-size:19px}.elementor-widget-heading .elementor-heading-title.elementor-size-large{font-size:29px}.elementor-widget-heading .elementor-heading-title.elementor-size-xl{font-size:39px}.elementor-widget-heading .elementor-heading-title.elementor-size-xxl{font-size:59px}<\/style><h1 class=\"elementor-heading-title elementor-size-default\">Projet Safe reporting \u00e0<\/h1>\t\t<\/div>\n\t\t\t\t<\/div>\n\t\t\t\t<div class=\"elementor-element elementor-element-839beb7 elementor-widget elementor-widget-heading\" data-id=\"839beb7\" data-element_type=\"widget\" data-widget_type=\"heading.default\">\n\t\t\t\t<div class=\"elementor-widget-container\">\n\t\t\t<h1 class=\"elementor-heading-title elementor-size-default\">Gand<\/h1>\t\t<\/div>\n\t\t\t\t<\/div>\n\t\t\t\t<\/div>\n\t\t\t\t\t<\/div>\n\t\t\t\t<\/div>\n\t\t<div class=\"elementor-element elementor-element-02e740b e-flex e-con-boxed e-con e-parent\" data-id=\"02e740b\" data-element_type=\"container\" data-settings=\"{&quot;content_width&quot;:&quot;boxed&quot;}\" data-core-v316-plus=\"true\">\n\t\t\t\t\t<div class=\"e-con-inner\">\n\t\t<div class=\"elementor-element elementor-element-06acc0c safe-content-page e-flex e-con-boxed e-con e-child\" data-id=\"06acc0c\" data-element_type=\"container\" data-settings=\"{&quot;content_width&quot;:&quot;boxed&quot;}\">\n\t\t\t\t\t<div class=\"e-con-inner\">\n\t\t<div class=\"elementor-element elementor-element-797c326 e-flex e-con-boxed e-con e-child\" data-id=\"797c326\" data-element_type=\"container\" data-settings=\"{&quot;content_width&quot;:&quot;boxed&quot;}\">\n\t\t\t\t\t<div class=\"e-con-inner\">\n\t\t\t\t<div class=\"elementor-element elementor-element-efcbd40 elementor-widget elementor-widget-heading\" data-id=\"efcbd40\" data-element_type=\"widget\" data-widget_type=\"heading.default\">\n\t\t\t\t<div class=\"elementor-widget-container\">\n\t\t\t<h2 class=\"elementor-heading-title elementor-size-default\">Contexte<\/h2>\t\t<\/div>\n\t\t\t\t<\/div>\n\t\t\t\t<div class=\"elementor-element elementor-element-c4dd2cf elementor-widget elementor-widget-text-editor\" data-id=\"c4dd2cf\" data-element_type=\"widget\" data-widget_type=\"text-editor.default\">\n\t\t\t\t<div class=\"elementor-widget-container\">\n\t\t\t<style>\/*! elementor - v3.19.0 - 07-02-2024 *\/\n.elementor-widget-text-editor.elementor-drop-cap-view-stacked .elementor-drop-cap{background-color:#69727d;color:#fff}.elementor-widget-text-editor.elementor-drop-cap-view-framed .elementor-drop-cap{color:#69727d;border:3px solid;background-color:transparent}.elementor-widget-text-editor:not(.elementor-drop-cap-view-default) .elementor-drop-cap{margin-top:8px}.elementor-widget-text-editor:not(.elementor-drop-cap-view-default) .elementor-drop-cap-letter{width:1em;height:1em}.elementor-widget-text-editor .elementor-drop-cap{float:left;text-align:center;line-height:1;font-size:50px}.elementor-widget-text-editor .elementor-drop-cap-letter{display:inline-block}<\/style>\t\t\t\t<p>Les lois f\u00e9d\u00e9rales pr\u00e9voient que la police ou le minist\u00e8re public sont tenus de signaler les personnes migrantes en situation de s\u00e9jour irr\u00e9gulier au service des affaires \u00e9trang\u00e8res. Par cons\u00e9quent, une victime ou un t\u00e9moin qui d\u00e9nonce une infraction commise envers une personne migrante en situation irr\u00e9guli\u00e8re court le risque d\u2019\u00eatre plac\u00e9e en garde \u00e0 vue ou de recevoir l\u2019ordre de quitter le pays. Au niveau local, il n\u2019existe aucune bonne pratique pour r\u00e9pondre \u00e0 ce probl\u00e8me.<\/p>\n\t\t\t\t\t\t<\/div>\n\t\t\t\t<\/div>\n\t\t\t\t<div class=\"elementor-element elementor-element-d0f3e3d elementor-widget elementor-widget-heading\" data-id=\"d0f3e3d\" data-element_type=\"widget\" data-widget_type=\"heading.default\">\n\t\t\t\t<div class=\"elementor-widget-container\">\n\t\t\t<h2 class=\"elementor-heading-title elementor-size-default\">Objectifs<\/h2>\t\t<\/div>\n\t\t\t\t<\/div>\n\t\t\t\t<div class=\"elementor-element elementor-element-88c22ba elementor-widget elementor-widget-text-editor\" data-id=\"88c22ba\" data-element_type=\"widget\" data-widget_type=\"text-editor.default\">\n\t\t\t\t<div class=\"elementor-widget-container\">\n\t\t\t\t\t\t\t<p>La Ville de Gand produira un rapport comprenant une recherche documentaire effectu\u00e9e par l\u2019Universit\u00e9 de Gand, cartographiant les obligations minimales et la l\u00e9gislation existante en mati\u00e8re de d\u00e9marches administratives et juridiques de d\u00e9nonciation. La Ville sensibilisera les d\u00e9cideurs politiques sur ce sujet et organisera des formations ciblant les professionnel\u00b7les.<\/p>\n\t\t\t\t\t\t<\/div>\n\t\t\t\t<\/div>\n\t\t\t\t<div class=\"elementor-element elementor-element-452e0d1 elementor-widget elementor-widget-heading\" data-id=\"452e0d1\" data-element_type=\"widget\" data-widget_type=\"heading.default\">\n\t\t\t\t<div class=\"elementor-widget-container\">\n\t\t\t<h2 class=\"elementor-heading-title elementor-size-default\">Partenaires<\/h2>\t\t<\/div>\n\t\t\t\t<\/div>\n\t\t<a class=\"eael-wrapper-link-130858c --eael-wrapper-link-tag\" href=\"https:\/\/www.fairworkbelgium.be\/\"><\/a>\t\t<div data-eael-wrapper-link=\"eael-wrapper-link-130858c\" class=\"elementor-element elementor-element-130858c elementor-widget elementor-widget-text-editor\" data-id=\"130858c\" data-element_type=\"widget\" data-widget_type=\"text-editor.default\">\n\t\t\t\t<div class=\"elementor-widget-container\">\n\t\t\t\t\t\t\t<p><a href=\"https:\/\/www.caw.be\/\">CAW Oost (Centre g\u00e9n\u00e9ral d\u2019action sociale), Flandre<\/a><br \/><a href=\"https:\/\/www.amal.gent\/\">ONG Amal Gent<\/a><br \/><a href=\"https:\/\/www.ugent.be\/cessmir\/nl\">CESSMIR, Universit\u00e9 de Gand<\/a><br \/><a href=\"https:\/\/www.fairworkbelgium.be\/\">Fairwork Belgium<\/a><br \/><a href=\"https:\/\/www.orbitvzw.be\/\">ONG Orbit<\/a><\/p>\n\t\t\t\t\t\t<\/div>\n\t\t\t\t<\/div>\n\t\t\t\t<div class=\"elementor-element elementor-element-6f48ddc elementor-widget elementor-widget-heading\" data-id=\"6f48ddc\" data-element_type=\"widget\" data-widget_type=\"heading.default\">\n\t\t\t\t<div class=\"elementor-widget-container\">\n\t\t\t<h2 class=\"elementor-heading-title elementor-size-default\">Outils<\/h2>\t\t<\/div>\n\t\t\t\t<\/div>\n\t\t\t\t<div class=\"elementor-element elementor-element-0deff6f elementor-widget elementor-widget-text-editor\" data-id=\"0deff6f\" data-element_type=\"widget\" data-widget_type=\"text-editor.default\">\n\t\t\t\t<div class=\"elementor-widget-container\">\n\t\t\t\t\t\t\t<p>RAPPORT Les victimes en situation de migration irr\u00e9guli\u00e8re : signalement s\u00e9curis\u00e9 des crimes en Belgique. [<a href=\"https:\/\/www.safereporting.eu\/wp-content\/uploads\/2023\/11\/SR_Report_GHENT_EN.pdf\">English<\/a>]<\/p>\n<p>Brochure signalement securis\u00e9 en Belgique. <a href=\"https:\/\/www.safereporting.eu\/wp-content\/uploads\/2024\/03\/Flyer-safereporting.pdf\">Brochure Belgique <\/a><\/p>\n\t\t\t\t\t\t<\/div>\n\t\t\t\t<\/div>\n\t\t\t\t<div class=\"elementor-element elementor-element-95059fd elementor-widget elementor-widget-heading\" data-id=\"95059fd\" data-element_type=\"widget\" data-widget_type=\"heading.default\">\n\t\t\t\t<div class=\"elementor-widget-container\">\n\t\t\t<h2 class=\"elementor-heading-title elementor-size-default\">Contact<\/h2>\t\t<\/div>\n\t\t\t\t<\/div>\n\t\t\t\t<div class=\"elementor-element elementor-element-448e4ff elementor-widget elementor-widget-text-editor\" data-id=\"448e4ff\" data-element_type=\"widget\" data-widget_type=\"text-editor.default\">\n\t\t\t\t<div class=\"elementor-widget-container\">\n\t\t\t\t\t\t\t<p>maaike.buyst@stad.gent<\/p>\n\t\t\t\t\t\t<\/div>\n\t\t\t\t<\/div>\n\t\t\t\t\t<\/div>\n\t\t\t\t<\/div>\n\t\t\t\t\t<\/div>\n\t\t\t\t<\/div>\n\t\t\t\t\t<\/div>\n\t\t\t\t<\/div>\n\t\t\t\t<\/div>\n\t\t","protected":false},"excerpt":{"rendered":"<p>Projet Safe reporting \u00e0 Gand Contexte Les lois f\u00e9d\u00e9rales pr\u00e9voient que la police ou le minist\u00e8re public sont tenus de signaler les personnes migrantes en situation de s\u00e9jour irr\u00e9gulier au service des affaires \u00e9trang\u00e8res. Par cons\u00e9quent, une victime ou un t\u00e9moin qui d\u00e9nonce une infraction commise envers une personne migrante en situation irr\u00e9guli\u00e8re court le risque d\u2019\u00eatre plac\u00e9e en garde \u00e0 vue ou de recevoir l\u2019ordre de quitter le pays. Au niveau local, il n\u2019existe aucune bonne pratique pour r\u00e9pondre \u00e0 ce probl\u00e8me. Objectifs La Ville de Gand produira un rapport comprenant une recherche documentaire effectu\u00e9e par l\u2019Universit\u00e9 de Gand, cartographiant les obligations minimales et la l\u00e9gislation existante en mati\u00e8re de d\u00e9marches administratives et juridiques de d\u00e9nonciation. La Ville sensibilisera les d\u00e9cideurs politiques sur ce sujet et organisera des formations ciblant les professionnel\u00b7les. Partenaires CAW Oost (Centre g\u00e9n\u00e9ral d\u2019action sociale), FlandreONG Amal GentCESSMIR, Universit\u00e9 de GandFairwork BelgiumONG Orbit Outils RAPPORT Les victimes en situation de migration irr\u00e9guli\u00e8re : signalement s\u00e9curis\u00e9 des crimes en Belgique. [English] Brochure signalement securis\u00e9 en Belgique. Brochure Belgique Contact maaike.buyst@stad.gent<\/p>\n","protected":false},"author":6,"featured_media":0,"parent":0,"menu_order":0,"comment_status":"closed","ping_status":"closed","template":"","meta":{"footnotes":""},"class_list":["post-1188","page","type-page","status-publish","hentry"],"_links":{"self":[{"href":"https:\/\/www.safereporting.eu\/fr\/wp-json\/wp\/v2\/pages\/1188","targetHints":{"allow":["GET"]}}],"collection":[{"href":"https:\/\/www.safereporting.eu\/fr\/wp-json\/wp\/v2\/pages"}],"about":[{"href":"https:\/\/www.safereporting.eu\/fr\/wp-json\/wp\/v2\/types\/page"}],"author":[{"embeddable":true,"href":"https:\/\/www.safereporting.eu\/fr\/wp-json\/wp\/v2\/users\/6"}],"replies":[{"embeddable":true,"href":"https:\/\/www.safereporting.eu\/fr\/wp-json\/wp\/v2\/comments?post=1188"}],"version-history":[{"count":7,"href":"https:\/\/www.safereporting.eu\/fr\/wp-json\/wp\/v2\/pages\/1188\/revisions"}],"predecessor-version":[{"id":2318,"href":"https:\/\/www.safereporting.eu\/fr\/wp-json\/wp\/v2\/pages\/1188\/revisions\/2318"}],"wp:attachment":[{"href":"https:\/\/www.safereporting.eu\/fr\/wp-json\/wp\/v2\/media?parent=1188"}],"curies":[{"name":"wp","href":"https:\/\/api.w.org\/{rel}","templated":true}]}}