{"id":1184,"date":"2023-07-31T09:51:43","date_gmt":"2023-07-31T09:51:43","guid":{"rendered":"https:\/\/www.safereporting.eu\/safe-utrecht\/"},"modified":"2024-04-18T11:05:01","modified_gmt":"2024-04-18T11:05:01","slug":"safe-utrecht","status":"publish","type":"page","link":"https:\/\/www.safereporting.eu\/fr\/safe-utrecht\/","title":{"rendered":"Safe Utrecht"},"content":{"rendered":"\t\t<div data-elementor-type=\"wp-page\" data-elementor-id=\"1184\" class=\"elementor elementor-1184 elementor-428\">\n\t\t\t\t<div class=\"elementor-element elementor-element-35cfbbe e-flex e-con-boxed e-con e-parent\" data-id=\"35cfbbe\" data-element_type=\"container\" data-settings=\"{&quot;background_background&quot;:&quot;classic&quot;,&quot;content_width&quot;:&quot;boxed&quot;}\" data-core-v316-plus=\"true\">\n\t\t\t\t\t<div class=\"e-con-inner\">\n\t\t<div class=\"elementor-element elementor-element-4182fca e-con-full e-flex e-con e-child\" data-id=\"4182fca\" data-element_type=\"container\" data-settings=\"{&quot;content_width&quot;:&quot;full&quot;}\">\n\t\t\t\t<div class=\"elementor-element elementor-element-7b51e61 elementor-widget elementor-widget-heading\" data-id=\"7b51e61\" data-element_type=\"widget\" data-widget_type=\"heading.default\">\n\t\t\t\t<div class=\"elementor-widget-container\">\n\t\t\t<style>\/*! elementor - v3.19.0 - 07-02-2024 *\/\n.elementor-heading-title{padding:0;margin:0;line-height:1}.elementor-widget-heading .elementor-heading-title[class*=elementor-size-]>a{color:inherit;font-size:inherit;line-height:inherit}.elementor-widget-heading .elementor-heading-title.elementor-size-small{font-size:15px}.elementor-widget-heading .elementor-heading-title.elementor-size-medium{font-size:19px}.elementor-widget-heading .elementor-heading-title.elementor-size-large{font-size:29px}.elementor-widget-heading .elementor-heading-title.elementor-size-xl{font-size:39px}.elementor-widget-heading .elementor-heading-title.elementor-size-xxl{font-size:59px}<\/style><h1 class=\"elementor-heading-title elementor-size-default\">Projet Safe reporting \u00e0 Gand<\/h1>\t\t<\/div>\n\t\t\t\t<\/div>\n\t\t\t\t<div class=\"elementor-element elementor-element-839beb7 elementor-widget elementor-widget-heading\" data-id=\"839beb7\" data-element_type=\"widget\" data-widget_type=\"heading.default\">\n\t\t\t\t<div class=\"elementor-widget-container\">\n\t\t\t<h1 class=\"elementor-heading-title elementor-size-default\">Utrecht<\/h1>\t\t<\/div>\n\t\t\t\t<\/div>\n\t\t\t\t<\/div>\n\t\t\t\t\t<\/div>\n\t\t\t\t<\/div>\n\t\t<div class=\"elementor-element elementor-element-02e740b e-flex e-con-boxed e-con e-parent\" data-id=\"02e740b\" data-element_type=\"container\" data-settings=\"{&quot;content_width&quot;:&quot;boxed&quot;}\" data-core-v316-plus=\"true\">\n\t\t\t\t\t<div class=\"e-con-inner\">\n\t\t<div class=\"elementor-element elementor-element-06acc0c safe-content-page e-flex e-con-boxed e-con e-child\" data-id=\"06acc0c\" data-element_type=\"container\" data-settings=\"{&quot;content_width&quot;:&quot;boxed&quot;}\">\n\t\t\t\t\t<div class=\"e-con-inner\">\n\t\t<div class=\"elementor-element elementor-element-797c326 e-flex e-con-boxed e-con e-child\" data-id=\"797c326\" data-element_type=\"container\" data-settings=\"{&quot;content_width&quot;:&quot;boxed&quot;}\">\n\t\t\t\t\t<div class=\"e-con-inner\">\n\t\t\t\t<div class=\"elementor-element elementor-element-efcbd40 elementor-widget elementor-widget-heading\" data-id=\"efcbd40\" data-element_type=\"widget\" data-widget_type=\"heading.default\">\n\t\t\t\t<div class=\"elementor-widget-container\">\n\t\t\t<h2 class=\"elementor-heading-title elementor-size-default\">Contexte<\/h2>\t\t<\/div>\n\t\t\t\t<\/div>\n\t\t\t\t<div class=\"elementor-element elementor-element-c4dd2cf elementor-widget elementor-widget-text-editor\" data-id=\"c4dd2cf\" data-element_type=\"widget\" data-widget_type=\"text-editor.default\">\n\t\t\t\t<div class=\"elementor-widget-container\">\n\t\t\t<style>\/*! elementor - v3.19.0 - 07-02-2024 *\/\n.elementor-widget-text-editor.elementor-drop-cap-view-stacked .elementor-drop-cap{background-color:#69727d;color:#fff}.elementor-widget-text-editor.elementor-drop-cap-view-framed .elementor-drop-cap{color:#69727d;border:3px solid;background-color:transparent}.elementor-widget-text-editor:not(.elementor-drop-cap-view-default) .elementor-drop-cap{margin-top:8px}.elementor-widget-text-editor:not(.elementor-drop-cap-view-default) .elementor-drop-cap-letter{width:1em;height:1em}.elementor-widget-text-editor .elementor-drop-cap{float:left;text-align:center;line-height:1;font-size:50px}.elementor-widget-text-editor .elementor-drop-cap-letter{display:inline-block}<\/style>\t\t\t\t<p>La politique de d\u00e9nonciation s\u00fbre visait initialement les victimes de la traite des \u00eatres humains, mais elle est d\u00e9sormais \u00e9galement disponible pour d\u00e9noncer des infractions telles que, entre autres, les vols avec violence, les violences au travail, les abus ou l\u2019exploitation par le travail. Toutefois, l\u2019existence de cette politique n\u2019est pas tr\u00e8s connue aux Pays-Bas, pas m\u00eame dans les villes d\u2019Utrecht et d\u2019Amsterdam o\u00f9 elle est efficacement mise en \u0153uvre. D\u2019une part, les personnes migrantes sans papiers ne connaissent pas les proc\u00e9dures ou ont tout simplement tr\u00e8s peur de contacter la police. . D\u2019autre part, les agents de police n\u2019appliquent pas la proc\u00e9dure, soit parce qu\u2019ils ne la connaissent pas, soit parce qu\u2019ils consid\u00e8rent les victimes comme des personnes d\u00e9linquantes ou criminelles, ce qui renforce la peur des victimes de d\u00e9noncer les infractions qu\u2019elles subissent.<\/p>\n<p>Le projet pilote \u00ab free in, free out \u00bb (entr\u00e9e libre, sortie libre) est une pratique locale qui fait preuve de r\u00e9ussite. Il garantit aux personnes migrantes en situation irr\u00e9guli\u00e8re de se rendre librement au poste de police pour d\u00e9noncer une infraction et de quitter le poste sans \u00eatre arr\u00eat\u00e9es ou inculp\u00e9es. <\/p>\n\t\t\t\t\t\t<\/div>\n\t\t\t\t<\/div>\n\t\t\t\t<div class=\"elementor-element elementor-element-d0f3e3d elementor-widget elementor-widget-heading\" data-id=\"d0f3e3d\" data-element_type=\"widget\" data-widget_type=\"heading.default\">\n\t\t\t\t<div class=\"elementor-widget-container\">\n\t\t\t<h2 class=\"elementor-heading-title elementor-size-default\">Objectifs<\/h2>\t\t<\/div>\n\t\t\t\t<\/div>\n\t\t\t\t<div class=\"elementor-element elementor-element-88c22ba elementor-widget elementor-widget-text-editor\" data-id=\"88c22ba\" data-element_type=\"widget\" data-widget_type=\"text-editor.default\">\n\t\t\t\t<div class=\"elementor-widget-container\">\n\t\t\t\t\t\t\t<p>En participant au projet Safe Reporting, nous souhaitons mieux comprendre la mise en \u0153uvre des politiques de d\u00e9nonciation s\u00fbre et des m\u00e9canismes y aff\u00e9rents aux Pays-Bas, particuli\u00e8rement \u00e0 Utrecht. Les travaux de recherche sur les politiques de d\u00e9nonciation s\u00fbre dans diff\u00e9rentes villes de notre pays, associ\u00e9s \u00e0 toutes les connaissances scientifiques disponibles sur ce sujet aux Pays-Bas, nous aideront \u00e0 acqu\u00e9rir de l\u2019expertise et \u00e0 cr\u00e9er des outils visant \u00e0 am\u00e9liorer la d\u00e9nonciation s\u00fbre des infractions au service d\u2019une communaut\u00e9 vuln\u00e9rable qui fait partie de notre ville.<\/p>\n\t\t\t\t\t\t<\/div>\n\t\t\t\t<\/div>\n\t\t\t\t<div class=\"elementor-element elementor-element-452e0d1 elementor-widget elementor-widget-heading\" data-id=\"452e0d1\" data-element_type=\"widget\" data-widget_type=\"heading.default\">\n\t\t\t\t<div class=\"elementor-widget-container\">\n\t\t\t<h2 class=\"elementor-heading-title elementor-size-default\">Partenaires<\/h2>\t\t<\/div>\n\t\t\t\t<\/div>\n\t\t\t\t<div class=\"elementor-element elementor-element-130858c elementor-widget elementor-widget-text-editor\" data-id=\"130858c\" data-element_type=\"widget\" data-widget_type=\"text-editor.default\">\n\t\t\t\t<div class=\"elementor-widget-container\">\n\t\t\t\t\t\t\t<p>Forces de police<br \/>Organisations non gouvernementales<br \/>Institutions universitaires <br \/>Services sociaux <br \/>Autres villes comprenant Amsterdam<\/p>\n\t\t\t\t\t\t<\/div>\n\t\t\t\t<\/div>\n\t\t\t\t<div class=\"elementor-element elementor-element-6f48ddc elementor-widget elementor-widget-heading\" data-id=\"6f48ddc\" data-element_type=\"widget\" data-widget_type=\"heading.default\">\n\t\t\t\t<div class=\"elementor-widget-container\">\n\t\t\t<h2 class=\"elementor-heading-title elementor-size-default\">Outils<\/h2>\t\t<\/div>\n\t\t\t\t<\/div>\n\t\t\t\t<div class=\"elementor-element elementor-element-d162d59 resources elementor-widget elementor-widget-text-editor\" data-id=\"d162d59\" data-element_type=\"widget\" data-widget_type=\"text-editor.default\">\n\t\t\t\t<div class=\"elementor-widget-container\">\n\t\t\t\t\t\t\t<p>RAPPORT Country report about pioneering strategies on safe reporting of crime [<a href=\"https:\/\/www.safereporting.eu\/wp-content\/uploads\/2023\/11\/SR_Report_UTRECHT_EN.pdf\">English<\/a>] [<a href=\"https:\/\/www.safereporting.eu\/wp-content\/uploads\/2023\/11\/SR_Report_UTRECHT_NL.pdf\">Nederlands<\/a>]<\/p>\n\t\t\t\t\t\t<\/div>\n\t\t\t\t<\/div>\n\t\t\t\t<div class=\"elementor-element elementor-element-95059fd elementor-widget elementor-widget-heading\" data-id=\"95059fd\" data-element_type=\"widget\" data-widget_type=\"heading.default\">\n\t\t\t\t<div class=\"elementor-widget-container\">\n\t\t\t<h2 class=\"elementor-heading-title elementor-size-default\">Contact<\/h2>\t\t<\/div>\n\t\t\t\t<\/div>\n\t\t\t\t<div class=\"elementor-element elementor-element-448e4ff elementor-widget elementor-widget-text-editor\" data-id=\"448e4ff\" data-element_type=\"widget\" data-widget_type=\"text-editor.default\">\n\t\t\t\t<div class=\"elementor-widget-container\">\n\t\t\t\t\t\t\t<p>kelly.bezema@utrecht.nl<\/p>\n\t\t\t\t\t\t<\/div>\n\t\t\t\t<\/div>\n\t\t\t\t\t<\/div>\n\t\t\t\t<\/div>\n\t\t\t\t\t<\/div>\n\t\t\t\t<\/div>\n\t\t\t\t\t<\/div>\n\t\t\t\t<\/div>\n\t\t\t\t<\/div>\n\t\t","protected":false},"excerpt":{"rendered":"<p>Projet Safe reporting \u00e0 Gand Utrecht Contexte La politique de d\u00e9nonciation s\u00fbre visait initialement les victimes de la traite des \u00eatres humains, mais elle est d\u00e9sormais \u00e9galement disponible pour d\u00e9noncer des infractions telles que, entre autres, les vols avec violence, les violences au travail, les abus ou l\u2019exploitation par le travail. Toutefois, l\u2019existence de cette politique n\u2019est pas tr\u00e8s connue aux Pays-Bas, pas m\u00eame dans les villes d\u2019Utrecht et d\u2019Amsterdam o\u00f9 elle est efficacement mise en \u0153uvre. D\u2019une part, les personnes migrantes sans papiers ne connaissent pas les proc\u00e9dures ou ont tout simplement tr\u00e8s peur de contacter la police. . D\u2019autre part, les agents de police n\u2019appliquent pas la proc\u00e9dure, soit parce qu\u2019ils ne la connaissent pas, soit parce qu\u2019ils consid\u00e8rent les victimes comme des personnes d\u00e9linquantes ou criminelles, ce qui renforce la peur des victimes de d\u00e9noncer les infractions qu\u2019elles subissent. Le projet pilote \u00ab free in, free out \u00bb (entr\u00e9e libre, sortie libre) est une pratique locale qui fait preuve de r\u00e9ussite. Il garantit aux personnes migrantes en situation irr\u00e9guli\u00e8re de se rendre librement au poste de police pour d\u00e9noncer une infraction et de quitter le poste sans \u00eatre arr\u00eat\u00e9es ou inculp\u00e9es. Objectifs En participant au projet Safe Reporting, nous souhaitons mieux comprendre la mise en \u0153uvre des politiques de d\u00e9nonciation s\u00fbre et des m\u00e9canismes y aff\u00e9rents aux Pays-Bas, particuli\u00e8rement \u00e0 Utrecht. Les travaux de recherche sur les politiques de d\u00e9nonciation s\u00fbre dans diff\u00e9rentes villes de notre pays, associ\u00e9s \u00e0 toutes les connaissances scientifiques disponibles sur ce sujet aux Pays-Bas, nous aideront \u00e0 acqu\u00e9rir de l\u2019expertise et \u00e0 cr\u00e9er des outils visant \u00e0 am\u00e9liorer la d\u00e9nonciation s\u00fbre des infractions au service d\u2019une communaut\u00e9 vuln\u00e9rable qui fait partie de notre ville. Partenaires Forces de policeOrganisations non gouvernementalesInstitutions universitaires Services sociaux Autres villes comprenant Amsterdam Outils RAPPORT Country report about pioneering strategies on safe reporting of crime [English] [Nederlands] Contact kelly.bezema@utrecht.nl<\/p>\n","protected":false},"author":5,"featured_media":0,"parent":0,"menu_order":0,"comment_status":"closed","ping_status":"closed","template":"","meta":{"footnotes":""},"class_list":["post-1184","page","type-page","status-publish","hentry"],"_links":{"self":[{"href":"https:\/\/www.safereporting.eu\/fr\/wp-json\/wp\/v2\/pages\/1184","targetHints":{"allow":["GET"]}}],"collection":[{"href":"https:\/\/www.safereporting.eu\/fr\/wp-json\/wp\/v2\/pages"}],"about":[{"href":"https:\/\/www.safereporting.eu\/fr\/wp-json\/wp\/v2\/types\/page"}],"author":[{"embeddable":true,"href":"https:\/\/www.safereporting.eu\/fr\/wp-json\/wp\/v2\/users\/5"}],"replies":[{"embeddable":true,"href":"https:\/\/www.safereporting.eu\/fr\/wp-json\/wp\/v2\/comments?post=1184"}],"version-history":[{"count":7,"href":"https:\/\/www.safereporting.eu\/fr\/wp-json\/wp\/v2\/pages\/1184\/revisions"}],"predecessor-version":[{"id":2373,"href":"https:\/\/www.safereporting.eu\/fr\/wp-json\/wp\/v2\/pages\/1184\/revisions\/2373"}],"wp:attachment":[{"href":"https:\/\/www.safereporting.eu\/fr\/wp-json\/wp\/v2\/media?parent=1184"}],"curies":[{"name":"wp","href":"https:\/\/api.w.org\/{rel}","templated":true}]}}