{"id":1174,"date":"2023-07-31T09:50:43","date_gmt":"2023-07-31T09:50:43","guid":{"rendered":"https:\/\/www.safereporting.eu\/safe-milan\/"},"modified":"2023-11-16T15:19:29","modified_gmt":"2023-11-16T15:19:29","slug":"safe-milan","status":"publish","type":"page","link":"https:\/\/www.safereporting.eu\/fr\/safe-milan\/","title":{"rendered":"Milan"},"content":{"rendered":"\t\t<div data-elementor-type=\"wp-page\" data-elementor-id=\"1174\" class=\"elementor elementor-1174 elementor-423\">\n\t\t\t\t<div class=\"elementor-element elementor-element-35cfbbe e-flex e-con-boxed e-con e-parent\" data-id=\"35cfbbe\" data-element_type=\"container\" data-settings=\"{&quot;background_background&quot;:&quot;classic&quot;,&quot;content_width&quot;:&quot;boxed&quot;}\" data-core-v316-plus=\"true\">\n\t\t\t\t\t<div class=\"e-con-inner\">\n\t\t<div class=\"elementor-element elementor-element-4182fca e-con-full e-flex e-con e-parent\" data-id=\"4182fca\" data-element_type=\"container\" data-settings=\"{&quot;content_width&quot;:&quot;full&quot;}\" data-core-v316-plus=\"true\">\n\t\t\t\t<div class=\"elementor-element elementor-element-7b51e61 elementor-widget elementor-widget-heading\" data-id=\"7b51e61\" data-element_type=\"widget\" data-widget_type=\"heading.default\">\n\t\t\t\t<div class=\"elementor-widget-container\">\n\t\t\t<style>\/*! elementor - v3.19.0 - 07-02-2024 *\/\n.elementor-heading-title{padding:0;margin:0;line-height:1}.elementor-widget-heading .elementor-heading-title[class*=elementor-size-]>a{color:inherit;font-size:inherit;line-height:inherit}.elementor-widget-heading .elementor-heading-title.elementor-size-small{font-size:15px}.elementor-widget-heading .elementor-heading-title.elementor-size-medium{font-size:19px}.elementor-widget-heading .elementor-heading-title.elementor-size-large{font-size:29px}.elementor-widget-heading .elementor-heading-title.elementor-size-xl{font-size:39px}.elementor-widget-heading .elementor-heading-title.elementor-size-xxl{font-size:59px}<\/style><h1 class=\"elementor-heading-title elementor-size-default\">Projet Safe reporting \u00e0<\/h1>\t\t<\/div>\n\t\t\t\t<\/div>\n\t\t\t\t<div class=\"elementor-element elementor-element-839beb7 elementor-widget elementor-widget-heading\" data-id=\"839beb7\" data-element_type=\"widget\" data-widget_type=\"heading.default\">\n\t\t\t\t<div class=\"elementor-widget-container\">\n\t\t\t<h1 class=\"elementor-heading-title elementor-size-default\">Milan<\/h1>\t\t<\/div>\n\t\t\t\t<\/div>\n\t\t\t\t<\/div>\n\t\t\t\t\t<\/div>\n\t\t\t\t<\/div>\n\t\t<div class=\"elementor-element elementor-element-02e740b e-flex e-con-boxed e-con e-parent\" data-id=\"02e740b\" data-element_type=\"container\" data-settings=\"{&quot;content_width&quot;:&quot;boxed&quot;}\" data-core-v316-plus=\"true\">\n\t\t\t\t\t<div class=\"e-con-inner\">\n\t\t<div class=\"elementor-element elementor-element-06acc0c safe-content-page e-flex e-con-boxed e-con e-parent\" data-id=\"06acc0c\" data-element_type=\"container\" data-settings=\"{&quot;content_width&quot;:&quot;boxed&quot;}\" data-core-v316-plus=\"true\">\n\t\t\t\t\t<div class=\"e-con-inner\">\n\t\t<div class=\"elementor-element elementor-element-797c326 e-flex e-con-boxed e-con e-parent\" data-id=\"797c326\" data-element_type=\"container\" data-settings=\"{&quot;content_width&quot;:&quot;boxed&quot;}\" data-core-v316-plus=\"true\">\n\t\t\t\t\t<div class=\"e-con-inner\">\n\t\t\t\t<div class=\"elementor-element elementor-element-efcbd40 elementor-widget elementor-widget-heading\" data-id=\"efcbd40\" data-element_type=\"widget\" data-widget_type=\"heading.default\">\n\t\t\t\t<div class=\"elementor-widget-container\">\n\t\t\t<h2 class=\"elementor-heading-title elementor-size-default\">Contexte<\/h2>\t\t<\/div>\n\t\t\t\t<\/div>\n\t\t\t\t<div class=\"elementor-element elementor-element-c4dd2cf elementor-widget elementor-widget-text-editor\" data-id=\"c4dd2cf\" data-element_type=\"widget\" data-widget_type=\"text-editor.default\">\n\t\t\t\t<div class=\"elementor-widget-container\">\n\t\t\t<style>\/*! elementor - v3.19.0 - 07-02-2024 *\/\n.elementor-widget-text-editor.elementor-drop-cap-view-stacked .elementor-drop-cap{background-color:#69727d;color:#fff}.elementor-widget-text-editor.elementor-drop-cap-view-framed .elementor-drop-cap{color:#69727d;border:3px solid;background-color:transparent}.elementor-widget-text-editor:not(.elementor-drop-cap-view-default) .elementor-drop-cap{margin-top:8px}.elementor-widget-text-editor:not(.elementor-drop-cap-view-default) .elementor-drop-cap-letter{width:1em;height:1em}.elementor-widget-text-editor .elementor-drop-cap{float:left;text-align:center;line-height:1;font-size:50px}.elementor-widget-text-editor .elementor-drop-cap-letter{display:inline-block}<\/style>\t\t\t\t<p>La loi italienne punit toute personne \u00e9trang\u00e8re qui entre ou s\u00e9journe sur son territoire en situation irr\u00e9guli\u00e8re, et les agents de police comme les agents publics ont l\u2019obligation de d\u00e9noncer leur situation car elle constitue une infraction p\u00e9nale. Parall\u00e8lement, il existe un syst\u00e8me de protection reposant sur des permis de s\u00e9jour sp\u00e9ciaux pour les personnes victimes de certaines infractions en situation irr\u00e9guli\u00e8re qui sont \u00e0 la fois incrimin\u00e9es en tant que migrants irr\u00e9guliers et prot\u00e9g\u00e9es en tant que victimes d\u2019infractions. Toutefois, la crainte d\u2019\u00eatre d\u00e9nonc\u00e9e peut conduire les personnes migrantes \u00e0 se montrer m\u00e9fiantes \u00e0 l\u2019\u00e9gard des autorit\u00e9s publiques. En Italie, les services sociaux jouent un r\u00f4le cl\u00e9 dans l\u2019aide aux victimes d\u2019infractions se trouvant en situation irr\u00e9guli\u00e8re. Ceux-ci ont mis en place un canal de d\u00e9nonciation s\u00fbr par lequel les personnes migrantes peuvent acc\u00e9der aux d\u00e9marches d\u2019insertion menant \u00e0 l\u2019obtention d\u2019un permis de s\u00e9jour sans s\u2019adresser aux autorit\u00e9s publiques. Ce service s\u2019adresse aux personnes migrantes \u00e9ligibles \u00e0 la d\u00e9livrance d\u2019un permis de s\u00e9jour sp\u00e9cial pour motifs de protection sp\u00e9ciale ou pour violence domestique. Une approche pluri-institutionnelle permet de mobiliser la Commission territoriale pour l\u2019asile, les acteurs institutionnels et les ONG, afin de coop\u00e9rer dans la d\u00e9tection des situations de violences commises envers les personnes migrantes. Le programme de protection comprend la recherche d\u2019un h\u00e9bergement, l\u2019accueil initial, l\u2019alphab\u00e9tisation et des cours d\u2019italien.<\/p>\n\t\t\t\t\t\t<\/div>\n\t\t\t\t<\/div>\n\t\t\t\t<div class=\"elementor-element elementor-element-d0f3e3d elementor-widget elementor-widget-heading\" data-id=\"d0f3e3d\" data-element_type=\"widget\" data-widget_type=\"heading.default\">\n\t\t\t\t<div class=\"elementor-widget-container\">\n\t\t\t<h2 class=\"elementor-heading-title elementor-size-default\">Objectifs<\/h2>\t\t<\/div>\n\t\t\t\t<\/div>\n\t\t\t\t<div class=\"elementor-element elementor-element-88c22ba elementor-widget elementor-widget-text-editor\" data-id=\"88c22ba\" data-element_type=\"widget\" data-widget_type=\"text-editor.default\">\n\t\t\t\t<div class=\"elementor-widget-container\">\n\t\t\t\t\t\t\t<p>L\u2019\u00e9tude a pour objectif de promouvoir l\u2019\u00e9galit\u00e9 d\u2019acc\u00e8s \u00e0 la justice pour les victimes en situation irr\u00e9guli\u00e8re, de sensibiliser au probl\u00e8me et de dresser un bilan des solutions existantes. Elle comprend des travaux de recherche exploratoire approfondie \u00e0 Milan ainsi qu\u2019une campagne de communication locale sur les r\u00e9sultats de la recherche aupr\u00e8s des personnes migrantes, des ONG et des institutions, notamment dans la perspective d\u2019un partenariat local pour des solutions de d\u00e9nonciation s\u00fbre.<\/p>\n<p>Le projet accorde une attention particuli\u00e8re aux femmes migrantes en situation irr\u00e9guli\u00e8re. En effet, celles-ci sont particuli\u00e8rement expos\u00e9es \u00e0 diverses formes de violence fond\u00e9e sur le genre (violence physique, exploitation et abus sexuels, mutilations g\u00e9nitales, mariages forc\u00e9s, etc.) et \u00e0 la traite des \u00eatres humains. Toutefois, les b\u00e9n\u00e9fices pratiques du projet concernent toutes les personnes migrantes en situation irr\u00e9guli\u00e8re, mais aussi les ONG, les autorit\u00e9s municipales, les agents de police ainsi que les avocat\u00b7es et le personnel des ONG.<\/p>\n\t\t\t\t\t\t<\/div>\n\t\t\t\t<\/div>\n\t\t\t\t<div class=\"elementor-element elementor-element-452e0d1 elementor-widget elementor-widget-heading\" data-id=\"452e0d1\" data-element_type=\"widget\" data-widget_type=\"heading.default\">\n\t\t\t\t<div class=\"elementor-widget-container\">\n\t\t\t<h2 class=\"elementor-heading-title elementor-size-default\">Partenaires<\/h2>\t\t<\/div>\n\t\t\t\t<\/div>\n\t\t\t\t<div class=\"elementor-element elementor-element-130858c elementor-widget elementor-widget-text-editor\" data-id=\"130858c\" data-element_type=\"widget\" data-widget_type=\"text-editor.default\">\n\t\t\t\t<div class=\"elementor-widget-container\">\n\t\t\t\t\t\t\t<p><a href=\"https:\/\/www.unimi.it\/en\" target=\"_blank\" style=\"text-align: var(--text-align); background-color: rgb(255, 255, 255);\">Universit\u00e9 de Milan<\/a><br \/><a href=\"https:\/\/www.comune.milano.it\/\" target=\"_blank\">City of Milan (CM)&nbsp;<\/a><a href=\"https:\/\/www.cooplotta.org\/\" target=\"_blank\">Cooperativa Lotta contro l&#8217;emarginazione CLcE<\/a><\/p>\n\t\t\t\t\t\t<\/div>\n\t\t\t\t<\/div>\n\t\t\t\t<div class=\"elementor-element elementor-element-6f48ddc elementor-widget elementor-widget-heading\" data-id=\"6f48ddc\" data-element_type=\"widget\" data-widget_type=\"heading.default\">\n\t\t\t\t<div class=\"elementor-widget-container\">\n\t\t\t<h2 class=\"elementor-heading-title elementor-size-default\">Outils<\/h2>\t\t<\/div>\n\t\t\t\t<\/div>\n\t\t\t\t<div class=\"elementor-element elementor-element-d162d59 resources elementor-widget elementor-widget-text-editor\" data-id=\"d162d59\" data-element_type=\"widget\" data-widget_type=\"text-editor.default\">\n\t\t\t\t<div class=\"elementor-widget-container\">\n\t\t\t\t\t\t\t<p>RAPPORT L&rsquo;accesso alla giustizia per le vittime di reato con status migratorio irregolare in Italia: Percorsi di denuncia sicura nella citt\u00e0 di Milano [<a href=\"https:\/\/www.safereporting.eu\/wp-content\/uploads\/2023\/11\/SR_Report_MILANO_IT.pdf\">Italiano<\/a>] [<a href=\"https:\/\/www.safereporting.eu\/wp-content\/uploads\/2023\/11\/SR_Report_MILANO_EN.pdf\">English<\/a>] <\/p>\n\t\t\t\t\t\t<\/div>\n\t\t\t\t<\/div>\n\t\t\t\t<div class=\"elementor-element elementor-element-95059fd elementor-widget elementor-widget-heading\" data-id=\"95059fd\" data-element_type=\"widget\" data-widget_type=\"heading.default\">\n\t\t\t\t<div class=\"elementor-widget-container\">\n\t\t\t<h2 class=\"elementor-heading-title elementor-size-default\">Contact<\/h2>\t\t<\/div>\n\t\t\t\t<\/div>\n\t\t\t\t<div class=\"elementor-element elementor-element-448e4ff elementor-widget elementor-widget-text-editor\" data-id=\"448e4ff\" data-element_type=\"widget\" data-widget_type=\"text-editor.default\">\n\t\t\t\t<div class=\"elementor-widget-container\">\n\t\t\t\t\t\t\t<p>marco.scoletta@unimi.it <br \/>sara.taverriti@unimi.it <br \/>francesca.vitarelli@unimi.it <\/p>\n\t\t\t\t\t\t<\/div>\n\t\t\t\t<\/div>\n\t\t\t\t\t<\/div>\n\t\t\t\t<\/div>\n\t\t\t\t\t<\/div>\n\t\t\t\t<\/div>\n\t\t\t\t\t<\/div>\n\t\t\t\t<\/div>\n\t\t\t\t<\/div>\n\t\t","protected":false},"excerpt":{"rendered":"<p>Projet Safe reporting \u00e0 Milan Contexte La loi italienne punit toute personne \u00e9trang\u00e8re qui entre ou s\u00e9journe sur son territoire en situation irr\u00e9guli\u00e8re, et les agents de police comme les agents publics ont l\u2019obligation de d\u00e9noncer leur situation car elle constitue une infraction p\u00e9nale. Parall\u00e8lement, il existe un syst\u00e8me de protection reposant sur des permis de s\u00e9jour sp\u00e9ciaux pour les personnes victimes de certaines infractions en situation irr\u00e9guli\u00e8re qui sont \u00e0 la fois incrimin\u00e9es en tant que migrants irr\u00e9guliers et prot\u00e9g\u00e9es en tant que victimes d\u2019infractions. Toutefois, la crainte d\u2019\u00eatre d\u00e9nonc\u00e9e peut conduire les personnes migrantes \u00e0 se montrer m\u00e9fiantes \u00e0 l\u2019\u00e9gard des autorit\u00e9s publiques. En Italie, les services sociaux jouent un r\u00f4le cl\u00e9 dans l\u2019aide aux victimes d\u2019infractions se trouvant en situation irr\u00e9guli\u00e8re. Ceux-ci ont mis en place un canal de d\u00e9nonciation s\u00fbr par lequel les personnes migrantes peuvent acc\u00e9der aux d\u00e9marches d\u2019insertion menant \u00e0 l\u2019obtention d\u2019un permis de s\u00e9jour sans s\u2019adresser aux autorit\u00e9s publiques. Ce service s\u2019adresse aux personnes migrantes \u00e9ligibles \u00e0 la d\u00e9livrance d\u2019un permis de s\u00e9jour sp\u00e9cial pour motifs de protection sp\u00e9ciale ou pour violence domestique. Une approche pluri-institutionnelle permet de mobiliser la Commission territoriale pour l\u2019asile, les acteurs institutionnels et les ONG, afin de coop\u00e9rer dans la d\u00e9tection des situations de violences commises envers les personnes migrantes. Le programme de protection comprend la recherche d\u2019un h\u00e9bergement, l\u2019accueil initial, l\u2019alphab\u00e9tisation et des cours d\u2019italien. Objectifs L\u2019\u00e9tude a pour objectif de promouvoir l\u2019\u00e9galit\u00e9 d\u2019acc\u00e8s \u00e0 la justice pour les victimes en situation irr\u00e9guli\u00e8re, de sensibiliser au probl\u00e8me et de dresser un bilan des solutions existantes. Elle comprend des travaux de recherche exploratoire approfondie \u00e0 Milan ainsi qu\u2019une campagne de communication locale sur les r\u00e9sultats de la recherche aupr\u00e8s des personnes migrantes, des ONG et des institutions, notamment dans la perspective d\u2019un partenariat local pour des solutions de d\u00e9nonciation s\u00fbre. Le projet accorde une attention particuli\u00e8re aux femmes migrantes en situation irr\u00e9guli\u00e8re. En effet, celles-ci sont particuli\u00e8rement expos\u00e9es \u00e0 diverses formes de violence fond\u00e9e sur le genre (violence physique, exploitation et abus sexuels, mutilations g\u00e9nitales, mariages forc\u00e9s, etc.) et \u00e0 la traite des \u00eatres humains. Toutefois, les b\u00e9n\u00e9fices pratiques du projet concernent toutes les personnes migrantes en situation irr\u00e9guli\u00e8re, mais aussi les ONG, les autorit\u00e9s municipales, les agents de police ainsi que les avocat\u00b7es et le personnel des ONG. Partenaires Universit\u00e9 de MilanCity of Milan (CM)&nbsp;Cooperativa Lotta contro l&#8217;emarginazione CLcE Outils RAPPORT L&rsquo;accesso alla giustizia per le vittime di reato con status migratorio irregolare in Italia: Percorsi di denuncia sicura nella citt\u00e0 di Milano [Italiano] [English] Contact marco.scoletta@unimi.it sara.taverriti@unimi.it francesca.vitarelli@unimi.it<\/p>\n","protected":false},"author":4,"featured_media":0,"parent":0,"menu_order":0,"comment_status":"closed","ping_status":"closed","template":"","meta":{"footnotes":""},"class_list":["post-1174","page","type-page","status-publish","hentry"],"_links":{"self":[{"href":"https:\/\/www.safereporting.eu\/fr\/wp-json\/wp\/v2\/pages\/1174","targetHints":{"allow":["GET"]}}],"collection":[{"href":"https:\/\/www.safereporting.eu\/fr\/wp-json\/wp\/v2\/pages"}],"about":[{"href":"https:\/\/www.safereporting.eu\/fr\/wp-json\/wp\/v2\/types\/page"}],"author":[{"embeddable":true,"href":"https:\/\/www.safereporting.eu\/fr\/wp-json\/wp\/v2\/users\/4"}],"replies":[{"embeddable":true,"href":"https:\/\/www.safereporting.eu\/fr\/wp-json\/wp\/v2\/comments?post=1174"}],"version-history":[{"count":6,"href":"https:\/\/www.safereporting.eu\/fr\/wp-json\/wp\/v2\/pages\/1174\/revisions"}],"predecessor-version":[{"id":1352,"href":"https:\/\/www.safereporting.eu\/fr\/wp-json\/wp\/v2\/pages\/1174\/revisions\/1352"}],"wp:attachment":[{"href":"https:\/\/www.safereporting.eu\/fr\/wp-json\/wp\/v2\/media?parent=1174"}],"curies":[{"name":"wp","href":"https:\/\/api.w.org\/{rel}","templated":true}]}}