{"id":1170,"date":"2023-07-30T16:56:43","date_gmt":"2023-07-30T16:56:43","guid":{"rendered":"https:\/\/www.safereporting.eu\/safe-barcelona\/"},"modified":"2024-04-03T12:14:52","modified_gmt":"2024-04-03T12:14:52","slug":"safe-barcelona","status":"publish","type":"page","link":"https:\/\/www.safereporting.eu\/fr\/safe-barcelona\/","title":{"rendered":"Safe Barcelona"},"content":{"rendered":"\t\t<div data-elementor-type=\"wp-page\" data-elementor-id=\"1170\" class=\"elementor elementor-1170 elementor-378\">\n\t\t\t\t<div class=\"elementor-element elementor-element-35cfbbe e-flex e-con-boxed e-con e-parent\" data-id=\"35cfbbe\" data-element_type=\"container\" data-settings=\"{&quot;background_background&quot;:&quot;classic&quot;,&quot;content_width&quot;:&quot;boxed&quot;}\" data-core-v316-plus=\"true\">\n\t\t\t\t\t<div class=\"e-con-inner\">\n\t\t<div class=\"elementor-element elementor-element-4182fca e-con-full e-flex e-con e-child\" data-id=\"4182fca\" data-element_type=\"container\" data-settings=\"{&quot;content_width&quot;:&quot;full&quot;}\">\n\t\t\t\t<div class=\"elementor-element elementor-element-7b51e61 elementor-widget elementor-widget-heading\" data-id=\"7b51e61\" data-element_type=\"widget\" data-widget_type=\"heading.default\">\n\t\t\t\t<div class=\"elementor-widget-container\">\n\t\t\t<style>\/*! elementor - v3.19.0 - 07-02-2024 *\/\n.elementor-heading-title{padding:0;margin:0;line-height:1}.elementor-widget-heading .elementor-heading-title[class*=elementor-size-]>a{color:inherit;font-size:inherit;line-height:inherit}.elementor-widget-heading .elementor-heading-title.elementor-size-small{font-size:15px}.elementor-widget-heading .elementor-heading-title.elementor-size-medium{font-size:19px}.elementor-widget-heading .elementor-heading-title.elementor-size-large{font-size:29px}.elementor-widget-heading .elementor-heading-title.elementor-size-xl{font-size:39px}.elementor-widget-heading .elementor-heading-title.elementor-size-xxl{font-size:59px}<\/style><h1 class=\"elementor-heading-title elementor-size-default\">Projet Safe reporting \u00e0<\/h1>\t\t<\/div>\n\t\t\t\t<\/div>\n\t\t\t\t<div class=\"elementor-element elementor-element-839beb7 elementor-widget elementor-widget-heading\" data-id=\"839beb7\" data-element_type=\"widget\" data-widget_type=\"heading.default\">\n\t\t\t\t<div class=\"elementor-widget-container\">\n\t\t\t<h1 class=\"elementor-heading-title elementor-size-default\">Barcelone<\/h1>\t\t<\/div>\n\t\t\t\t<\/div>\n\t\t\t\t<\/div>\n\t\t\t\t\t<\/div>\n\t\t\t\t<\/div>\n\t\t<div class=\"elementor-element elementor-element-02e740b e-flex e-con-boxed e-con e-parent\" data-id=\"02e740b\" data-element_type=\"container\" data-settings=\"{&quot;content_width&quot;:&quot;boxed&quot;}\" data-core-v316-plus=\"true\">\n\t\t\t\t\t<div class=\"e-con-inner\">\n\t\t<div class=\"elementor-element elementor-element-06acc0c safe-content-page e-flex e-con-boxed e-con e-child\" data-id=\"06acc0c\" data-element_type=\"container\" data-settings=\"{&quot;content_width&quot;:&quot;boxed&quot;}\">\n\t\t\t\t\t<div class=\"e-con-inner\">\n\t\t<div class=\"elementor-element elementor-element-797c326 e-flex e-con-boxed e-con e-child\" data-id=\"797c326\" data-element_type=\"container\" data-settings=\"{&quot;content_width&quot;:&quot;boxed&quot;}\">\n\t\t\t\t\t<div class=\"e-con-inner\">\n\t\t\t\t<div class=\"elementor-element elementor-element-efcbd40 elementor-widget elementor-widget-heading\" data-id=\"efcbd40\" data-element_type=\"widget\" data-widget_type=\"heading.default\">\n\t\t\t\t<div class=\"elementor-widget-container\">\n\t\t\t<h2 class=\"elementor-heading-title elementor-size-default\">Contexte<\/h2>\t\t<\/div>\n\t\t\t\t<\/div>\n\t\t\t\t<div class=\"elementor-element elementor-element-c4dd2cf elementor-widget elementor-widget-text-editor\" data-id=\"c4dd2cf\" data-element_type=\"widget\" data-widget_type=\"text-editor.default\">\n\t\t\t\t<div class=\"elementor-widget-container\">\n\t\t\t<style>\/*! elementor - v3.19.0 - 07-02-2024 *\/\n.elementor-widget-text-editor.elementor-drop-cap-view-stacked .elementor-drop-cap{background-color:#69727d;color:#fff}.elementor-widget-text-editor.elementor-drop-cap-view-framed .elementor-drop-cap{color:#69727d;border:3px solid;background-color:transparent}.elementor-widget-text-editor:not(.elementor-drop-cap-view-default) .elementor-drop-cap{margin-top:8px}.elementor-widget-text-editor:not(.elementor-drop-cap-view-default) .elementor-drop-cap-letter{width:1em;height:1em}.elementor-widget-text-editor .elementor-drop-cap{float:left;text-align:center;line-height:1;font-size:50px}.elementor-widget-text-editor .elementor-drop-cap-letter{display:inline-block}<\/style>\t\t\t\t<p>Dans la ville de Barcelone, il n\u2019existe aucune r\u00e9glementation garantissant que les personnes en situation irr\u00e9guli\u00e8re puissent pr\u00e9senter des d\u00e9nonciations en toute s\u00e9curit\u00e9. Aucune r\u00e9glementation ne prot\u00e8ge les personnes qui d\u00e9cident de pr\u00e9senter une d\u00e9nonciation, contre les risques \u00e9ventuels de sanctions du fait leur situation irr\u00e9guli\u00e8re. Cependant, il existe des pratiques men\u00e9es par diff\u00e9rents acteurs qui facilitent un espace s\u00fbr pour signaler. Les diff\u00e9rents p\u00f4les du Conseil municipal et les ONG ont cr\u00e9\u00e9 des m\u00e9canismes et des instruments qui permettent aux personnes migrantes de d\u00e9noncer des d\u00e9lits et des crimes avec la garantie qu\u2019aucun dossier d\u2019expulsion ne sera ouvert. Certains crimes particuli\u00e8rement graves tels que la traite des \u00eatres humains, la violence bas\u00e9e sur le genre ou les crimes de haine disposent d&rsquo;unit\u00e9s du Conseil municipal visant \u00e0 faciliter les d\u00e9clarations, \u00e0 accompagner et \u00e0 conseiller les victimes de ces crimes, y compris les victimes en situation administrative irr\u00e9guli\u00e8re. Une autre bonne pratique existante est le conseil et l&rsquo;accompagnement des ONG sp\u00e9cialis\u00e9es pour les personnes en situation irr\u00e9guli\u00e8re pour d\u00e9poser une plainte en justice. Le droit \u00e0 une assistance juridique gratuite pour toutes les victimes, quel que soit leur situation administrative, est essentiel pour mener \u00e0 bien ce chemin.<\/p>\n\t\t\t\t\t\t<\/div>\n\t\t\t\t<\/div>\n\t\t\t\t<div class=\"elementor-element elementor-element-d0f3e3d elementor-widget elementor-widget-heading\" data-id=\"d0f3e3d\" data-element_type=\"widget\" data-widget_type=\"heading.default\">\n\t\t\t\t<div class=\"elementor-widget-container\">\n\t\t\t<h2 class=\"elementor-heading-title elementor-size-default\">Objectifs<\/h2>\t\t<\/div>\n\t\t\t\t<\/div>\n\t\t\t\t<div class=\"elementor-element elementor-element-88c22ba elementor-widget elementor-widget-text-editor\" data-id=\"88c22ba\" data-element_type=\"widget\" data-widget_type=\"text-editor.default\">\n\t\t\t\t<div class=\"elementor-widget-container\">\n\t\t\t\t\t\t\t<p>Pour Barcelone, les objectifs du projet sont de sensibiliser les victimes de crimes et de d\u00e9lits se trouvant en situation irr\u00e9guli\u00e8re \u00e0 leur droit de d\u00e9noncer de tels actes, d\u2019am\u00e9liorer les conditions pour pr\u00e9senter les d\u00e9nonciations et de renforcer la coop\u00e9ration entre les autorit\u00e9s locales et les professionnels, outre les former \u00e0 cet \u00e9gard.<\/p>\n\t\t\t\t\t\t<\/div>\n\t\t\t\t<\/div>\n\t\t\t\t<div class=\"elementor-element elementor-element-452e0d1 elementor-widget elementor-widget-heading\" data-id=\"452e0d1\" data-element_type=\"widget\" data-widget_type=\"heading.default\">\n\t\t\t\t<div class=\"elementor-widget-container\">\n\t\t\t<h2 class=\"elementor-heading-title elementor-size-default\">Partenaires<\/h2>\t\t<\/div>\n\t\t\t\t<\/div>\n\t\t\t\t<div class=\"elementor-element elementor-element-130858c elementor-widget elementor-widget-text-editor\" data-id=\"130858c\" data-element_type=\"widget\" data-widget_type=\"text-editor.default\">\n\t\t\t\t<div class=\"elementor-widget-container\">\n\t\t\t\t\t\t\t<p class=\"p1\"><a href=\"https:\/\/web.ub.edu\/web\/ub\/\">Universit\u00e9 de Barcelone<\/a><br \/><a href=\"https:\/\/ispc.gencat.cat\/ca\/inici\/index.html\">Institut de Seguretat P\u00fablica de Catalunya (ISCP)<\/a><br \/><a href=\"https:\/\/www.migrastudium.org\/\">MigraStudium<\/a><\/p>\n\t\t\t\t\t\t<\/div>\n\t\t\t\t<\/div>\n\t\t\t\t<div class=\"elementor-element elementor-element-0baba58 elementor-widget elementor-widget-heading\" data-id=\"0baba58\" data-element_type=\"widget\" data-widget_type=\"heading.default\">\n\t\t\t\t<div class=\"elementor-widget-container\">\n\t\t\t<h2 class=\"elementor-heading-title elementor-size-default\">Partenaires Associ\u00e9s<\/h2>\t\t<\/div>\n\t\t\t\t<\/div>\n\t\t\t\t<div class=\"elementor-element elementor-element-086e51d elementor-widget elementor-widget-text-editor\" data-id=\"086e51d\" data-element_type=\"widget\" data-widget_type=\"text-editor.default\">\n\t\t\t\t<div class=\"elementor-widget-container\">\n\t\t\t\t\t\t\t<p><a href=\"https:\/\/www.cepaim.org\/\">CEPAIM<\/a><br \/><a href=\"https:\/\/redacoge.org\/\">Red Acoge<\/a><br \/><a href=\"https:\/\/acoge.org\/\">Andaluc\u00eda Acoge<\/a><\/p>\n\t\t\t\t\t\t<\/div>\n\t\t\t\t<\/div>\n\t\t\t\t<div class=\"elementor-element elementor-element-6f48ddc elementor-widget elementor-widget-heading\" data-id=\"6f48ddc\" data-element_type=\"widget\" data-widget_type=\"heading.default\">\n\t\t\t\t<div class=\"elementor-widget-container\">\n\t\t\t<h2 class=\"elementor-heading-title elementor-size-default\">Outils<\/h2>\t\t<\/div>\n\t\t\t\t<\/div>\n\t\t\t\t<div class=\"elementor-element elementor-element-4e6375f elementor-widget elementor-widget-text-editor\" data-id=\"4e6375f\" data-element_type=\"widget\" data-widget_type=\"text-editor.default\">\n\t\t\t\t<div class=\"elementor-widget-container\">\n\t\t\t\t\t\t\t<p><span style=\"text-align: var(--text-align); background-color: var(--bs-body-bg);\">REPORT: Innovative strategies for safe reporting in the city of Barcelona [<a href=\"https:\/\/www.safereporting.eu\/wp-content\/uploads\/2023\/10\/SR_Report_BCN.pdf\">Spanish<\/a>][<a href=\"https:\/\/www.safereporting.eu\/wp-content\/uploads\/2024\/02\/SR_Report_BCN_004.pdf\">English<\/a>]<\/span><\/p>\n<p><span style=\"text-align: var(--text-align); background-color: var(--bs-body-bg);\">REPORT: Trafficking in human beings and safe reporting strategies in the city of Barcelona [<a href=\"https:\/\/www.safereporting.eu\/wp-content\/uploads\/2024\/02\/SR_Report_BCN_WP3_CAS_CON_ANEXO.pdf\">Spanish<\/a>] [<a href=\"https:\/\/www.safereporting.eu\/wp-content\/uploads\/2024\/02\/SR_Report_BCN_WP3_EN_WITH_ANNEX.pdf\">English<\/a>]<\/span><\/p>\n<p><span style=\"text-align: var(--text-align); background-color: var(--bs-body-bg);\">List of contacts: [<a href=\"https:\/\/www.safereporting.eu\/wp-content\/uploads\/2024\/02\/Safe_Reporting_Listado_recursos_ENG.pdf\">English<\/a>][<a href=\"https:\/\/www.safereporting.eu\/wp-content\/uploads\/2024\/02\/Safe_Reporting_Listado_recursos_CAS.pdf\">Spanish<\/a>] [<a href=\"https:\/\/www.safereporting.eu\/wp-content\/uploads\/2024\/02\/Safe_Reporting_Listado_recursos_AR.pdf\">Arabian<\/a>] [<a href=\"https:\/\/www.safereporting.eu\/wp-content\/uploads\/2024\/02\/Safe_Reporting_Listado_recursos_FR.pdf\">French<\/a>]<\/span><\/p>\n\t\t\t\t\t\t<\/div>\n\t\t\t\t<\/div>\n\t\t\t\t<div class=\"elementor-element elementor-element-95059fd elementor-widget elementor-widget-heading\" data-id=\"95059fd\" data-element_type=\"widget\" data-widget_type=\"heading.default\">\n\t\t\t\t<div class=\"elementor-widget-container\">\n\t\t\t<h2 class=\"elementor-heading-title elementor-size-default\">Contact<\/h2>\t\t<\/div>\n\t\t\t\t<\/div>\n\t\t\t\t<div class=\"elementor-element elementor-element-448e4ff elementor-widget elementor-widget-text-editor\" data-id=\"448e4ff\" data-element_type=\"widget\" data-widget_type=\"text-editor.default\">\n\t\t\t\t<div class=\"elementor-widget-container\">\n\t\t\t\t\t\t\t<p><span style=\"white-space-collapse: preserve;\">Projet coordonn\u00e9 par l\u2019Universit\u00e9 de Barcelone : safe.reporting.project@ub.edu <\/span><\/p>\n\t\t\t\t\t\t<\/div>\n\t\t\t\t<\/div>\n\t\t\t\t\t<\/div>\n\t\t\t\t<\/div>\n\t\t\t\t\t<\/div>\n\t\t\t\t<\/div>\n\t\t\t\t\t<\/div>\n\t\t\t\t<\/div>\n\t\t\t\t<\/div>\n\t\t","protected":false},"excerpt":{"rendered":"<p>Projet Safe reporting \u00e0 Barcelone Contexte Dans la ville de Barcelone, il n\u2019existe aucune r\u00e9glementation garantissant que les personnes en situation irr\u00e9guli\u00e8re puissent pr\u00e9senter des d\u00e9nonciations en toute s\u00e9curit\u00e9. Aucune r\u00e9glementation ne prot\u00e8ge les personnes qui d\u00e9cident de pr\u00e9senter une d\u00e9nonciation, contre les risques \u00e9ventuels de sanctions du fait leur situation irr\u00e9guli\u00e8re. Cependant, il existe des pratiques men\u00e9es par diff\u00e9rents acteurs qui facilitent un espace s\u00fbr pour signaler. Les diff\u00e9rents p\u00f4les du Conseil municipal et les ONG ont cr\u00e9\u00e9 des m\u00e9canismes et des instruments qui permettent aux personnes migrantes de d\u00e9noncer des d\u00e9lits et des crimes avec la garantie qu\u2019aucun dossier d\u2019expulsion ne sera ouvert. Certains crimes particuli\u00e8rement graves tels que la traite des \u00eatres humains, la violence bas\u00e9e sur le genre ou les crimes de haine disposent d&rsquo;unit\u00e9s du Conseil municipal visant \u00e0 faciliter les d\u00e9clarations, \u00e0 accompagner et \u00e0 conseiller les victimes de ces crimes, y compris les victimes en situation administrative irr\u00e9guli\u00e8re. Une autre bonne pratique existante est le conseil et l&rsquo;accompagnement des ONG sp\u00e9cialis\u00e9es pour les personnes en situation irr\u00e9guli\u00e8re pour d\u00e9poser une plainte en justice. Le droit \u00e0 une assistance juridique gratuite pour toutes les victimes, quel que soit leur situation administrative, est essentiel pour mener \u00e0 bien ce chemin. Objectifs Pour Barcelone, les objectifs du projet sont de sensibiliser les victimes de crimes et de d\u00e9lits se trouvant en situation irr\u00e9guli\u00e8re \u00e0 leur droit de d\u00e9noncer de tels actes, d\u2019am\u00e9liorer les conditions pour pr\u00e9senter les d\u00e9nonciations et de renforcer la coop\u00e9ration entre les autorit\u00e9s locales et les professionnels, outre les former \u00e0 cet \u00e9gard. Partenaires Universit\u00e9 de BarceloneInstitut de Seguretat P\u00fablica de Catalunya (ISCP)MigraStudium Partenaires Associ\u00e9s CEPAIMRed AcogeAndaluc\u00eda Acoge Outils REPORT: Innovative strategies for safe reporting in the city of Barcelona [Spanish][English] REPORT: Trafficking in human beings and safe reporting strategies in the city of Barcelona [Spanish] [English] List of contacts: [English][Spanish] [Arabian] [French] Contact Projet coordonn\u00e9 par l\u2019Universit\u00e9 de Barcelone : safe.reporting.project@ub.edu<\/p>\n","protected":false},"author":3,"featured_media":0,"parent":0,"menu_order":0,"comment_status":"closed","ping_status":"closed","template":"","meta":{"footnotes":""},"class_list":["post-1170","page","type-page","status-publish","hentry"],"_links":{"self":[{"href":"https:\/\/www.safereporting.eu\/fr\/wp-json\/wp\/v2\/pages\/1170","targetHints":{"allow":["GET"]}}],"collection":[{"href":"https:\/\/www.safereporting.eu\/fr\/wp-json\/wp\/v2\/pages"}],"about":[{"href":"https:\/\/www.safereporting.eu\/fr\/wp-json\/wp\/v2\/types\/page"}],"author":[{"embeddable":true,"href":"https:\/\/www.safereporting.eu\/fr\/wp-json\/wp\/v2\/users\/3"}],"replies":[{"embeddable":true,"href":"https:\/\/www.safereporting.eu\/fr\/wp-json\/wp\/v2\/comments?post=1170"}],"version-history":[{"count":6,"href":"https:\/\/www.safereporting.eu\/fr\/wp-json\/wp\/v2\/pages\/1170\/revisions"}],"predecessor-version":[{"id":2339,"href":"https:\/\/www.safereporting.eu\/fr\/wp-json\/wp\/v2\/pages\/1170\/revisions\/2339"}],"wp:attachment":[{"href":"https:\/\/www.safereporting.eu\/fr\/wp-json\/wp\/v2\/media?parent=1170"}],"curies":[{"name":"wp","href":"https:\/\/api.w.org\/{rel}","templated":true}]}}