{"id":841,"date":"2023-07-30T16:17:08","date_gmt":"2023-07-30T16:17:08","guid":{"rendered":"https:\/\/www.safereporting.eu\/context\/"},"modified":"2024-04-18T10:54:14","modified_gmt":"2024-04-18T10:54:14","slug":"context","status":"publish","type":"page","link":"https:\/\/www.safereporting.eu\/es\/context\/","title":{"rendered":"Contexto"},"content":{"rendered":"\t\t<div data-elementor-type=\"wp-page\" data-elementor-id=\"841\" class=\"elementor elementor-841 elementor-315\">\n\t\t\t\t<div class=\"elementor-element elementor-element-35cfbbe e-flex e-con-boxed e-con e-parent\" data-id=\"35cfbbe\" data-element_type=\"container\" data-settings=\"{&quot;background_background&quot;:&quot;classic&quot;,&quot;content_width&quot;:&quot;boxed&quot;}\" data-core-v316-plus=\"true\">\n\t\t\t\t\t<div class=\"e-con-inner\">\n\t\t<div class=\"elementor-element elementor-element-4182fca e-con-full e-flex e-con e-child\" data-id=\"4182fca\" data-element_type=\"container\" data-settings=\"{&quot;content_width&quot;:&quot;full&quot;}\">\n\t\t\t\t<div class=\"elementor-element elementor-element-7b51e61 elementor-widget elementor-widget-heading\" data-id=\"7b51e61\" data-element_type=\"widget\" data-widget_type=\"heading.default\">\n\t\t\t\t<div class=\"elementor-widget-container\">\n\t\t\t<style>\/*! elementor - v3.19.0 - 07-02-2024 *\/\n.elementor-heading-title{padding:0;margin:0;line-height:1}.elementor-widget-heading .elementor-heading-title[class*=elementor-size-]>a{color:inherit;font-size:inherit;line-height:inherit}.elementor-widget-heading .elementor-heading-title.elementor-size-small{font-size:15px}.elementor-widget-heading .elementor-heading-title.elementor-size-medium{font-size:19px}.elementor-widget-heading .elementor-heading-title.elementor-size-large{font-size:29px}.elementor-widget-heading .elementor-heading-title.elementor-size-xl{font-size:39px}.elementor-widget-heading .elementor-heading-title.elementor-size-xxl{font-size:59px}<\/style><h1 class=\"elementor-heading-title elementor-size-default\">Denuncia segura y el derecho a la justicia<\/h1>\t\t<\/div>\n\t\t\t\t<\/div>\n\t\t\t\t<\/div>\n\t\t\t\t\t<\/div>\n\t\t\t\t<\/div>\n\t\t<div class=\"elementor-element elementor-element-02e740b e-flex e-con-boxed e-con e-parent\" data-id=\"02e740b\" data-element_type=\"container\" data-settings=\"{&quot;content_width&quot;:&quot;boxed&quot;}\" data-core-v316-plus=\"true\">\n\t\t\t\t\t<div class=\"e-con-inner\">\n\t\t\t\t<div class=\"elementor-element elementor-element-efcbd40 elementor-widget elementor-widget-heading\" data-id=\"efcbd40\" data-element_type=\"widget\" data-widget_type=\"heading.default\">\n\t\t\t\t<div class=\"elementor-widget-container\">\n\t\t\t<h2 class=\"elementor-heading-title elementor-size-default\">La Directiva sobre los Derechos de las V\u00edctimas de 2012 establece un conjunto com\u00fan de derechos para todas las v\u00edctimas y se refiere expl\u00edcitamente a la protecci\u00f3n de todas las v\u00edctimas sin discriminaci\u00f3n basada en su residencia. La Estrategia de la UE sobre los derechos de las v\u00edctimas (2020-2025) tiene como objetivo asegurar que todas las v\u00edctimas de todos los delitos, sin importar d\u00f3nde se encuentren dentro de la UE o las circunstancias en que se cometi\u00f3 el delito, puedan confiar plenamente en sus derechos. Dentro de este marco, tambi\u00e9n reconoce que las personas migrantes con estatus migratorio irregular que se convierten en v\u00edctimas de delitos a menudo se encuentran en una posici\u00f3n vulnerable y pueden tener dificultades para acceder a la justicia. Si informan de la comisi\u00f3n de un delito a la polic\u00eda, se exponen a que se inicie un procedimiento que puede llevar a una orden de expulsi\u00f3n. <\/h2>\t\t<\/div>\n\t\t\t\t<\/div>\n\t\t<div class=\"elementor-element elementor-element-06acc0c safe-content-page e-flex e-con-boxed e-con e-child\" data-id=\"06acc0c\" data-element_type=\"container\" data-settings=\"{&quot;content_width&quot;:&quot;boxed&quot;}\">\n\t\t\t\t\t<div class=\"e-con-inner\">\n\t\t<div class=\"elementor-element elementor-element-797c326 e-flex e-con-boxed e-con e-child\" data-id=\"797c326\" data-element_type=\"container\" data-settings=\"{&quot;content_width&quot;:&quot;boxed&quot;}\">\n\t\t\t\t\t<div class=\"e-con-inner\">\n\t\t\t\t<div class=\"elementor-element elementor-element-c4dd2cf elementor-widget elementor-widget-text-editor\" data-id=\"c4dd2cf\" data-element_type=\"widget\" data-widget_type=\"text-editor.default\">\n\t\t\t\t<div class=\"elementor-widget-container\">\n\t\t\t<style>\/*! elementor - v3.19.0 - 07-02-2024 *\/\n.elementor-widget-text-editor.elementor-drop-cap-view-stacked .elementor-drop-cap{background-color:#69727d;color:#fff}.elementor-widget-text-editor.elementor-drop-cap-view-framed .elementor-drop-cap{color:#69727d;border:3px solid;background-color:transparent}.elementor-widget-text-editor:not(.elementor-drop-cap-view-default) .elementor-drop-cap{margin-top:8px}.elementor-widget-text-editor:not(.elementor-drop-cap-view-default) .elementor-drop-cap-letter{width:1em;height:1em}.elementor-widget-text-editor .elementor-drop-cap{float:left;text-align:center;line-height:1;font-size:50px}.elementor-widget-text-editor .elementor-drop-cap-letter{display:inline-block}<\/style>\t\t\t\t<p>En este contexto, no sorprende que en Europa miles de personas en situaci\u00f3n irregular no denuncien los cr\u00edmenes que sufren en todos los \u00e1mbitos de su vida, desde la explotaci\u00f3n laboral hasta las estafas o agresiones racistas, entre muchas otras.<\/p>\n<p>El proyecto Safe Reporting quiere poner \u00e9nfasis en esta violaci\u00f3n de los derechos humanos y promover mecanismos para garantizar la igualdad en el acceso a la justicia en los pa\u00edses de la Uni\u00f3n Europea. El proyecto da prioridad a los derechos de las v\u00edctimas y presta una atenci\u00f3n especial a los delitos de g\u00e9nero como la violencia de g\u00e9nero y el tr\u00e1fico de personas con fines de explotaci\u00f3n sexual.<\/p>\n\t\t\t\t\t\t<\/div>\n\t\t\t\t<\/div>\n\t\t\t\t\t<\/div>\n\t\t\t\t<\/div>\n\t\t\t\t\t<\/div>\n\t\t\t\t<\/div>\n\t\t\t\t\t<\/div>\n\t\t\t\t<\/div>\n\t\t\t\t<\/div>\n\t\t","protected":false},"excerpt":{"rendered":"<p>Denuncia segura y el derecho a la justicia La Directiva sobre los Derechos de las V\u00edctimas de 2012 establece un conjunto com\u00fan de derechos para todas las v\u00edctimas y se refiere expl\u00edcitamente a la protecci\u00f3n de todas las v\u00edctimas sin discriminaci\u00f3n basada en su residencia. La Estrategia de la UE sobre los derechos de las v\u00edctimas (2020-2025) tiene como objetivo asegurar que todas las v\u00edctimas de todos los delitos, sin importar d\u00f3nde se encuentren dentro de la UE o las circunstancias en que se cometi\u00f3 el delito, puedan confiar plenamente en sus derechos. Dentro de este marco, tambi\u00e9n reconoce que las personas migrantes con estatus migratorio irregular que se convierten en v\u00edctimas de delitos a menudo se encuentran en una posici\u00f3n vulnerable y pueden tener dificultades para acceder a la justicia. Si informan de la comisi\u00f3n de un delito a la polic\u00eda, se exponen a que se inicie un procedimiento que puede llevar a una orden de expulsi\u00f3n. En este contexto, no sorprende que en Europa miles de personas en situaci\u00f3n irregular no denuncien los cr\u00edmenes que sufren en todos los \u00e1mbitos de su vida, desde la explotaci\u00f3n laboral hasta las estafas o agresiones racistas, entre muchas otras. El proyecto Safe Reporting quiere poner \u00e9nfasis en esta violaci\u00f3n de los derechos humanos y promover mecanismos para garantizar la igualdad en el acceso a la justicia en los pa\u00edses de la Uni\u00f3n Europea. El proyecto da prioridad a los derechos de las v\u00edctimas y presta una atenci\u00f3n especial a los delitos de g\u00e9nero como la violencia de g\u00e9nero y el tr\u00e1fico de personas con fines de explotaci\u00f3n sexual.<\/p>\n","protected":false},"author":1,"featured_media":0,"parent":0,"menu_order":0,"comment_status":"closed","ping_status":"closed","template":"","meta":{"footnotes":""},"class_list":["post-841","page","type-page","status-publish","hentry"],"_links":{"self":[{"href":"https:\/\/www.safereporting.eu\/es\/wp-json\/wp\/v2\/pages\/841","targetHints":{"allow":["GET"]}}],"collection":[{"href":"https:\/\/www.safereporting.eu\/es\/wp-json\/wp\/v2\/pages"}],"about":[{"href":"https:\/\/www.safereporting.eu\/es\/wp-json\/wp\/v2\/types\/page"}],"author":[{"embeddable":true,"href":"https:\/\/www.safereporting.eu\/es\/wp-json\/wp\/v2\/users\/1"}],"replies":[{"embeddable":true,"href":"https:\/\/www.safereporting.eu\/es\/wp-json\/wp\/v2\/comments?post=841"}],"version-history":[{"count":17,"href":"https:\/\/www.safereporting.eu\/es\/wp-json\/wp\/v2\/pages\/841\/revisions"}],"predecessor-version":[{"id":2353,"href":"https:\/\/www.safereporting.eu\/es\/wp-json\/wp\/v2\/pages\/841\/revisions\/2353"}],"wp:attachment":[{"href":"https:\/\/www.safereporting.eu\/es\/wp-json\/wp\/v2\/media?parent=841"}],"curies":[{"name":"wp","href":"https:\/\/api.w.org\/{rel}","templated":true}]}}