{"id":1237,"date":"2023-07-31T09:51:43","date_gmt":"2023-07-31T09:51:43","guid":{"rendered":"https:\/\/www.safereporting.eu\/safe-utrecht\/"},"modified":"2023-12-11T14:56:04","modified_gmt":"2023-12-11T14:56:04","slug":"safe-utrecht","status":"publish","type":"page","link":"https:\/\/www.safereporting.eu\/es\/safe-utrecht\/","title":{"rendered":"Utrecht"},"content":{"rendered":"\t\t<div data-elementor-type=\"wp-page\" data-elementor-id=\"1237\" class=\"elementor elementor-1237 elementor-428\">\n\t\t\t\t<div class=\"elementor-element elementor-element-35cfbbe e-flex e-con-boxed e-con e-parent\" data-id=\"35cfbbe\" data-element_type=\"container\" data-settings=\"{&quot;background_background&quot;:&quot;classic&quot;,&quot;content_width&quot;:&quot;boxed&quot;}\" data-core-v316-plus=\"true\">\n\t\t\t\t\t<div class=\"e-con-inner\">\n\t\t<div class=\"elementor-element elementor-element-4182fca e-con-full e-flex e-con e-parent\" data-id=\"4182fca\" data-element_type=\"container\" data-settings=\"{&quot;content_width&quot;:&quot;full&quot;}\" data-core-v316-plus=\"true\">\n\t\t\t\t<div class=\"elementor-element elementor-element-7b51e61 elementor-widget elementor-widget-heading\" data-id=\"7b51e61\" data-element_type=\"widget\" data-widget_type=\"heading.default\">\n\t\t\t\t<div class=\"elementor-widget-container\">\n\t\t\t<style>\/*! elementor - v3.19.0 - 07-02-2024 *\/\n.elementor-heading-title{padding:0;margin:0;line-height:1}.elementor-widget-heading .elementor-heading-title[class*=elementor-size-]>a{color:inherit;font-size:inherit;line-height:inherit}.elementor-widget-heading .elementor-heading-title.elementor-size-small{font-size:15px}.elementor-widget-heading .elementor-heading-title.elementor-size-medium{font-size:19px}.elementor-widget-heading .elementor-heading-title.elementor-size-large{font-size:29px}.elementor-widget-heading .elementor-heading-title.elementor-size-xl{font-size:39px}.elementor-widget-heading .elementor-heading-title.elementor-size-xxl{font-size:59px}<\/style><h1 class=\"elementor-heading-title elementor-size-default\">Proyecto Safe Reporting en<\/h1>\t\t<\/div>\n\t\t\t\t<\/div>\n\t\t\t\t<div class=\"elementor-element elementor-element-839beb7 elementor-widget elementor-widget-heading\" data-id=\"839beb7\" data-element_type=\"widget\" data-widget_type=\"heading.default\">\n\t\t\t\t<div class=\"elementor-widget-container\">\n\t\t\t<h1 class=\"elementor-heading-title elementor-size-default\">Utrecht<\/h1>\t\t<\/div>\n\t\t\t\t<\/div>\n\t\t\t\t<\/div>\n\t\t\t\t\t<\/div>\n\t\t\t\t<\/div>\n\t\t<div class=\"elementor-element elementor-element-02e740b e-flex e-con-boxed e-con e-parent\" data-id=\"02e740b\" data-element_type=\"container\" data-settings=\"{&quot;content_width&quot;:&quot;boxed&quot;}\" data-core-v316-plus=\"true\">\n\t\t\t\t\t<div class=\"e-con-inner\">\n\t\t<div class=\"elementor-element elementor-element-06acc0c safe-content-page e-flex e-con-boxed e-con e-parent\" data-id=\"06acc0c\" data-element_type=\"container\" data-settings=\"{&quot;content_width&quot;:&quot;boxed&quot;}\" data-core-v316-plus=\"true\">\n\t\t\t\t\t<div class=\"e-con-inner\">\n\t\t<div class=\"elementor-element elementor-element-797c326 e-flex e-con-boxed e-con e-parent\" data-id=\"797c326\" data-element_type=\"container\" data-settings=\"{&quot;content_width&quot;:&quot;boxed&quot;}\" data-core-v316-plus=\"true\">\n\t\t\t\t\t<div class=\"e-con-inner\">\n\t\t\t\t<div class=\"elementor-element elementor-element-efcbd40 elementor-widget elementor-widget-heading\" data-id=\"efcbd40\" data-element_type=\"widget\" data-widget_type=\"heading.default\">\n\t\t\t\t<div class=\"elementor-widget-container\">\n\t\t\t<h2 class=\"elementor-heading-title elementor-size-default\">Contexto<\/h2>\t\t<\/div>\n\t\t\t\t<\/div>\n\t\t\t\t<div class=\"elementor-element elementor-element-c4dd2cf elementor-widget elementor-widget-text-editor\" data-id=\"c4dd2cf\" data-element_type=\"widget\" data-widget_type=\"text-editor.default\">\n\t\t\t\t<div class=\"elementor-widget-container\">\n\t\t\t<style>\/*! elementor - v3.19.0 - 07-02-2024 *\/\n.elementor-widget-text-editor.elementor-drop-cap-view-stacked .elementor-drop-cap{background-color:#69727d;color:#fff}.elementor-widget-text-editor.elementor-drop-cap-view-framed .elementor-drop-cap{color:#69727d;border:3px solid;background-color:transparent}.elementor-widget-text-editor:not(.elementor-drop-cap-view-default) .elementor-drop-cap{margin-top:8px}.elementor-widget-text-editor:not(.elementor-drop-cap-view-default) .elementor-drop-cap-letter{width:1em;height:1em}.elementor-widget-text-editor .elementor-drop-cap{float:left;text-align:center;line-height:1;font-size:50px}.elementor-widget-text-editor .elementor-drop-cap-letter{display:inline-block}<\/style>\t\t\t\t<p>La pol\u00edtica de denuncia segura inicialmente estaba dirigida a las v\u00edctimas de la trata de personas, pero ahora tambi\u00e9n est\u00e1 disponible para denunciar delitos como robos, delitos relacionados con el trabajo, abusos o explotaci\u00f3n laboral, entre otros. Sin embargo, la existencia de esta pol\u00edtica no es ampliamente conocida en los Pa\u00edses Bajos, ni siquiera en ciudades como Utrecht y \u00c1msterdam, donde se ha implementado de manera efectiva. Por un lado, los migrantes indocumentados no conocen los procedimientos, o simplemente tienen demasiado miedo de ponerse en contacto con la polic\u00eda. Por otro lado, los agentes de polic\u00eda no la siguen, ya sea porque no est\u00e1n al tanto de ella o porque ven a las v\u00edctimas como realmente criminales, lo que refuerza el temor de las v\u00edctimas a denunciar los delitos que sufren.<\/p>\n<p>El proyecto piloto \u00abfree in, free out\u00bb ha sido una pr\u00e1ctica local exitosa. Garantiza la libertad de los migrantes en situaci\u00f3n migratoria irregular para acudir a comisar\u00edas de polic\u00eda a denunciar un delito y salir de la comisar\u00eda sin ser detenidos o acusados. <\/p>\n\t\t\t\t\t\t<\/div>\n\t\t\t\t<\/div>\n\t\t\t\t<div class=\"elementor-element elementor-element-d0f3e3d elementor-widget elementor-widget-heading\" data-id=\"d0f3e3d\" data-element_type=\"widget\" data-widget_type=\"heading.default\">\n\t\t\t\t<div class=\"elementor-widget-container\">\n\t\t\t<h2 class=\"elementor-heading-title elementor-size-default\">Objetivos<\/h2>\t\t<\/div>\n\t\t\t\t<\/div>\n\t\t\t\t<div class=\"elementor-element elementor-element-88c22ba elementor-widget elementor-widget-text-editor\" data-id=\"88c22ba\" data-element_type=\"widget\" data-widget_type=\"text-editor.default\">\n\t\t\t\t<div class=\"elementor-widget-container\">\n\t\t\t\t\t\t\t<p>Al participar en el proyecto de Denuncia Segura, aspiramos a obtener una mejor comprensi\u00f3n de la implementaci\u00f3n de las pol\u00edticas de denuncia segura y los mecanismos subyacentes en los Pa\u00edses Bajos, con un enfoque espec\u00edfico en Utrecht. La investigaci\u00f3n sobre las pol\u00edticas de denuncia segura en diferentes ciudades de nuestro pa\u00eds, junto con cualquier conocimiento cient\u00edfico disponible sobre este tema en los Pa\u00edses Bajos, nos ayudar\u00e1 a adquirir experiencia y construir herramientas para mejorar la denuncia segura de delitos para una comunidad vulnerable que forma parte de nuestra ciudad.<\/p>\n\t\t\t\t\t\t<\/div>\n\t\t\t\t<\/div>\n\t\t\t\t<div class=\"elementor-element elementor-element-452e0d1 elementor-widget elementor-widget-heading\" data-id=\"452e0d1\" data-element_type=\"widget\" data-widget_type=\"heading.default\">\n\t\t\t\t<div class=\"elementor-widget-container\">\n\t\t\t<h2 class=\"elementor-heading-title elementor-size-default\">Socios<\/h2>\t\t<\/div>\n\t\t\t\t<\/div>\n\t\t\t\t<div class=\"elementor-element elementor-element-130858c elementor-widget elementor-widget-text-editor\" data-id=\"130858c\" data-element_type=\"widget\" data-widget_type=\"text-editor.default\">\n\t\t\t\t<div class=\"elementor-widget-container\">\n\t\t\t\t\t\t\t<p>Cuerpo de polic\u00eda<br \/>ONGS<br \/>Instituciones acad\u00e9micas <br \/>Servicios sociales <br \/>Otros ayuntamientos, como por ejemplo el Ayuntamiento de Amsterdam.<\/p>\n\t\t\t\t\t\t<\/div>\n\t\t\t\t<\/div>\n\t\t\t\t<div class=\"elementor-element elementor-element-6f48ddc elementor-widget elementor-widget-heading\" data-id=\"6f48ddc\" data-element_type=\"widget\" data-widget_type=\"heading.default\">\n\t\t\t\t<div class=\"elementor-widget-container\">\n\t\t\t<h2 class=\"elementor-heading-title elementor-size-default\">Herramientas<\/h2>\t\t<\/div>\n\t\t\t\t<\/div>\n\t\t\t\t<div class=\"elementor-element elementor-element-d162d59 resources elementor-widget elementor-widget-text-editor\" data-id=\"d162d59\" data-element_type=\"widget\" data-widget_type=\"text-editor.default\">\n\t\t\t\t<div class=\"elementor-widget-container\">\n\t\t\t\t\t\t\t<p>INFORME Country report about pioneering strategies on safe reporting of crime [<a href=\"https:\/\/www.safereporting.eu\/wp-content\/uploads\/2023\/11\/SR_Report_UTRECHT_EN.pdf\">English<\/a>] [<a href=\"https:\/\/www.safereporting.eu\/wp-content\/uploads\/2023\/11\/SR_Report_UTRECHT_NL.pdf\">Nederlands<\/a>]<\/p>\n\t\t\t\t\t\t<\/div>\n\t\t\t\t<\/div>\n\t\t\t\t<div class=\"elementor-element elementor-element-95059fd elementor-widget elementor-widget-heading\" data-id=\"95059fd\" data-element_type=\"widget\" data-widget_type=\"heading.default\">\n\t\t\t\t<div class=\"elementor-widget-container\">\n\t\t\t<h2 class=\"elementor-heading-title elementor-size-default\">Contacto<\/h2>\t\t<\/div>\n\t\t\t\t<\/div>\n\t\t\t\t<div class=\"elementor-element elementor-element-448e4ff elementor-widget elementor-widget-text-editor\" data-id=\"448e4ff\" data-element_type=\"widget\" data-widget_type=\"text-editor.default\">\n\t\t\t\t<div class=\"elementor-widget-container\">\n\t\t\t\t\t\t\t<p>kelly.bezema@utrecht.nl<\/p>\n\t\t\t\t\t\t<\/div>\n\t\t\t\t<\/div>\n\t\t\t\t\t<\/div>\n\t\t\t\t<\/div>\n\t\t\t\t\t<\/div>\n\t\t\t\t<\/div>\n\t\t\t\t\t<\/div>\n\t\t\t\t<\/div>\n\t\t\t\t<\/div>\n\t\t","protected":false},"excerpt":{"rendered":"<p>Proyecto Safe Reporting en Utrecht Contexto La pol\u00edtica de denuncia segura inicialmente estaba dirigida a las v\u00edctimas de la trata de personas, pero ahora tambi\u00e9n est\u00e1 disponible para denunciar delitos como robos, delitos relacionados con el trabajo, abusos o explotaci\u00f3n laboral, entre otros. Sin embargo, la existencia de esta pol\u00edtica no es ampliamente conocida en los Pa\u00edses Bajos, ni siquiera en ciudades como Utrecht y \u00c1msterdam, donde se ha implementado de manera efectiva. Por un lado, los migrantes indocumentados no conocen los procedimientos, o simplemente tienen demasiado miedo de ponerse en contacto con la polic\u00eda. Por otro lado, los agentes de polic\u00eda no la siguen, ya sea porque no est\u00e1n al tanto de ella o porque ven a las v\u00edctimas como realmente criminales, lo que refuerza el temor de las v\u00edctimas a denunciar los delitos que sufren. El proyecto piloto \u00abfree in, free out\u00bb ha sido una pr\u00e1ctica local exitosa. Garantiza la libertad de los migrantes en situaci\u00f3n migratoria irregular para acudir a comisar\u00edas de polic\u00eda a denunciar un delito y salir de la comisar\u00eda sin ser detenidos o acusados. Objetivos Al participar en el proyecto de Denuncia Segura, aspiramos a obtener una mejor comprensi\u00f3n de la implementaci\u00f3n de las pol\u00edticas de denuncia segura y los mecanismos subyacentes en los Pa\u00edses Bajos, con un enfoque espec\u00edfico en Utrecht. La investigaci\u00f3n sobre las pol\u00edticas de denuncia segura en diferentes ciudades de nuestro pa\u00eds, junto con cualquier conocimiento cient\u00edfico disponible sobre este tema en los Pa\u00edses Bajos, nos ayudar\u00e1 a adquirir experiencia y construir herramientas para mejorar la denuncia segura de delitos para una comunidad vulnerable que forma parte de nuestra ciudad. Socios Cuerpo de polic\u00edaONGSInstituciones acad\u00e9micas Servicios sociales Otros ayuntamientos, como por ejemplo el Ayuntamiento de Amsterdam. Herramientas INFORME Country report about pioneering strategies on safe reporting of crime [English] [Nederlands] Contacto kelly.bezema@utrecht.nl<\/p>\n","protected":false},"author":5,"featured_media":0,"parent":0,"menu_order":0,"comment_status":"closed","ping_status":"closed","template":"","meta":{"footnotes":""},"class_list":["post-1237","page","type-page","status-publish","hentry"],"_links":{"self":[{"href":"https:\/\/www.safereporting.eu\/es\/wp-json\/wp\/v2\/pages\/1237","targetHints":{"allow":["GET"]}}],"collection":[{"href":"https:\/\/www.safereporting.eu\/es\/wp-json\/wp\/v2\/pages"}],"about":[{"href":"https:\/\/www.safereporting.eu\/es\/wp-json\/wp\/v2\/types\/page"}],"author":[{"embeddable":true,"href":"https:\/\/www.safereporting.eu\/es\/wp-json\/wp\/v2\/users\/5"}],"replies":[{"embeddable":true,"href":"https:\/\/www.safereporting.eu\/es\/wp-json\/wp\/v2\/comments?post=1237"}],"version-history":[{"count":7,"href":"https:\/\/www.safereporting.eu\/es\/wp-json\/wp\/v2\/pages\/1237\/revisions"}],"predecessor-version":[{"id":1412,"href":"https:\/\/www.safereporting.eu\/es\/wp-json\/wp\/v2\/pages\/1237\/revisions\/1412"}],"wp:attachment":[{"href":"https:\/\/www.safereporting.eu\/es\/wp-json\/wp\/v2\/media?parent=1237"}],"curies":[{"name":"wp","href":"https:\/\/api.w.org\/{rel}","templated":true}]}}