{"id":1235,"date":"2023-07-31T09:50:43","date_gmt":"2023-07-31T09:50:43","guid":{"rendered":"https:\/\/www.safereporting.eu\/safe-milano\/"},"modified":"2023-11-16T15:22:28","modified_gmt":"2023-11-16T15:22:28","slug":"safe-milano","status":"publish","type":"page","link":"https:\/\/www.safereporting.eu\/es\/safe-milano\/","title":{"rendered":"Milano"},"content":{"rendered":"\t\t<div data-elementor-type=\"wp-page\" data-elementor-id=\"1235\" class=\"elementor elementor-1235 elementor-423\">\n\t\t\t\t<div class=\"elementor-element elementor-element-35cfbbe e-flex e-con-boxed e-con e-parent\" data-id=\"35cfbbe\" data-element_type=\"container\" data-settings=\"{&quot;background_background&quot;:&quot;classic&quot;,&quot;content_width&quot;:&quot;boxed&quot;}\" data-core-v316-plus=\"true\">\n\t\t\t\t\t<div class=\"e-con-inner\">\n\t\t<div class=\"elementor-element elementor-element-4182fca e-con-full e-flex e-con e-parent\" data-id=\"4182fca\" data-element_type=\"container\" data-settings=\"{&quot;content_width&quot;:&quot;full&quot;}\" data-core-v316-plus=\"true\">\n\t\t\t\t<div class=\"elementor-element elementor-element-7b51e61 elementor-widget elementor-widget-heading\" data-id=\"7b51e61\" data-element_type=\"widget\" data-widget_type=\"heading.default\">\n\t\t\t\t<div class=\"elementor-widget-container\">\n\t\t\t<style>\/*! elementor - v3.19.0 - 07-02-2024 *\/\n.elementor-heading-title{padding:0;margin:0;line-height:1}.elementor-widget-heading .elementor-heading-title[class*=elementor-size-]>a{color:inherit;font-size:inherit;line-height:inherit}.elementor-widget-heading .elementor-heading-title.elementor-size-small{font-size:15px}.elementor-widget-heading .elementor-heading-title.elementor-size-medium{font-size:19px}.elementor-widget-heading .elementor-heading-title.elementor-size-large{font-size:29px}.elementor-widget-heading .elementor-heading-title.elementor-size-xl{font-size:39px}.elementor-widget-heading .elementor-heading-title.elementor-size-xxl{font-size:59px}<\/style><h1 class=\"elementor-heading-title elementor-size-default\">Proyecto Safe Reporting en<\/h1>\t\t<\/div>\n\t\t\t\t<\/div>\n\t\t\t\t<div class=\"elementor-element elementor-element-839beb7 elementor-widget elementor-widget-heading\" data-id=\"839beb7\" data-element_type=\"widget\" data-widget_type=\"heading.default\">\n\t\t\t\t<div class=\"elementor-widget-container\">\n\t\t\t<h1 class=\"elementor-heading-title elementor-size-default\">Mil\u00e1n<\/h1>\t\t<\/div>\n\t\t\t\t<\/div>\n\t\t\t\t<\/div>\n\t\t\t\t\t<\/div>\n\t\t\t\t<\/div>\n\t\t<div class=\"elementor-element elementor-element-02e740b e-flex e-con-boxed e-con e-parent\" data-id=\"02e740b\" data-element_type=\"container\" data-settings=\"{&quot;content_width&quot;:&quot;boxed&quot;}\" data-core-v316-plus=\"true\">\n\t\t\t\t\t<div class=\"e-con-inner\">\n\t\t<div class=\"elementor-element elementor-element-06acc0c safe-content-page e-flex e-con-boxed e-con e-parent\" data-id=\"06acc0c\" data-element_type=\"container\" data-settings=\"{&quot;content_width&quot;:&quot;boxed&quot;}\" data-core-v316-plus=\"true\">\n\t\t\t\t\t<div class=\"e-con-inner\">\n\t\t<div class=\"elementor-element elementor-element-797c326 e-flex e-con-boxed e-con e-parent\" data-id=\"797c326\" data-element_type=\"container\" data-settings=\"{&quot;content_width&quot;:&quot;boxed&quot;}\" data-core-v316-plus=\"true\">\n\t\t\t\t\t<div class=\"e-con-inner\">\n\t\t\t\t<div class=\"elementor-element elementor-element-efcbd40 elementor-widget elementor-widget-heading\" data-id=\"efcbd40\" data-element_type=\"widget\" data-widget_type=\"heading.default\">\n\t\t\t\t<div class=\"elementor-widget-container\">\n\t\t\t<h2 class=\"elementor-heading-title elementor-size-default\">Contexto<\/h2>\t\t<\/div>\n\t\t\t\t<\/div>\n\t\t\t\t<div class=\"elementor-element elementor-element-c4dd2cf elementor-widget elementor-widget-text-editor\" data-id=\"c4dd2cf\" data-element_type=\"widget\" data-widget_type=\"text-editor.default\">\n\t\t\t\t<div class=\"elementor-widget-container\">\n\t\t\t<style>\/*! elementor - v3.19.0 - 07-02-2024 *\/\n.elementor-widget-text-editor.elementor-drop-cap-view-stacked .elementor-drop-cap{background-color:#69727d;color:#fff}.elementor-widget-text-editor.elementor-drop-cap-view-framed .elementor-drop-cap{color:#69727d;border:3px solid;background-color:transparent}.elementor-widget-text-editor:not(.elementor-drop-cap-view-default) .elementor-drop-cap{margin-top:8px}.elementor-widget-text-editor:not(.elementor-drop-cap-view-default) .elementor-drop-cap-letter{width:1em;height:1em}.elementor-widget-text-editor .elementor-drop-cap{float:left;text-align:center;line-height:1;font-size:50px}.elementor-widget-text-editor .elementor-drop-cap-letter{display:inline-block}<\/style>\t\t\t\t<p>La legislaci\u00f3n italiana castiga a cualquier extranjero que entre o permanezca en el territorio del Estado con estatus irregular, y tanto los agentes de polic\u00eda como los funcionarios tienen el deber de informar sobre su condici\u00f3n, ya que tiene relevancia penal. Al mismo tiempo, existe un sistema de protecci\u00f3n basado en permisos de residencia especiales para v\u00edctimas de ciertos delitos con estatus irregular, que son a la vez criminalizados como migrantes irregulares y protegidos como v\u00edctimas de delitos. Sin embargo, el temor a ser denunciados puede llevar a la desconfianza de los migrantes a la hora de acercarse a las autoridades p\u00fablicas. Los servicios sociales en Italia desempe\u00f1an un papel clave en el apoyo a las v\u00edctimas de delitos con estatus migratorio irregular. Establecen un canal de denuncia seguro a trav\u00e9s del cual los migrantes pueden acceder a rutas de inclusi\u00f3n que conducen a un permiso de residencia incluso sin acercarse a las autoridades p\u00fablicas. Su actividad se refiere a migrantes elegibles para la emisi\u00f3n de un permiso especial por razones de protecci\u00f3n especial o permisos especiales por casos de violencia dom\u00e9stica. Adoptan un enfoque multiagencia que implica la comisi\u00f3n territorial de asilo, actores institucionales, ONG y colaboran en la detecci\u00f3n de situaciones de violencia contra los migrantes. El programa de protecci\u00f3n implica la organizaci\u00f3n de alojamiento, recepci\u00f3n inicial, alfabetizaci\u00f3n y clases de italiano.<\/p>\n\t\t\t\t\t\t<\/div>\n\t\t\t\t<\/div>\n\t\t\t\t<div class=\"elementor-element elementor-element-d0f3e3d elementor-widget elementor-widget-heading\" data-id=\"d0f3e3d\" data-element_type=\"widget\" data-widget_type=\"heading.default\">\n\t\t\t\t<div class=\"elementor-widget-container\">\n\t\t\t<h2 class=\"elementor-heading-title elementor-size-default\">Objetivos<\/h2>\t\t<\/div>\n\t\t\t\t<\/div>\n\t\t\t\t<div class=\"elementor-element elementor-element-88c22ba elementor-widget elementor-widget-text-editor\" data-id=\"88c22ba\" data-element_type=\"widget\" data-widget_type=\"text-editor.default\">\n\t\t\t\t<div class=\"elementor-widget-container\">\n\t\t\t\t\t\t\t<p>El objetivo de este estudio es promover el acceso igualitario a la justicia para las v\u00edctimas con estatus migratorio irregular, aumentar la conciencia sobre el problema y resaltar las soluciones disponibles. e llevar\u00e1 a cabo una investigaci\u00f3n exploratoria en profundidad en Mil\u00e1n y una campa\u00f1a de comunicaci\u00f3n local sobre los hallazgos de la investigaci\u00f3n dirigida a migrantes, ONG e instituciones, tambi\u00e9n con la perspectiva de establecer colaboraciones locales para opciones de denuncia segura.<\/p>\n<p>El proyecto presta especial atenci\u00f3n a las mujeres migrantes en situaci\u00f3n irregular, que est\u00e1n particularmente expuestas a diversas formas de violencia de g\u00e9nero (como la violencia f\u00edsica, la explotaci\u00f3n y abuso sexual, la mutilaci\u00f3n genital femenina, los matrimonios forzados&#8230;) y el tr\u00e1fico de personas. Sin embargo, los beneficios pr\u00e1cticos del proyecto abarcan a todos los migrantes en situaci\u00f3n irregular, as\u00ed como a las ONG, las autoridades municipales, los agentes de polic\u00eda y otros actores como abogados y trabajadores de ONG.<\/p>\n\t\t\t\t\t\t<\/div>\n\t\t\t\t<\/div>\n\t\t\t\t<div class=\"elementor-element elementor-element-452e0d1 elementor-widget elementor-widget-heading\" data-id=\"452e0d1\" data-element_type=\"widget\" data-widget_type=\"heading.default\">\n\t\t\t\t<div class=\"elementor-widget-container\">\n\t\t\t<h2 class=\"elementor-heading-title elementor-size-default\">Socios<\/h2>\t\t<\/div>\n\t\t\t\t<\/div>\n\t\t\t\t<div class=\"elementor-element elementor-element-130858c elementor-widget elementor-widget-text-editor\" data-id=\"130858c\" data-element_type=\"widget\" data-widget_type=\"text-editor.default\">\n\t\t\t\t<div class=\"elementor-widget-container\">\n\t\t\t\t\t\t\t<p><a href=\"https:\/\/www.unimi.it\/en\" target=\"_blank\" style=\"text-align: var(--text-align); background-color: rgb(255, 255, 255);\">Universit\u00e0 Degli Studi di Milano<\/a><br \/><a href=\"https:\/\/www.comune.milano.it\/\" target=\"_blank\">Ayuntamiento de Mil\u00e1n &nbsp;<\/a><a href=\"https:\/\/www.cooplotta.org\/\" target=\"_blank\">Cooperativa Lotta contro l&#8217;emarginazione CLcE<\/a><\/p>\n\t\t\t\t\t\t<\/div>\n\t\t\t\t<\/div>\n\t\t\t\t<div class=\"elementor-element elementor-element-6f48ddc elementor-widget elementor-widget-heading\" data-id=\"6f48ddc\" data-element_type=\"widget\" data-widget_type=\"heading.default\">\n\t\t\t\t<div class=\"elementor-widget-container\">\n\t\t\t<h2 class=\"elementor-heading-title elementor-size-default\">Herramientas<\/h2>\t\t<\/div>\n\t\t\t\t<\/div>\n\t\t\t\t<div class=\"elementor-element elementor-element-d162d59 resources elementor-widget elementor-widget-text-editor\" data-id=\"d162d59\" data-element_type=\"widget\" data-widget_type=\"text-editor.default\">\n\t\t\t\t<div class=\"elementor-widget-container\">\n\t\t\t\t\t\t\t<p>INFORME L&#8217;accesso alla giustizia per le vittime di reato con status migratorio irregolare in Italia: Percorsi di denuncia sicura nella citt\u00e0 di Milano [<a href=\"https:\/\/www.safereporting.eu\/wp-content\/uploads\/2023\/11\/SR_Report_MILANO_IT.pdf\">Italiano<\/a>] [<a href=\"https:\/\/www.safereporting.eu\/wp-content\/uploads\/2023\/11\/SR_Report_MILANO_EN.pdf\">English<\/a>] <\/p>\n\t\t\t\t\t\t<\/div>\n\t\t\t\t<\/div>\n\t\t\t\t<div class=\"elementor-element elementor-element-95059fd elementor-widget elementor-widget-heading\" data-id=\"95059fd\" data-element_type=\"widget\" data-widget_type=\"heading.default\">\n\t\t\t\t<div class=\"elementor-widget-container\">\n\t\t\t<h2 class=\"elementor-heading-title elementor-size-default\">Contacto<\/h2>\t\t<\/div>\n\t\t\t\t<\/div>\n\t\t\t\t<div class=\"elementor-element elementor-element-448e4ff elementor-widget elementor-widget-text-editor\" data-id=\"448e4ff\" data-element_type=\"widget\" data-widget_type=\"text-editor.default\">\n\t\t\t\t<div class=\"elementor-widget-container\">\n\t\t\t\t\t\t\t<p>marco.scoletta@unimi.it <br \/>sara.taverriti@unimi.it <br \/>francesca.vitarelli@unimi.it <\/p>\n\t\t\t\t\t\t<\/div>\n\t\t\t\t<\/div>\n\t\t\t\t\t<\/div>\n\t\t\t\t<\/div>\n\t\t\t\t\t<\/div>\n\t\t\t\t<\/div>\n\t\t\t\t\t<\/div>\n\t\t\t\t<\/div>\n\t\t\t\t<\/div>\n\t\t","protected":false},"excerpt":{"rendered":"<p>Proyecto Safe Reporting en Mil\u00e1n Contexto La legislaci\u00f3n italiana castiga a cualquier extranjero que entre o permanezca en el territorio del Estado con estatus irregular, y tanto los agentes de polic\u00eda como los funcionarios tienen el deber de informar sobre su condici\u00f3n, ya que tiene relevancia penal. Al mismo tiempo, existe un sistema de protecci\u00f3n basado en permisos de residencia especiales para v\u00edctimas de ciertos delitos con estatus irregular, que son a la vez criminalizados como migrantes irregulares y protegidos como v\u00edctimas de delitos. Sin embargo, el temor a ser denunciados puede llevar a la desconfianza de los migrantes a la hora de acercarse a las autoridades p\u00fablicas. Los servicios sociales en Italia desempe\u00f1an un papel clave en el apoyo a las v\u00edctimas de delitos con estatus migratorio irregular. Establecen un canal de denuncia seguro a trav\u00e9s del cual los migrantes pueden acceder a rutas de inclusi\u00f3n que conducen a un permiso de residencia incluso sin acercarse a las autoridades p\u00fablicas. Su actividad se refiere a migrantes elegibles para la emisi\u00f3n de un permiso especial por razones de protecci\u00f3n especial o permisos especiales por casos de violencia dom\u00e9stica. Adoptan un enfoque multiagencia que implica la comisi\u00f3n territorial de asilo, actores institucionales, ONG y colaboran en la detecci\u00f3n de situaciones de violencia contra los migrantes. El programa de protecci\u00f3n implica la organizaci\u00f3n de alojamiento, recepci\u00f3n inicial, alfabetizaci\u00f3n y clases de italiano. Objetivos El objetivo de este estudio es promover el acceso igualitario a la justicia para las v\u00edctimas con estatus migratorio irregular, aumentar la conciencia sobre el problema y resaltar las soluciones disponibles. e llevar\u00e1 a cabo una investigaci\u00f3n exploratoria en profundidad en Mil\u00e1n y una campa\u00f1a de comunicaci\u00f3n local sobre los hallazgos de la investigaci\u00f3n dirigida a migrantes, ONG e instituciones, tambi\u00e9n con la perspectiva de establecer colaboraciones locales para opciones de denuncia segura. El proyecto presta especial atenci\u00f3n a las mujeres migrantes en situaci\u00f3n irregular, que est\u00e1n particularmente expuestas a diversas formas de violencia de g\u00e9nero (como la violencia f\u00edsica, la explotaci\u00f3n y abuso sexual, la mutilaci\u00f3n genital femenina, los matrimonios forzados&#8230;) y el tr\u00e1fico de personas. Sin embargo, los beneficios pr\u00e1cticos del proyecto abarcan a todos los migrantes en situaci\u00f3n irregular, as\u00ed como a las ONG, las autoridades municipales, los agentes de polic\u00eda y otros actores como abogados y trabajadores de ONG. Socios Universit\u00e0 Degli Studi di MilanoAyuntamiento de Mil\u00e1n &nbsp;Cooperativa Lotta contro l&#8217;emarginazione CLcE Herramientas INFORME L&#8217;accesso alla giustizia per le vittime di reato con status migratorio irregolare in Italia: Percorsi di denuncia sicura nella citt\u00e0 di Milano [Italiano] [English] Contacto marco.scoletta@unimi.it sara.taverriti@unimi.it francesca.vitarelli@unimi.it<\/p>\n","protected":false},"author":4,"featured_media":0,"parent":0,"menu_order":0,"comment_status":"closed","ping_status":"closed","template":"","meta":{"footnotes":""},"class_list":["post-1235","page","type-page","status-publish","hentry"],"_links":{"self":[{"href":"https:\/\/www.safereporting.eu\/es\/wp-json\/wp\/v2\/pages\/1235","targetHints":{"allow":["GET"]}}],"collection":[{"href":"https:\/\/www.safereporting.eu\/es\/wp-json\/wp\/v2\/pages"}],"about":[{"href":"https:\/\/www.safereporting.eu\/es\/wp-json\/wp\/v2\/types\/page"}],"author":[{"embeddable":true,"href":"https:\/\/www.safereporting.eu\/es\/wp-json\/wp\/v2\/users\/4"}],"replies":[{"embeddable":true,"href":"https:\/\/www.safereporting.eu\/es\/wp-json\/wp\/v2\/comments?post=1235"}],"version-history":[{"count":3,"href":"https:\/\/www.safereporting.eu\/es\/wp-json\/wp\/v2\/pages\/1235\/revisions"}],"predecessor-version":[{"id":1360,"href":"https:\/\/www.safereporting.eu\/es\/wp-json\/wp\/v2\/pages\/1235\/revisions\/1360"}],"wp:attachment":[{"href":"https:\/\/www.safereporting.eu\/es\/wp-json\/wp\/v2\/media?parent=1235"}],"curies":[{"name":"wp","href":"https:\/\/api.w.org\/{rel}","templated":true}]}}