{"id":1233,"date":"2023-07-30T16:56:43","date_gmt":"2023-07-30T16:56:43","guid":{"rendered":"https:\/\/www.safereporting.eu\/safe-barcelona\/"},"modified":"2024-04-18T11:02:42","modified_gmt":"2024-04-18T11:02:42","slug":"safe-barcelona","status":"publish","type":"page","link":"https:\/\/www.safereporting.eu\/es\/safe-barcelona\/","title":{"rendered":"Safe Barcelona"},"content":{"rendered":"\t\t<div data-elementor-type=\"wp-page\" data-elementor-id=\"1233\" class=\"elementor elementor-1233 elementor-378\">\n\t\t\t\t<div class=\"elementor-element elementor-element-35cfbbe e-flex e-con-boxed e-con e-parent\" data-id=\"35cfbbe\" data-element_type=\"container\" data-settings=\"{&quot;background_background&quot;:&quot;classic&quot;,&quot;content_width&quot;:&quot;boxed&quot;}\" data-core-v316-plus=\"true\">\n\t\t\t\t\t<div class=\"e-con-inner\">\n\t\t<div class=\"elementor-element elementor-element-4182fca e-con-full e-flex e-con e-child\" data-id=\"4182fca\" data-element_type=\"container\" data-settings=\"{&quot;content_width&quot;:&quot;full&quot;}\">\n\t\t\t\t<div class=\"elementor-element elementor-element-7b51e61 elementor-widget elementor-widget-heading\" data-id=\"7b51e61\" data-element_type=\"widget\" data-widget_type=\"heading.default\">\n\t\t\t\t<div class=\"elementor-widget-container\">\n\t\t\t<style>\/*! elementor - v3.19.0 - 07-02-2024 *\/\n.elementor-heading-title{padding:0;margin:0;line-height:1}.elementor-widget-heading .elementor-heading-title[class*=elementor-size-]>a{color:inherit;font-size:inherit;line-height:inherit}.elementor-widget-heading .elementor-heading-title.elementor-size-small{font-size:15px}.elementor-widget-heading .elementor-heading-title.elementor-size-medium{font-size:19px}.elementor-widget-heading .elementor-heading-title.elementor-size-large{font-size:29px}.elementor-widget-heading .elementor-heading-title.elementor-size-xl{font-size:39px}.elementor-widget-heading .elementor-heading-title.elementor-size-xxl{font-size:59px}<\/style><h1 class=\"elementor-heading-title elementor-size-default\">Proyecto Safe Reporting en<\/h1>\t\t<\/div>\n\t\t\t\t<\/div>\n\t\t\t\t<div class=\"elementor-element elementor-element-839beb7 elementor-widget elementor-widget-heading\" data-id=\"839beb7\" data-element_type=\"widget\" data-widget_type=\"heading.default\">\n\t\t\t\t<div class=\"elementor-widget-container\">\n\t\t\t<h1 class=\"elementor-heading-title elementor-size-default\">Barcelona<\/h1>\t\t<\/div>\n\t\t\t\t<\/div>\n\t\t\t\t<\/div>\n\t\t\t\t\t<\/div>\n\t\t\t\t<\/div>\n\t\t<div class=\"elementor-element elementor-element-02e740b e-flex e-con-boxed e-con e-parent\" data-id=\"02e740b\" data-element_type=\"container\" data-settings=\"{&quot;content_width&quot;:&quot;boxed&quot;}\" data-core-v316-plus=\"true\">\n\t\t\t\t\t<div class=\"e-con-inner\">\n\t\t<div class=\"elementor-element elementor-element-06acc0c safe-content-page e-flex e-con-boxed e-con e-child\" data-id=\"06acc0c\" data-element_type=\"container\" data-settings=\"{&quot;content_width&quot;:&quot;boxed&quot;}\">\n\t\t\t\t\t<div class=\"e-con-inner\">\n\t\t<div class=\"elementor-element elementor-element-797c326 e-flex e-con-boxed e-con e-child\" data-id=\"797c326\" data-element_type=\"container\" data-settings=\"{&quot;content_width&quot;:&quot;boxed&quot;}\">\n\t\t\t\t\t<div class=\"e-con-inner\">\n\t\t\t\t<div class=\"elementor-element elementor-element-efcbd40 elementor-widget elementor-widget-heading\" data-id=\"efcbd40\" data-element_type=\"widget\" data-widget_type=\"heading.default\">\n\t\t\t\t<div class=\"elementor-widget-container\">\n\t\t\t<h2 class=\"elementor-heading-title elementor-size-default\">Contexto<\/h2>\t\t<\/div>\n\t\t\t\t<\/div>\n\t\t\t\t<div class=\"elementor-element elementor-element-c4dd2cf elementor-widget elementor-widget-text-editor\" data-id=\"c4dd2cf\" data-element_type=\"widget\" data-widget_type=\"text-editor.default\">\n\t\t\t\t<div class=\"elementor-widget-container\">\n\t\t\t<style>\/*! elementor - v3.19.0 - 07-02-2024 *\/\n.elementor-widget-text-editor.elementor-drop-cap-view-stacked .elementor-drop-cap{background-color:#69727d;color:#fff}.elementor-widget-text-editor.elementor-drop-cap-view-framed .elementor-drop-cap{color:#69727d;border:3px solid;background-color:transparent}.elementor-widget-text-editor:not(.elementor-drop-cap-view-default) .elementor-drop-cap{margin-top:8px}.elementor-widget-text-editor:not(.elementor-drop-cap-view-default) .elementor-drop-cap-letter{width:1em;height:1em}.elementor-widget-text-editor .elementor-drop-cap{float:left;text-align:center;line-height:1;font-size:50px}.elementor-widget-text-editor .elementor-drop-cap-letter{display:inline-block}<\/style>\t\t\t\t<p>En la ciudad de Barcelona, no existen regulaciones que garanticen la denuncia segura de personas en situaci\u00f3n irregular. No hay regulaciones que protejan a las personas que deciden denunciar de los posibles riesgos de sanciones por su situaci\u00f3n irregular. Sin embargo, hay pr\u00e1cticas llevadas a cabo por diferentes actores que facilitan un espacio seguro para hacer denuncias. En la ciudad de Barcelona, las diversas unidades del Ayuntamiento y las ONG han creado mecanismos o instrumentos que permiten a los migrantes denunciar delitos con garant\u00edas de que no se abrir\u00e1 un expediente de expulsi\u00f3n. Algunos delitos especialmente graves como la trata de personas, la violencia de g\u00e9nero o los cr\u00edmenes de odio cuentan con unidades del Ayuntamiento destinadas a facilitar la denuncia, acompa\u00f1ar y asesorar a las v\u00edctimas de estos delitos, incluyendo tambi\u00e9n a las v\u00edctimas en una situaci\u00f3n administrativa irregular. Otra buena pr\u00e1ctica existente es el asesoramiento y acompa\u00f1amiento de ONG especializadas para personas en una situaci\u00f3n irregular que desean presentar una denuncia en la corte. El derecho a la asistencia legal gratuita para todas las v\u00edctimas, independientemente de su situaci\u00f3n administrativa, es fundamental para llevar a cabo este camino.<\/p>\n\t\t\t\t\t\t<\/div>\n\t\t\t\t<\/div>\n\t\t\t\t<div class=\"elementor-element elementor-element-d0f3e3d elementor-widget elementor-widget-heading\" data-id=\"d0f3e3d\" data-element_type=\"widget\" data-widget_type=\"heading.default\">\n\t\t\t\t<div class=\"elementor-widget-container\">\n\t\t\t<h2 class=\"elementor-heading-title elementor-size-default\">Objetivos<\/h2>\t\t<\/div>\n\t\t\t\t<\/div>\n\t\t\t\t<div class=\"elementor-element elementor-element-88c22ba elementor-widget elementor-widget-text-editor\" data-id=\"88c22ba\" data-element_type=\"widget\" data-widget_type=\"text-editor.default\">\n\t\t\t\t<div class=\"elementor-widget-container\">\n\t\t\t\t\t\t\t<p>Los objetivos del proyecto en Barcelona son concienciar a las v\u00edctimas de delitos con estatus migratorio irregular sobre sus derechos para denunciar delitos, mejorar las condiciones para hacerlo y fortalecer la cooperaci\u00f3n entre las autoridades locales y los profesionales, adem\u00e1s de formarlos en este asunto.<\/p>\n\t\t\t\t\t\t<\/div>\n\t\t\t\t<\/div>\n\t\t\t\t<div class=\"elementor-element elementor-element-452e0d1 elementor-widget elementor-widget-heading\" data-id=\"452e0d1\" data-element_type=\"widget\" data-widget_type=\"heading.default\">\n\t\t\t\t<div class=\"elementor-widget-container\">\n\t\t\t<h2 class=\"elementor-heading-title elementor-size-default\">Socios<\/h2>\t\t<\/div>\n\t\t\t\t<\/div>\n\t\t\t\t<div class=\"elementor-element elementor-element-130858c elementor-widget elementor-widget-text-editor\" data-id=\"130858c\" data-element_type=\"widget\" data-widget_type=\"text-editor.default\">\n\t\t\t\t<div class=\"elementor-widget-container\">\n\t\t\t\t\t\t\t<p class=\"p1\"><a href=\"https:\/\/web.ub.edu\/web\/ub\/\">Universidad de Barcelona<\/a><br \/><a href=\"https:\/\/ispc.gencat.cat\/ca\/inici\/index.html\">Institut de Seguretat P\u00fablica de Catalunya (ISCP)<\/a><br \/><a href=\"https:\/\/www.migrastudium.org\/\">MigraStudium<\/a><\/p>\n\t\t\t\t\t\t<\/div>\n\t\t\t\t<\/div>\n\t\t\t\t<div class=\"elementor-element elementor-element-0baba58 elementor-widget elementor-widget-heading\" data-id=\"0baba58\" data-element_type=\"widget\" data-widget_type=\"heading.default\">\n\t\t\t\t<div class=\"elementor-widget-container\">\n\t\t\t<h2 class=\"elementor-heading-title elementor-size-default\">Associate Partners<\/h2>\t\t<\/div>\n\t\t\t\t<\/div>\n\t\t\t\t<div class=\"elementor-element elementor-element-086e51d elementor-widget elementor-widget-text-editor\" data-id=\"086e51d\" data-element_type=\"widget\" data-widget_type=\"text-editor.default\">\n\t\t\t\t<div class=\"elementor-widget-container\">\n\t\t\t\t\t\t\t<p><a href=\"https:\/\/www.cepaim.org\/\">CEPAIM<\/a><br \/><a href=\"https:\/\/redacoge.org\/\">Red Acoge<\/a><br \/><a href=\"https:\/\/acoge.org\/\">Andaluc\u00eda Acoge<\/a><\/p>\n\t\t\t\t\t\t<\/div>\n\t\t\t\t<\/div>\n\t\t\t\t<div class=\"elementor-element elementor-element-6f48ddc elementor-widget elementor-widget-heading\" data-id=\"6f48ddc\" data-element_type=\"widget\" data-widget_type=\"heading.default\">\n\t\t\t\t<div class=\"elementor-widget-container\">\n\t\t\t<h2 class=\"elementor-heading-title elementor-size-default\">Herramientas<\/h2>\t\t<\/div>\n\t\t\t\t<\/div>\n\t\t\t\t<div class=\"elementor-element elementor-element-4e6375f elementor-widget elementor-widget-text-editor\" data-id=\"4e6375f\" data-element_type=\"widget\" data-widget_type=\"text-editor.default\">\n\t\t\t\t<div class=\"elementor-widget-container\">\n\t\t\t\t\t\t\t<p><span style=\"text-align: var(--text-align); background-color: var(--bs-body-bg);\">REPORT: Innovative strategies for safe reporting in the city of Barcelona [<a href=\"https:\/\/www.safereporting.eu\/wp-content\/uploads\/2023\/10\/SR_Report_BCN.pdf\">Spanish<\/a>][<a href=\"https:\/\/www.safereporting.eu\/wp-content\/uploads\/2024\/02\/SR_Report_BCN_004.pdf\">English<\/a>]<\/span><\/p>\n<p><span style=\"text-align: var(--text-align); background-color: var(--bs-body-bg);\">REPORT: Trafficking in human beings and safe reporting strategies in the city of Barcelona [<a href=\"https:\/\/www.safereporting.eu\/wp-content\/uploads\/2024\/02\/SR_Report_BCN_WP3_CAS_CON_ANEXO.pdf\">Spanish<\/a>] [<a href=\"https:\/\/www.safereporting.eu\/wp-content\/uploads\/2024\/02\/SR_Report_BCN_WP3_EN_WITH_ANNEX.pdf\">English<\/a>]<\/span><\/p>\n<p><span style=\"text-align: var(--text-align); background-color: var(--bs-body-bg);\">Listado de recursos: [<a href=\"https:\/\/www.safereporting.eu\/wp-content\/uploads\/2024\/02\/Safe_Reporting_Listado_recursos_ENG.pdf\">English<\/a>][<a href=\"https:\/\/www.safereporting.eu\/wp-content\/uploads\/2024\/02\/Safe_Reporting_Listado_recursos_CAS.pdf\">Spanish<\/a>] [<a href=\"https:\/\/www.safereporting.eu\/wp-content\/uploads\/2024\/02\/Safe_Reporting_Listado_recursos_AR.pdf\">Arabian<\/a>] [<a href=\"https:\/\/www.safereporting.eu\/wp-content\/uploads\/2024\/02\/Safe_Reporting_Listado_recursos_FR.pdf\">French<\/a>]<\/span><\/p>\n\t\t\t\t\t\t<\/div>\n\t\t\t\t<\/div>\n\t\t\t\t<div class=\"elementor-element elementor-element-95059fd elementor-widget elementor-widget-heading\" data-id=\"95059fd\" data-element_type=\"widget\" data-widget_type=\"heading.default\">\n\t\t\t\t<div class=\"elementor-widget-container\">\n\t\t\t<h2 class=\"elementor-heading-title elementor-size-default\">Contacto<\/h2>\t\t<\/div>\n\t\t\t\t<\/div>\n\t\t\t\t<div class=\"elementor-element elementor-element-448e4ff elementor-widget elementor-widget-text-editor\" data-id=\"448e4ff\" data-element_type=\"widget\" data-widget_type=\"text-editor.default\">\n\t\t\t\t<div class=\"elementor-widget-container\">\n\t\t\t\t\t\t\t<p><span style=\"white-space-collapse: preserve;\">Proyecto coordinado por la Universidad de Barcelona safe.reporting.project@ub.edu <\/span><\/p>\n\t\t\t\t\t\t<\/div>\n\t\t\t\t<\/div>\n\t\t\t\t\t<\/div>\n\t\t\t\t<\/div>\n\t\t\t\t\t<\/div>\n\t\t\t\t<\/div>\n\t\t\t\t\t<\/div>\n\t\t\t\t<\/div>\n\t\t\t\t<\/div>\n\t\t","protected":false},"excerpt":{"rendered":"<p>Proyecto Safe Reporting en Barcelona Contexto En la ciudad de Barcelona, no existen regulaciones que garanticen la denuncia segura de personas en situaci\u00f3n irregular. No hay regulaciones que protejan a las personas que deciden denunciar de los posibles riesgos de sanciones por su situaci\u00f3n irregular. Sin embargo, hay pr\u00e1cticas llevadas a cabo por diferentes actores que facilitan un espacio seguro para hacer denuncias. En la ciudad de Barcelona, las diversas unidades del Ayuntamiento y las ONG han creado mecanismos o instrumentos que permiten a los migrantes denunciar delitos con garant\u00edas de que no se abrir\u00e1 un expediente de expulsi\u00f3n. Algunos delitos especialmente graves como la trata de personas, la violencia de g\u00e9nero o los cr\u00edmenes de odio cuentan con unidades del Ayuntamiento destinadas a facilitar la denuncia, acompa\u00f1ar y asesorar a las v\u00edctimas de estos delitos, incluyendo tambi\u00e9n a las v\u00edctimas en una situaci\u00f3n administrativa irregular. Otra buena pr\u00e1ctica existente es el asesoramiento y acompa\u00f1amiento de ONG especializadas para personas en una situaci\u00f3n irregular que desean presentar una denuncia en la corte. El derecho a la asistencia legal gratuita para todas las v\u00edctimas, independientemente de su situaci\u00f3n administrativa, es fundamental para llevar a cabo este camino. Objetivos Los objetivos del proyecto en Barcelona son concienciar a las v\u00edctimas de delitos con estatus migratorio irregular sobre sus derechos para denunciar delitos, mejorar las condiciones para hacerlo y fortalecer la cooperaci\u00f3n entre las autoridades locales y los profesionales, adem\u00e1s de formarlos en este asunto. Socios Universidad de BarcelonaInstitut de Seguretat P\u00fablica de Catalunya (ISCP)MigraStudium Associate Partners CEPAIMRed AcogeAndaluc\u00eda Acoge Herramientas REPORT: Innovative strategies for safe reporting in the city of Barcelona [Spanish][English] REPORT: Trafficking in human beings and safe reporting strategies in the city of Barcelona [Spanish] [English] Listado de recursos: [English][Spanish] [Arabian] [French] Contacto Proyecto coordinado por la Universidad de Barcelona safe.reporting.project@ub.edu<\/p>\n","protected":false},"author":3,"featured_media":0,"parent":0,"menu_order":0,"comment_status":"closed","ping_status":"closed","template":"","meta":{"footnotes":""},"class_list":["post-1233","page","type-page","status-publish","hentry"],"_links":{"self":[{"href":"https:\/\/www.safereporting.eu\/es\/wp-json\/wp\/v2\/pages\/1233","targetHints":{"allow":["GET"]}}],"collection":[{"href":"https:\/\/www.safereporting.eu\/es\/wp-json\/wp\/v2\/pages"}],"about":[{"href":"https:\/\/www.safereporting.eu\/es\/wp-json\/wp\/v2\/types\/page"}],"author":[{"embeddable":true,"href":"https:\/\/www.safereporting.eu\/es\/wp-json\/wp\/v2\/users\/3"}],"replies":[{"embeddable":true,"href":"https:\/\/www.safereporting.eu\/es\/wp-json\/wp\/v2\/comments?post=1233"}],"version-history":[{"count":20,"href":"https:\/\/www.safereporting.eu\/es\/wp-json\/wp\/v2\/pages\/1233\/revisions"}],"predecessor-version":[{"id":2372,"href":"https:\/\/www.safereporting.eu\/es\/wp-json\/wp\/v2\/pages\/1233\/revisions\/2372"}],"wp:attachment":[{"href":"https:\/\/www.safereporting.eu\/es\/wp-json\/wp\/v2\/media?parent=1233"}],"curies":[{"name":"wp","href":"https:\/\/api.w.org\/{rel}","templated":true}]}}