{"id":1251,"date":"2023-07-31T09:52:29","date_gmt":"2023-07-31T09:52:29","guid":{"rendered":"https:\/\/www.safereporting.eu\/safe-gant\/"},"modified":"2024-03-05T09:20:28","modified_gmt":"2024-03-05T09:20:28","slug":"safe-gant","status":"publish","type":"page","link":"https:\/\/www.safereporting.eu\/ca\/safe-gant\/","title":{"rendered":"Safe Gant"},"content":{"rendered":"\t\t<div data-elementor-type=\"wp-page\" data-elementor-id=\"1251\" class=\"elementor elementor-1251 elementor-433\">\n\t\t\t\t<div class=\"elementor-element elementor-element-35cfbbe e-flex e-con-boxed e-con e-parent\" data-id=\"35cfbbe\" data-element_type=\"container\" data-settings=\"{&quot;background_background&quot;:&quot;classic&quot;,&quot;content_width&quot;:&quot;boxed&quot;}\" data-core-v316-plus=\"true\">\n\t\t\t\t\t<div class=\"e-con-inner\">\n\t\t<div class=\"elementor-element elementor-element-4182fca e-con-full e-flex e-con e-child\" data-id=\"4182fca\" data-element_type=\"container\" data-settings=\"{&quot;content_width&quot;:&quot;full&quot;}\">\n\t\t\t\t<div class=\"elementor-element elementor-element-7b51e61 elementor-widget elementor-widget-heading\" data-id=\"7b51e61\" data-element_type=\"widget\" data-widget_type=\"heading.default\">\n\t\t\t\t<div class=\"elementor-widget-container\">\n\t\t\t<style>\/*! elementor - v3.19.0 - 07-02-2024 *\/\n.elementor-heading-title{padding:0;margin:0;line-height:1}.elementor-widget-heading .elementor-heading-title[class*=elementor-size-]>a{color:inherit;font-size:inherit;line-height:inherit}.elementor-widget-heading .elementor-heading-title.elementor-size-small{font-size:15px}.elementor-widget-heading .elementor-heading-title.elementor-size-medium{font-size:19px}.elementor-widget-heading .elementor-heading-title.elementor-size-large{font-size:29px}.elementor-widget-heading .elementor-heading-title.elementor-size-xl{font-size:39px}.elementor-widget-heading .elementor-heading-title.elementor-size-xxl{font-size:59px}<\/style><h1 class=\"elementor-heading-title elementor-size-default\">Projecte Safe reporting a<\/h1>\t\t<\/div>\n\t\t\t\t<\/div>\n\t\t\t\t<div class=\"elementor-element elementor-element-839beb7 elementor-widget elementor-widget-heading\" data-id=\"839beb7\" data-element_type=\"widget\" data-widget_type=\"heading.default\">\n\t\t\t\t<div class=\"elementor-widget-container\">\n\t\t\t<h1 class=\"elementor-heading-title elementor-size-default\">Gant<\/h1>\t\t<\/div>\n\t\t\t\t<\/div>\n\t\t\t\t<\/div>\n\t\t\t\t\t<\/div>\n\t\t\t\t<\/div>\n\t\t<div class=\"elementor-element elementor-element-02e740b e-flex e-con-boxed e-con e-parent\" data-id=\"02e740b\" data-element_type=\"container\" data-settings=\"{&quot;content_width&quot;:&quot;boxed&quot;}\" data-core-v316-plus=\"true\">\n\t\t\t\t\t<div class=\"e-con-inner\">\n\t\t<div class=\"elementor-element elementor-element-06acc0c safe-content-page e-flex e-con-boxed e-con e-child\" data-id=\"06acc0c\" data-element_type=\"container\" data-settings=\"{&quot;content_width&quot;:&quot;boxed&quot;}\">\n\t\t\t\t\t<div class=\"e-con-inner\">\n\t\t<div class=\"elementor-element elementor-element-797c326 e-flex e-con-boxed e-con e-child\" data-id=\"797c326\" data-element_type=\"container\" data-settings=\"{&quot;content_width&quot;:&quot;boxed&quot;}\">\n\t\t\t\t\t<div class=\"e-con-inner\">\n\t\t\t\t<div class=\"elementor-element elementor-element-efcbd40 elementor-widget elementor-widget-heading\" data-id=\"efcbd40\" data-element_type=\"widget\" data-widget_type=\"heading.default\">\n\t\t\t\t<div class=\"elementor-widget-container\">\n\t\t\t<h2 class=\"elementor-heading-title elementor-size-default\">Context<\/h2>\t\t<\/div>\n\t\t\t\t<\/div>\n\t\t\t\t<div class=\"elementor-element elementor-element-c4dd2cf elementor-widget elementor-widget-text-editor\" data-id=\"c4dd2cf\" data-element_type=\"widget\" data-widget_type=\"text-editor.default\">\n\t\t\t\t<div class=\"elementor-widget-container\">\n\t\t\t<style>\/*! elementor - v3.19.0 - 07-02-2024 *\/\n.elementor-widget-text-editor.elementor-drop-cap-view-stacked .elementor-drop-cap{background-color:#69727d;color:#fff}.elementor-widget-text-editor.elementor-drop-cap-view-framed .elementor-drop-cap{color:#69727d;border:3px solid;background-color:transparent}.elementor-widget-text-editor:not(.elementor-drop-cap-view-default) .elementor-drop-cap{margin-top:8px}.elementor-widget-text-editor:not(.elementor-drop-cap-view-default) .elementor-drop-cap-letter{width:1em;height:1em}.elementor-widget-text-editor .elementor-drop-cap{float:left;text-align:center;line-height:1;font-size:50px}.elementor-widget-text-editor .elementor-drop-cap-letter{display:inline-block}<\/style>\t\t\t\t<p>Les lleis federals estableixen que la policia o la fiscalia estan obligades a informar els migrants en situaci\u00f3 de resid\u00e8ncia irregular al servei d&#8217;afers exteriors. Per tant, una v\u00edctima o testimoni que denunci\u00ef un delicte contra un migrant en situaci\u00f3 de resid\u00e8ncia irregular corre el risc que aquesta persona sigui detinguda o que rebi l&#8217;ordre de sortir del pa\u00eds. A nivell local, no existeix cap bona pr\u00e0ctica per abordar aquest problema.<\/p>\n\t\t\t\t\t\t<\/div>\n\t\t\t\t<\/div>\n\t\t\t\t<div class=\"elementor-element elementor-element-d0f3e3d elementor-widget elementor-widget-heading\" data-id=\"d0f3e3d\" data-element_type=\"widget\" data-widget_type=\"heading.default\">\n\t\t\t\t<div class=\"elementor-widget-container\">\n\t\t\t<h2 class=\"elementor-heading-title elementor-size-default\">Objectius<\/h2>\t\t<\/div>\n\t\t\t\t<\/div>\n\t\t\t\t<div class=\"elementor-element elementor-element-88c22ba elementor-widget elementor-widget-text-editor\" data-id=\"88c22ba\" data-element_type=\"widget\" data-widget_type=\"text-editor.default\">\n\t\t\t\t<div class=\"elementor-widget-container\">\n\t\t\t\t\t\t\t<p>Gent lliurar\u00e0 un informe que inclour\u00e0 una investigaci\u00f3 realitzada per la Universitat de Gant que mapejar\u00e0 els obstacles i la legislaci\u00f3 existent pel que fa al proc\u00e9s administratiu-jur\u00eddic de den\u00fancia. La ciutat de Gant conscienciar\u00e0 sobre el tema dirigint-se als responsables de pol\u00edtiques i mitjan\u00e7ant la formaci\u00f3 de professionals.<\/p>\n\t\t\t\t\t\t<\/div>\n\t\t\t\t<\/div>\n\t\t\t\t<div class=\"elementor-element elementor-element-452e0d1 elementor-widget elementor-widget-heading\" data-id=\"452e0d1\" data-element_type=\"widget\" data-widget_type=\"heading.default\">\n\t\t\t\t<div class=\"elementor-widget-container\">\n\t\t\t<h2 class=\"elementor-heading-title elementor-size-default\">Socis<\/h2>\t\t<\/div>\n\t\t\t\t<\/div>\n\t\t<a class=\"eael-wrapper-link-130858c --eael-wrapper-link-tag\" href=\"https:\/\/www.fairworkbelgium.be\/\"><\/a>\t\t<div data-eael-wrapper-link=\"eael-wrapper-link-130858c\" class=\"elementor-element elementor-element-130858c elementor-widget elementor-widget-text-editor\" data-id=\"130858c\" data-element_type=\"widget\" data-widget_type=\"text-editor.default\">\n\t\t\t\t<div class=\"elementor-widget-container\">\n\t\t\t\t\t\t\t<p><a href=\"https:\/\/www.caw.be\/\">CAW Oost &#8211; Vlaanderen<\/a><br \/><a href=\"https:\/\/www.amal.gent\/\">Amal Gent NGO<\/a><br \/><a href=\"https:\/\/www.ugent.be\/cessmir\/nl\">CESSMIR \u2013 Universiteit Gent<\/a><br \/><a href=\"https:\/\/www.fairworkbelgium.be\/\">Fairwork Belgium<\/a><br \/><a href=\"https:\/\/www.orbitvzw.be\/\">Orbit NGO<\/a><\/p>\n\t\t\t\t\t\t<\/div>\n\t\t\t\t<\/div>\n\t\t\t\t<div class=\"elementor-element elementor-element-6f48ddc elementor-widget elementor-widget-heading\" data-id=\"6f48ddc\" data-element_type=\"widget\" data-widget_type=\"heading.default\">\n\t\t\t\t<div class=\"elementor-widget-container\">\n\t\t\t<h2 class=\"elementor-heading-title elementor-size-default\">Eines<\/h2>\t\t<\/div>\n\t\t\t\t<\/div>\n\t\t\t\t<div class=\"elementor-element elementor-element-0deff6f elementor-widget elementor-widget-text-editor\" data-id=\"0deff6f\" data-element_type=\"widget\" data-widget_type=\"text-editor.default\">\n\t\t\t\t<div class=\"elementor-widget-container\">\n\t\t\t\t\t\t\t<p>Informe den\u00fancia segura per a v\u00edctimes en situaci\u00f3 irregular a B\u00e8lgica. [<a href=\"https:\/\/www.safereporting.eu\/wp-content\/uploads\/2023\/11\/SR_Report_GHENT_EN.pdf\">English<\/a>]<\/p>\n<p>FLYER den\u00fancia segura a B\u00e8lgica. <a href=\"https:\/\/www.safereporting.eu\/wp-content\/uploads\/2024\/03\/Flyer-safereporting.pdf\">Flyer B\u00e8lgica. <\/a><\/p>\n\t\t\t\t\t\t<\/div>\n\t\t\t\t<\/div>\n\t\t\t\t<div class=\"elementor-element elementor-element-95059fd elementor-widget elementor-widget-heading\" data-id=\"95059fd\" data-element_type=\"widget\" data-widget_type=\"heading.default\">\n\t\t\t\t<div class=\"elementor-widget-container\">\n\t\t\t<h2 class=\"elementor-heading-title elementor-size-default\">Contacte<\/h2>\t\t<\/div>\n\t\t\t\t<\/div>\n\t\t\t\t<div class=\"elementor-element elementor-element-448e4ff elementor-widget elementor-widget-text-editor\" data-id=\"448e4ff\" data-element_type=\"widget\" data-widget_type=\"text-editor.default\">\n\t\t\t\t<div class=\"elementor-widget-container\">\n\t\t\t\t\t\t\t<p>maaike.buyst@stad.gent<\/p>\n\t\t\t\t\t\t<\/div>\n\t\t\t\t<\/div>\n\t\t\t\t\t<\/div>\n\t\t\t\t<\/div>\n\t\t\t\t\t<\/div>\n\t\t\t\t<\/div>\n\t\t\t\t\t<\/div>\n\t\t\t\t<\/div>\n\t\t\t\t<\/div>\n\t\t","protected":false},"excerpt":{"rendered":"<p>Projecte Safe reporting a Gant Context Les lleis federals estableixen que la policia o la fiscalia estan obligades a informar els migrants en situaci\u00f3 de resid\u00e8ncia irregular al servei d&#8217;afers exteriors. Per tant, una v\u00edctima o testimoni que denunci\u00ef un delicte contra un migrant en situaci\u00f3 de resid\u00e8ncia irregular corre el risc que aquesta persona sigui detinguda o que rebi l&#8217;ordre de sortir del pa\u00eds. A nivell local, no existeix cap bona pr\u00e0ctica per abordar aquest problema. Objectius Gent lliurar\u00e0 un informe que inclour\u00e0 una investigaci\u00f3 realitzada per la Universitat de Gant que mapejar\u00e0 els obstacles i la legislaci\u00f3 existent pel que fa al proc\u00e9s administratiu-jur\u00eddic de den\u00fancia. La ciutat de Gant conscienciar\u00e0 sobre el tema dirigint-se als responsables de pol\u00edtiques i mitjan\u00e7ant la formaci\u00f3 de professionals. Socis CAW Oost &#8211; VlaanderenAmal Gent NGOCESSMIR \u2013 Universiteit GentFairwork BelgiumOrbit NGO Eines Informe den\u00fancia segura per a v\u00edctimes en situaci\u00f3 irregular a B\u00e8lgica. [English] FLYER den\u00fancia segura a B\u00e8lgica. Flyer B\u00e8lgica. Contacte maaike.buyst@stad.gent<\/p>\n","protected":false},"author":6,"featured_media":0,"parent":0,"menu_order":0,"comment_status":"closed","ping_status":"closed","template":"","meta":{"footnotes":""},"class_list":["post-1251","page","type-page","status-publish","hentry"],"_links":{"self":[{"href":"https:\/\/www.safereporting.eu\/ca\/wp-json\/wp\/v2\/pages\/1251","targetHints":{"allow":["GET"]}}],"collection":[{"href":"https:\/\/www.safereporting.eu\/ca\/wp-json\/wp\/v2\/pages"}],"about":[{"href":"https:\/\/www.safereporting.eu\/ca\/wp-json\/wp\/v2\/types\/page"}],"author":[{"embeddable":true,"href":"https:\/\/www.safereporting.eu\/ca\/wp-json\/wp\/v2\/users\/6"}],"replies":[{"embeddable":true,"href":"https:\/\/www.safereporting.eu\/ca\/wp-json\/wp\/v2\/comments?post=1251"}],"version-history":[{"count":4,"href":"https:\/\/www.safereporting.eu\/ca\/wp-json\/wp\/v2\/pages\/1251\/revisions"}],"predecessor-version":[{"id":2324,"href":"https:\/\/www.safereporting.eu\/ca\/wp-json\/wp\/v2\/pages\/1251\/revisions\/2324"}],"wp:attachment":[{"href":"https:\/\/www.safereporting.eu\/ca\/wp-json\/wp\/v2\/media?parent=1251"}],"curies":[{"name":"wp","href":"https:\/\/api.w.org\/{rel}","templated":true}]}}