{"id":1248,"date":"2023-07-31T09:51:43","date_gmt":"2023-07-31T09:51:43","guid":{"rendered":"https:\/\/www.safereporting.eu\/safe-utrecht\/"},"modified":"2024-02-13T10:09:24","modified_gmt":"2024-02-13T10:09:24","slug":"safe-utrecht","status":"publish","type":"page","link":"https:\/\/www.safereporting.eu\/ca\/safe-utrecht\/","title":{"rendered":"Safe Utrecht"},"content":{"rendered":"\t\t<div data-elementor-type=\"wp-page\" data-elementor-id=\"1248\" class=\"elementor elementor-1248 elementor-428\">\n\t\t\t\t<div class=\"elementor-element elementor-element-35cfbbe e-flex e-con-boxed e-con e-parent\" data-id=\"35cfbbe\" data-element_type=\"container\" data-settings=\"{&quot;background_background&quot;:&quot;classic&quot;,&quot;content_width&quot;:&quot;boxed&quot;}\" data-core-v316-plus=\"true\">\n\t\t\t\t\t<div class=\"e-con-inner\">\n\t\t<div class=\"elementor-element elementor-element-4182fca e-con-full e-flex e-con e-child\" data-id=\"4182fca\" data-element_type=\"container\" data-settings=\"{&quot;content_width&quot;:&quot;full&quot;}\">\n\t\t\t\t<div class=\"elementor-element elementor-element-7b51e61 elementor-widget elementor-widget-heading\" data-id=\"7b51e61\" data-element_type=\"widget\" data-widget_type=\"heading.default\">\n\t\t\t\t<div class=\"elementor-widget-container\">\n\t\t\t<style>\/*! elementor - v3.19.0 - 07-02-2024 *\/\n.elementor-heading-title{padding:0;margin:0;line-height:1}.elementor-widget-heading .elementor-heading-title[class*=elementor-size-]>a{color:inherit;font-size:inherit;line-height:inherit}.elementor-widget-heading .elementor-heading-title.elementor-size-small{font-size:15px}.elementor-widget-heading .elementor-heading-title.elementor-size-medium{font-size:19px}.elementor-widget-heading .elementor-heading-title.elementor-size-large{font-size:29px}.elementor-widget-heading .elementor-heading-title.elementor-size-xl{font-size:39px}.elementor-widget-heading .elementor-heading-title.elementor-size-xxl{font-size:59px}<\/style><h1 class=\"elementor-heading-title elementor-size-default\">Projecte Safe reporting a<\/h1>\t\t<\/div>\n\t\t\t\t<\/div>\n\t\t\t\t<div class=\"elementor-element elementor-element-839beb7 elementor-widget elementor-widget-heading\" data-id=\"839beb7\" data-element_type=\"widget\" data-widget_type=\"heading.default\">\n\t\t\t\t<div class=\"elementor-widget-container\">\n\t\t\t<h1 class=\"elementor-heading-title elementor-size-default\">Utrecht<\/h1>\t\t<\/div>\n\t\t\t\t<\/div>\n\t\t\t\t<\/div>\n\t\t\t\t\t<\/div>\n\t\t\t\t<\/div>\n\t\t<div class=\"elementor-element elementor-element-02e740b e-flex e-con-boxed e-con e-parent\" data-id=\"02e740b\" data-element_type=\"container\" data-settings=\"{&quot;content_width&quot;:&quot;boxed&quot;}\" data-core-v316-plus=\"true\">\n\t\t\t\t\t<div class=\"e-con-inner\">\n\t\t<div class=\"elementor-element elementor-element-06acc0c safe-content-page e-flex e-con-boxed e-con e-child\" data-id=\"06acc0c\" data-element_type=\"container\" data-settings=\"{&quot;content_width&quot;:&quot;boxed&quot;}\">\n\t\t\t\t\t<div class=\"e-con-inner\">\n\t\t<div class=\"elementor-element elementor-element-797c326 e-flex e-con-boxed e-con e-child\" data-id=\"797c326\" data-element_type=\"container\" data-settings=\"{&quot;content_width&quot;:&quot;boxed&quot;}\">\n\t\t\t\t\t<div class=\"e-con-inner\">\n\t\t\t\t<div class=\"elementor-element elementor-element-efcbd40 elementor-widget elementor-widget-heading\" data-id=\"efcbd40\" data-element_type=\"widget\" data-widget_type=\"heading.default\">\n\t\t\t\t<div class=\"elementor-widget-container\">\n\t\t\t<h2 class=\"elementor-heading-title elementor-size-default\">Context<\/h2>\t\t<\/div>\n\t\t\t\t<\/div>\n\t\t\t\t<div class=\"elementor-element elementor-element-c4dd2cf elementor-widget elementor-widget-text-editor\" data-id=\"c4dd2cf\" data-element_type=\"widget\" data-widget_type=\"text-editor.default\">\n\t\t\t\t<div class=\"elementor-widget-container\">\n\t\t\t<style>\/*! elementor - v3.19.0 - 07-02-2024 *\/\n.elementor-widget-text-editor.elementor-drop-cap-view-stacked .elementor-drop-cap{background-color:#69727d;color:#fff}.elementor-widget-text-editor.elementor-drop-cap-view-framed .elementor-drop-cap{color:#69727d;border:3px solid;background-color:transparent}.elementor-widget-text-editor:not(.elementor-drop-cap-view-default) .elementor-drop-cap{margin-top:8px}.elementor-widget-text-editor:not(.elementor-drop-cap-view-default) .elementor-drop-cap-letter{width:1em;height:1em}.elementor-widget-text-editor .elementor-drop-cap{float:left;text-align:center;line-height:1;font-size:50px}.elementor-widget-text-editor .elementor-drop-cap-letter{display:inline-block}<\/style>\t\t\t\t<p>El procediment de den\u00fancia segura va ser inicialment dirigit a les v\u00edctimes del tr\u00e0fic de persones, per\u00f2 ara tamb\u00e9 est\u00e0 disponible per denunciar delictes com robatoris, delictes relacionats amb el treball, abusos o explotaci\u00f3 laboral, entre altres. No obstant aix\u00f2, l&#8217;exist\u00e8ncia d&#8217;aquest procediment no \u00e9s \u00e0mpliament coneguda als Pa\u00efsos Baixos, ni tan sols a ciutats com Utrecht i Amsterdam, on s&#8217;ha implementat de manera efectiva. D&#8217;una banda, els migrants sense documentaci\u00f3 no coneixen els procediments o simplement tenen massa por de posar-se en contacte amb la policia. D&#8217;altra banda, els agents de policia no el segueixen, ja sigui perqu\u00e8 no en s\u00f3n conscients o perqu\u00e8 veuen les v\u00edctimes com a criminals, cosa que refor\u00e7a la por de les v\u00edctimes a denunciar els delictes que pateixen.<\/p>\n<p>El projecte pilot &#8220;free in, free out&#8221; ha estat una pr\u00e0ctica local d&#8217;\u00e8xit. Garanteix la llibertat dels migrants en situaci\u00f3 irregular per anar a comissaries de policia per denunciar un delicte i sortir de la comissaria sense ser detinguts o acusats. <\/p>\n\t\t\t\t\t\t<\/div>\n\t\t\t\t<\/div>\n\t\t\t\t<div class=\"elementor-element elementor-element-d0f3e3d elementor-widget elementor-widget-heading\" data-id=\"d0f3e3d\" data-element_type=\"widget\" data-widget_type=\"heading.default\">\n\t\t\t\t<div class=\"elementor-widget-container\">\n\t\t\t<h2 class=\"elementor-heading-title elementor-size-default\">Objectius<\/h2>\t\t<\/div>\n\t\t\t\t<\/div>\n\t\t\t\t<div class=\"elementor-element elementor-element-88c22ba elementor-widget elementor-widget-text-editor\" data-id=\"88c22ba\" data-element_type=\"widget\" data-widget_type=\"text-editor.default\">\n\t\t\t\t<div class=\"elementor-widget-container\">\n\t\t\t\t\t\t\t<p>Mitjan\u00e7ant la participaci\u00f3 en el projecte de Den\u00fancia Segura, aspirem a obtenir una millor comprensi\u00f3 de la implementaci\u00f3 de les pol\u00edtiques de den\u00fancia segura i els mecanismes subjacents als Pa\u00efsos Baixos, amb un enfocament espec\u00edfic a Utrecht. La recerca sobre les pol\u00edtiques de den\u00fancia segura a diferents ciutats del nostre pa\u00eds, juntament amb qualsevol coneixement cient\u00edfic disponible sobre aquest tema als Pa\u00efsos Baixos, ens ajudar\u00e0 a adquirir experi\u00e8ncia i construir eines per millorar la den\u00fancia segura de delictes per a una comunitat vulnerable que forma part de la nostra ciutat.<\/p>\n\t\t\t\t\t\t<\/div>\n\t\t\t\t<\/div>\n\t\t\t\t<div class=\"elementor-element elementor-element-452e0d1 elementor-widget elementor-widget-heading\" data-id=\"452e0d1\" data-element_type=\"widget\" data-widget_type=\"heading.default\">\n\t\t\t\t<div class=\"elementor-widget-container\">\n\t\t\t<h2 class=\"elementor-heading-title elementor-size-default\">Socis<\/h2>\t\t<\/div>\n\t\t\t\t<\/div>\n\t\t\t\t<div class=\"elementor-element elementor-element-130858c elementor-widget elementor-widget-text-editor\" data-id=\"130858c\" data-element_type=\"widget\" data-widget_type=\"text-editor.default\">\n\t\t\t\t<div class=\"elementor-widget-container\">\n\t\t\t\t\t\t\t<p>Cos de policia<br \/>ONGS<br \/>Institucions acad\u00e8miques <br \/>Serveis socials <br \/>Altres ajuntaments com per exemple, l\u2019Ajuntament d\u2019Amsterdam.<\/p>\n\t\t\t\t\t\t<\/div>\n\t\t\t\t<\/div>\n\t\t\t\t<div class=\"elementor-element elementor-element-6f48ddc elementor-widget elementor-widget-heading\" data-id=\"6f48ddc\" data-element_type=\"widget\" data-widget_type=\"heading.default\">\n\t\t\t\t<div class=\"elementor-widget-container\">\n\t\t\t<h2 class=\"elementor-heading-title elementor-size-default\">Eines<\/h2>\t\t<\/div>\n\t\t\t\t<\/div>\n\t\t\t\t<div class=\"elementor-element elementor-element-d162d59 resources elementor-widget elementor-widget-text-editor\" data-id=\"d162d59\" data-element_type=\"widget\" data-widget_type=\"text-editor.default\">\n\t\t\t\t<div class=\"elementor-widget-container\">\n\t\t\t\t\t\t\t<p>INFORME Country report about pioneering strategies on safe reporting of crime [<a href=\"https:\/\/www.safereporting.eu\/wp-content\/uploads\/2023\/12\/SR_Report_UTRECHT_EN_002.pdf\">English<\/a>] [<a href=\"https:\/\/www.safereporting.eu\/wp-content\/uploads\/2023\/11\/SR_Report_UTRECHT_NL.pdf\">Nederlands<\/a>]<\/p>\n\t\t\t\t\t\t<\/div>\n\t\t\t\t<\/div>\n\t\t\t\t<div class=\"elementor-element elementor-element-95059fd elementor-widget elementor-widget-heading\" data-id=\"95059fd\" data-element_type=\"widget\" data-widget_type=\"heading.default\">\n\t\t\t\t<div class=\"elementor-widget-container\">\n\t\t\t<h2 class=\"elementor-heading-title elementor-size-default\">Contacte<\/h2>\t\t<\/div>\n\t\t\t\t<\/div>\n\t\t\t\t<div class=\"elementor-element elementor-element-448e4ff elementor-widget elementor-widget-text-editor\" data-id=\"448e4ff\" data-element_type=\"widget\" data-widget_type=\"text-editor.default\">\n\t\t\t\t<div class=\"elementor-widget-container\">\n\t\t\t\t\t\t\t<p>kelly.bezema@utrecht.nl<\/p>\n\t\t\t\t\t\t<\/div>\n\t\t\t\t<\/div>\n\t\t\t\t\t<\/div>\n\t\t\t\t<\/div>\n\t\t\t\t\t<\/div>\n\t\t\t\t<\/div>\n\t\t\t\t\t<\/div>\n\t\t\t\t<\/div>\n\t\t\t\t<\/div>\n\t\t","protected":false},"excerpt":{"rendered":"<p>Projecte Safe reporting a Utrecht Context El procediment de den\u00fancia segura va ser inicialment dirigit a les v\u00edctimes del tr\u00e0fic de persones, per\u00f2 ara tamb\u00e9 est\u00e0 disponible per denunciar delictes com robatoris, delictes relacionats amb el treball, abusos o explotaci\u00f3 laboral, entre altres. No obstant aix\u00f2, l&#8217;exist\u00e8ncia d&#8217;aquest procediment no \u00e9s \u00e0mpliament coneguda als Pa\u00efsos Baixos, ni tan sols a ciutats com Utrecht i Amsterdam, on s&#8217;ha implementat de manera efectiva. D&#8217;una banda, els migrants sense documentaci\u00f3 no coneixen els procediments o simplement tenen massa por de posar-se en contacte amb la policia. D&#8217;altra banda, els agents de policia no el segueixen, ja sigui perqu\u00e8 no en s\u00f3n conscients o perqu\u00e8 veuen les v\u00edctimes com a criminals, cosa que refor\u00e7a la por de les v\u00edctimes a denunciar els delictes que pateixen. El projecte pilot &#8220;free in, free out&#8221; ha estat una pr\u00e0ctica local d&#8217;\u00e8xit. Garanteix la llibertat dels migrants en situaci\u00f3 irregular per anar a comissaries de policia per denunciar un delicte i sortir de la comissaria sense ser detinguts o acusats. Objectius Mitjan\u00e7ant la participaci\u00f3 en el projecte de Den\u00fancia Segura, aspirem a obtenir una millor comprensi\u00f3 de la implementaci\u00f3 de les pol\u00edtiques de den\u00fancia segura i els mecanismes subjacents als Pa\u00efsos Baixos, amb un enfocament espec\u00edfic a Utrecht. La recerca sobre les pol\u00edtiques de den\u00fancia segura a diferents ciutats del nostre pa\u00eds, juntament amb qualsevol coneixement cient\u00edfic disponible sobre aquest tema als Pa\u00efsos Baixos, ens ajudar\u00e0 a adquirir experi\u00e8ncia i construir eines per millorar la den\u00fancia segura de delictes per a una comunitat vulnerable que forma part de la nostra ciutat. Socis Cos de policiaONGSInstitucions acad\u00e8miques Serveis socials Altres ajuntaments com per exemple, l\u2019Ajuntament d\u2019Amsterdam. Eines INFORME Country report about pioneering strategies on safe reporting of crime [English] [Nederlands] Contacte kelly.bezema@utrecht.nl<\/p>\n","protected":false},"author":5,"featured_media":0,"parent":0,"menu_order":0,"comment_status":"closed","ping_status":"closed","template":"","meta":{"footnotes":""},"class_list":["post-1248","page","type-page","status-publish","hentry"],"_links":{"self":[{"href":"https:\/\/www.safereporting.eu\/ca\/wp-json\/wp\/v2\/pages\/1248","targetHints":{"allow":["GET"]}}],"collection":[{"href":"https:\/\/www.safereporting.eu\/ca\/wp-json\/wp\/v2\/pages"}],"about":[{"href":"https:\/\/www.safereporting.eu\/ca\/wp-json\/wp\/v2\/types\/page"}],"author":[{"embeddable":true,"href":"https:\/\/www.safereporting.eu\/ca\/wp-json\/wp\/v2\/users\/5"}],"replies":[{"embeddable":true,"href":"https:\/\/www.safereporting.eu\/ca\/wp-json\/wp\/v2\/comments?post=1248"}],"version-history":[{"count":9,"href":"https:\/\/www.safereporting.eu\/ca\/wp-json\/wp\/v2\/pages\/1248\/revisions"}],"predecessor-version":[{"id":2006,"href":"https:\/\/www.safereporting.eu\/ca\/wp-json\/wp\/v2\/pages\/1248\/revisions\/2006"}],"wp:attachment":[{"href":"https:\/\/www.safereporting.eu\/ca\/wp-json\/wp\/v2\/media?parent=1248"}],"curies":[{"name":"wp","href":"https:\/\/api.w.org\/{rel}","templated":true}]}}