{"id":1246,"date":"2023-07-31T09:50:43","date_gmt":"2023-07-31T09:50:43","guid":{"rendered":"https:\/\/www.safereporting.eu\/safe-mila\/"},"modified":"2023-11-16T15:17:24","modified_gmt":"2023-11-16T15:17:24","slug":"safe-mila","status":"publish","type":"page","link":"https:\/\/www.safereporting.eu\/ca\/safe-mila\/","title":{"rendered":"Mil\u00e0"},"content":{"rendered":"\t\t<div data-elementor-type=\"wp-page\" data-elementor-id=\"1246\" class=\"elementor elementor-1246 elementor-423\">\n\t\t\t\t<div class=\"elementor-element elementor-element-35cfbbe e-flex e-con-boxed e-con e-parent\" data-id=\"35cfbbe\" data-element_type=\"container\" data-settings=\"{&quot;background_background&quot;:&quot;classic&quot;,&quot;content_width&quot;:&quot;boxed&quot;}\" data-core-v316-plus=\"true\">\n\t\t\t\t\t<div class=\"e-con-inner\">\n\t\t<div class=\"elementor-element elementor-element-4182fca e-con-full e-flex e-con e-parent\" data-id=\"4182fca\" data-element_type=\"container\" data-settings=\"{&quot;content_width&quot;:&quot;full&quot;}\" data-core-v316-plus=\"true\">\n\t\t\t\t<div class=\"elementor-element elementor-element-7b51e61 elementor-widget elementor-widget-heading\" data-id=\"7b51e61\" data-element_type=\"widget\" data-widget_type=\"heading.default\">\n\t\t\t\t<div class=\"elementor-widget-container\">\n\t\t\t<style>\/*! elementor - v3.19.0 - 07-02-2024 *\/\n.elementor-heading-title{padding:0;margin:0;line-height:1}.elementor-widget-heading .elementor-heading-title[class*=elementor-size-]>a{color:inherit;font-size:inherit;line-height:inherit}.elementor-widget-heading .elementor-heading-title.elementor-size-small{font-size:15px}.elementor-widget-heading .elementor-heading-title.elementor-size-medium{font-size:19px}.elementor-widget-heading .elementor-heading-title.elementor-size-large{font-size:29px}.elementor-widget-heading .elementor-heading-title.elementor-size-xl{font-size:39px}.elementor-widget-heading .elementor-heading-title.elementor-size-xxl{font-size:59px}<\/style><h1 class=\"elementor-heading-title elementor-size-default\">Projecte Safe reporting a<\/h1>\t\t<\/div>\n\t\t\t\t<\/div>\n\t\t\t\t<div class=\"elementor-element elementor-element-839beb7 elementor-widget elementor-widget-heading\" data-id=\"839beb7\" data-element_type=\"widget\" data-widget_type=\"heading.default\">\n\t\t\t\t<div class=\"elementor-widget-container\">\n\t\t\t<h1 class=\"elementor-heading-title elementor-size-default\">Mil\u00e0<\/h1>\t\t<\/div>\n\t\t\t\t<\/div>\n\t\t\t\t<\/div>\n\t\t\t\t\t<\/div>\n\t\t\t\t<\/div>\n\t\t<div class=\"elementor-element elementor-element-02e740b e-flex e-con-boxed e-con e-parent\" data-id=\"02e740b\" data-element_type=\"container\" data-settings=\"{&quot;content_width&quot;:&quot;boxed&quot;}\" data-core-v316-plus=\"true\">\n\t\t\t\t\t<div class=\"e-con-inner\">\n\t\t<div class=\"elementor-element elementor-element-06acc0c safe-content-page e-flex e-con-boxed e-con e-parent\" data-id=\"06acc0c\" data-element_type=\"container\" data-settings=\"{&quot;content_width&quot;:&quot;boxed&quot;}\" data-core-v316-plus=\"true\">\n\t\t\t\t\t<div class=\"e-con-inner\">\n\t\t<div class=\"elementor-element elementor-element-797c326 e-flex e-con-boxed e-con e-parent\" data-id=\"797c326\" data-element_type=\"container\" data-settings=\"{&quot;content_width&quot;:&quot;boxed&quot;}\" data-core-v316-plus=\"true\">\n\t\t\t\t\t<div class=\"e-con-inner\">\n\t\t\t\t<div class=\"elementor-element elementor-element-efcbd40 elementor-widget elementor-widget-heading\" data-id=\"efcbd40\" data-element_type=\"widget\" data-widget_type=\"heading.default\">\n\t\t\t\t<div class=\"elementor-widget-container\">\n\t\t\t<h2 class=\"elementor-heading-title elementor-size-default\">Context<\/h2>\t\t<\/div>\n\t\t\t\t<\/div>\n\t\t\t\t<div class=\"elementor-element elementor-element-c4dd2cf elementor-widget elementor-widget-text-editor\" data-id=\"c4dd2cf\" data-element_type=\"widget\" data-widget_type=\"text-editor.default\">\n\t\t\t\t<div class=\"elementor-widget-container\">\n\t\t\t<style>\/*! elementor - v3.19.0 - 07-02-2024 *\/\n.elementor-widget-text-editor.elementor-drop-cap-view-stacked .elementor-drop-cap{background-color:#69727d;color:#fff}.elementor-widget-text-editor.elementor-drop-cap-view-framed .elementor-drop-cap{color:#69727d;border:3px solid;background-color:transparent}.elementor-widget-text-editor:not(.elementor-drop-cap-view-default) .elementor-drop-cap{margin-top:8px}.elementor-widget-text-editor:not(.elementor-drop-cap-view-default) .elementor-drop-cap-letter{width:1em;height:1em}.elementor-widget-text-editor .elementor-drop-cap{float:left;text-align:center;line-height:1;font-size:50px}.elementor-widget-text-editor .elementor-drop-cap-letter{display:inline-block}<\/style>\t\t\t\t<p>La legislaci\u00f3 italiana castiga qualsevol estranger que entri o romangui al territori de l&#8217;Estat amb estatus irregular, i tant els agents de policia com els funcionaris tenen el deure de denunciar la seva situaci\u00f3 ja que t\u00e9 rellev\u00e0ncia penal. Al mateix temps, existeix un sistema de protecci\u00f3 basat en permisos de resid\u00e8ncia especials per a v\u00edctimes de determinats delictes amb estatus irregular, que s\u00f3n alhora criminalitzades com a migrants irregulars i protegides com a v\u00edctimes de delictes. No obstant aix\u00f2, la por de ser denunciats pot portar a la desconfian\u00e7a dels migrants a l&#8217;hora d&#8217;acostar-se a les autoritats p\u00fabliques. Els serveis socials a It\u00e0lia juguen un paper clau en el suport a les v\u00edctimes de delictes amb estatus migratori irregular. Estableixen un canal de den\u00fancia segura a trav\u00e9s del qual els migrants poden accedir a rutes d&#8217;inclusi\u00f3 que condueixen a un perm\u00eds de resid\u00e8ncia fins i tot sense acostar-se a les autoritats p\u00fabliques. La seva activitat est\u00e0 relacionada amb migrants que compleixen els requisits per a l&#8217;expedici\u00f3 d&#8217;un perm\u00eds especial per raons de protecci\u00f3 especial o permisos especials per a casos de viol\u00e8ncia dom\u00e8stica. Adopten un enfocament multiag\u00e8ncia que implica la comissi\u00f3 territorial d&#8217;asil, actors institucionals, ONG i col\u00b7laboren en la detecci\u00f3 de situacions de viol\u00e8ncia contra els migrants. El programa de protecci\u00f3 implica l&#8217;organitzaci\u00f3 d&#8217;allotjament, recepci\u00f3 inicial, alfabetitzaci\u00f3 i classes d&#8217;itali\u00e0.<\/p>\n\t\t\t\t\t\t<\/div>\n\t\t\t\t<\/div>\n\t\t\t\t<div class=\"elementor-element elementor-element-d0f3e3d elementor-widget elementor-widget-heading\" data-id=\"d0f3e3d\" data-element_type=\"widget\" data-widget_type=\"heading.default\">\n\t\t\t\t<div class=\"elementor-widget-container\">\n\t\t\t<h2 class=\"elementor-heading-title elementor-size-default\">Objectius<\/h2>\t\t<\/div>\n\t\t\t\t<\/div>\n\t\t\t\t<div class=\"elementor-element elementor-element-88c22ba elementor-widget elementor-widget-text-editor\" data-id=\"88c22ba\" data-element_type=\"widget\" data-widget_type=\"text-editor.default\">\n\t\t\t\t<div class=\"elementor-widget-container\">\n\t\t\t\t\t\t\t<p>L&#8217;objectiu d&#8217;aquest estudi \u00e9s promoure l&#8217;acc\u00e9s igualitari a la just\u00edcia per a les v\u00edctimes amb estatus migratori irregular, augmentar la consci\u00e8ncia sobre el problema i destacar les solucions disponibles. Es realitzar\u00e0 una recerca explorat\u00f2ria en profunditat a Mil\u00e0 i una campanya de comunicaci\u00f3 local sobre els resultats de la recerca dirigida als migrants, les ONG i les institucions, tamb\u00e9 amb la perspectiva d&#8217;establir col\u00b7laboracions locals per a opcions de den\u00fancia segura.<\/p>\n<p>El projecte presta una atenci\u00f3 especial a les dones migrants en situaci\u00f3 irregular, que estan particularment exposades a diverses formes de viol\u00e8ncia de g\u00e8nere (com la viol\u00e8ncia f\u00edsica, l&#8217;explotaci\u00f3 i ab\u00fas sexual, la mutilaci\u00f3 genital femenina, els matrimonis for\u00e7ats&#8230;) i el tr\u00e0fic de persones. No obstant aix\u00f2, els beneficis pr\u00e0ctics del projecte abasten a tots els migrants en situaci\u00f3 irregular, aix\u00ed com a les ONG, les autoritats municipals, els agents de policia i altres actors com advocats i treballadors de les ONG.<\/p>\n\t\t\t\t\t\t<\/div>\n\t\t\t\t<\/div>\n\t\t\t\t<div class=\"elementor-element elementor-element-452e0d1 elementor-widget elementor-widget-heading\" data-id=\"452e0d1\" data-element_type=\"widget\" data-widget_type=\"heading.default\">\n\t\t\t\t<div class=\"elementor-widget-container\">\n\t\t\t<h2 class=\"elementor-heading-title elementor-size-default\">Socis<\/h2>\t\t<\/div>\n\t\t\t\t<\/div>\n\t\t\t\t<div class=\"elementor-element elementor-element-130858c elementor-widget elementor-widget-text-editor\" data-id=\"130858c\" data-element_type=\"widget\" data-widget_type=\"text-editor.default\">\n\t\t\t\t<div class=\"elementor-widget-container\">\n\t\t\t\t\t\t\t<p><a href=\"https:\/\/www.unimi.it\/en\" target=\"_blank\" style=\"text-align: var(--text-align); background-color: rgb(255, 255, 255);\">Universit\u00e0 Degli Studi di Milano<\/a><br \/><a href=\"https:\/\/www.comune.milano.it\/\" target=\"_blank\">Ajuntament de Mil\u00e0 &nbsp;<\/a><a href=\"https:\/\/www.cooplotta.org\/\" target=\"_blank\">Cooperativa Lotta contro l&#8217;emarginazione CLcE<\/a><\/p>\n\t\t\t\t\t\t<\/div>\n\t\t\t\t<\/div>\n\t\t\t\t<div class=\"elementor-element elementor-element-6f48ddc elementor-widget elementor-widget-heading\" data-id=\"6f48ddc\" data-element_type=\"widget\" data-widget_type=\"heading.default\">\n\t\t\t\t<div class=\"elementor-widget-container\">\n\t\t\t<h2 class=\"elementor-heading-title elementor-size-default\">Eines<\/h2>\t\t<\/div>\n\t\t\t\t<\/div>\n\t\t\t\t<div class=\"elementor-element elementor-element-d162d59 resources elementor-widget elementor-widget-text-editor\" data-id=\"d162d59\" data-element_type=\"widget\" data-widget_type=\"text-editor.default\">\n\t\t\t\t<div class=\"elementor-widget-container\">\n\t\t\t\t\t\t\t<p>INFORME L&#8217;accesso alla giustizia per le vittime di reato con status migratorio irregolare in Italia: Percorsi di denuncia sicura nella citt\u00e0 di Milano [<a href=\"https:\/\/www.safereporting.eu\/wp-content\/uploads\/2023\/11\/SR_Report_MILANO_IT.pdf\">Italiano<\/a>] [<a href=\"https:\/\/www.safereporting.eu\/wp-content\/uploads\/2023\/11\/SR_Report_MILANO_EN.pdf\">English<\/a>] <\/p>\n\t\t\t\t\t\t<\/div>\n\t\t\t\t<\/div>\n\t\t\t\t<div class=\"elementor-element elementor-element-95059fd elementor-widget elementor-widget-heading\" data-id=\"95059fd\" data-element_type=\"widget\" data-widget_type=\"heading.default\">\n\t\t\t\t<div class=\"elementor-widget-container\">\n\t\t\t<h2 class=\"elementor-heading-title elementor-size-default\">Contacte<\/h2>\t\t<\/div>\n\t\t\t\t<\/div>\n\t\t\t\t<div class=\"elementor-element elementor-element-448e4ff elementor-widget elementor-widget-text-editor\" data-id=\"448e4ff\" data-element_type=\"widget\" data-widget_type=\"text-editor.default\">\n\t\t\t\t<div class=\"elementor-widget-container\">\n\t\t\t\t\t\t\t<p>marco.scoletta@unimi.it <br \/>sara.taverriti@unimi.it <br \/>francesca.vitarelli@unimi.it <\/p>\n\t\t\t\t\t\t<\/div>\n\t\t\t\t<\/div>\n\t\t\t\t\t<\/div>\n\t\t\t\t<\/div>\n\t\t\t\t\t<\/div>\n\t\t\t\t<\/div>\n\t\t\t\t\t<\/div>\n\t\t\t\t<\/div>\n\t\t\t\t<\/div>\n\t\t","protected":false},"excerpt":{"rendered":"<p>Projecte Safe reporting a Mil\u00e0 Context La legislaci\u00f3 italiana castiga qualsevol estranger que entri o romangui al territori de l&#8217;Estat amb estatus irregular, i tant els agents de policia com els funcionaris tenen el deure de denunciar la seva situaci\u00f3 ja que t\u00e9 rellev\u00e0ncia penal. Al mateix temps, existeix un sistema de protecci\u00f3 basat en permisos de resid\u00e8ncia especials per a v\u00edctimes de determinats delictes amb estatus irregular, que s\u00f3n alhora criminalitzades com a migrants irregulars i protegides com a v\u00edctimes de delictes. No obstant aix\u00f2, la por de ser denunciats pot portar a la desconfian\u00e7a dels migrants a l&#8217;hora d&#8217;acostar-se a les autoritats p\u00fabliques. Els serveis socials a It\u00e0lia juguen un paper clau en el suport a les v\u00edctimes de delictes amb estatus migratori irregular. Estableixen un canal de den\u00fancia segura a trav\u00e9s del qual els migrants poden accedir a rutes d&#8217;inclusi\u00f3 que condueixen a un perm\u00eds de resid\u00e8ncia fins i tot sense acostar-se a les autoritats p\u00fabliques. La seva activitat est\u00e0 relacionada amb migrants que compleixen els requisits per a l&#8217;expedici\u00f3 d&#8217;un perm\u00eds especial per raons de protecci\u00f3 especial o permisos especials per a casos de viol\u00e8ncia dom\u00e8stica. Adopten un enfocament multiag\u00e8ncia que implica la comissi\u00f3 territorial d&#8217;asil, actors institucionals, ONG i col\u00b7laboren en la detecci\u00f3 de situacions de viol\u00e8ncia contra els migrants. El programa de protecci\u00f3 implica l&#8217;organitzaci\u00f3 d&#8217;allotjament, recepci\u00f3 inicial, alfabetitzaci\u00f3 i classes d&#8217;itali\u00e0. Objectius L&#8217;objectiu d&#8217;aquest estudi \u00e9s promoure l&#8217;acc\u00e9s igualitari a la just\u00edcia per a les v\u00edctimes amb estatus migratori irregular, augmentar la consci\u00e8ncia sobre el problema i destacar les solucions disponibles. Es realitzar\u00e0 una recerca explorat\u00f2ria en profunditat a Mil\u00e0 i una campanya de comunicaci\u00f3 local sobre els resultats de la recerca dirigida als migrants, les ONG i les institucions, tamb\u00e9 amb la perspectiva d&#8217;establir col\u00b7laboracions locals per a opcions de den\u00fancia segura. El projecte presta una atenci\u00f3 especial a les dones migrants en situaci\u00f3 irregular, que estan particularment exposades a diverses formes de viol\u00e8ncia de g\u00e8nere (com la viol\u00e8ncia f\u00edsica, l&#8217;explotaci\u00f3 i ab\u00fas sexual, la mutilaci\u00f3 genital femenina, els matrimonis for\u00e7ats&#8230;) i el tr\u00e0fic de persones. No obstant aix\u00f2, els beneficis pr\u00e0ctics del projecte abasten a tots els migrants en situaci\u00f3 irregular, aix\u00ed com a les ONG, les autoritats municipals, els agents de policia i altres actors com advocats i treballadors de les ONG. Socis Universit\u00e0 Degli Studi di MilanoAjuntament de Mil\u00e0 &nbsp;Cooperativa Lotta contro l&#8217;emarginazione CLcE Eines INFORME L&#8217;accesso alla giustizia per le vittime di reato con status migratorio irregolare in Italia: Percorsi di denuncia sicura nella citt\u00e0 di Milano [Italiano] [English] Contacte marco.scoletta@unimi.it sara.taverriti@unimi.it francesca.vitarelli@unimi.it<\/p>\n","protected":false},"author":4,"featured_media":0,"parent":0,"menu_order":0,"comment_status":"closed","ping_status":"closed","template":"","meta":{"footnotes":""},"class_list":["post-1246","page","type-page","status-publish","hentry"],"_links":{"self":[{"href":"https:\/\/www.safereporting.eu\/ca\/wp-json\/wp\/v2\/pages\/1246","targetHints":{"allow":["GET"]}}],"collection":[{"href":"https:\/\/www.safereporting.eu\/ca\/wp-json\/wp\/v2\/pages"}],"about":[{"href":"https:\/\/www.safereporting.eu\/ca\/wp-json\/wp\/v2\/types\/page"}],"author":[{"embeddable":true,"href":"https:\/\/www.safereporting.eu\/ca\/wp-json\/wp\/v2\/users\/4"}],"replies":[{"embeddable":true,"href":"https:\/\/www.safereporting.eu\/ca\/wp-json\/wp\/v2\/comments?post=1246"}],"version-history":[{"count":3,"href":"https:\/\/www.safereporting.eu\/ca\/wp-json\/wp\/v2\/pages\/1246\/revisions"}],"predecessor-version":[{"id":1340,"href":"https:\/\/www.safereporting.eu\/ca\/wp-json\/wp\/v2\/pages\/1246\/revisions\/1340"}],"wp:attachment":[{"href":"https:\/\/www.safereporting.eu\/ca\/wp-json\/wp\/v2\/media?parent=1246"}],"curies":[{"name":"wp","href":"https:\/\/api.w.org\/{rel}","templated":true}]}}